{"id":41645,"date":"2024-07-08T09:33:18","date_gmt":"2024-07-08T07:33:18","guid":{"rendered":"https:\/\/www.144.ch\/chi-siamo\/strategie\/"},"modified":"2024-07-08T11:47:23","modified_gmt":"2024-07-08T09:47:23","slug":"strategia","status":"publish","type":"page","link":"https:\/\/www.144.ch\/it\/chi-siamo\/strategia\/","title":{"rendered":"Strategia"},"content":{"rendered":"<div id='av_section_1'  class='avia-section av-q5lck3-30b414b2a230d5dc8a65aee36816fa14 main_color avia-section-huge avia-no-border-styling  avia-builder-el-0  avia-builder-el-no-sibling  avia-bg-style-scroll container_wrap fullsize'  ><div class='container av-section-cont-open' ><main  class='template-page content  av-content-full alpha units'><div class='post-entry post-entry-type-page post-entry-41645'><div class='entry-content-wrapper clearfix'>\n\n<style type=\"text\/css\" data-created_by=\"avia_inline_auto\" id=\"style-css-av-ogzfsz-98c7edb68ddfde3860e73529c098b5f9\">\n#top .av-special-heading.av-ogzfsz-98c7edb68ddfde3860e73529c098b5f9{\npadding-bottom:10px;\n}\nbody .av-special-heading.av-ogzfsz-98c7edb68ddfde3860e73529c098b5f9 .av-special-heading-tag .heading-char{\nfont-size:25px;\n}\n.av-special-heading.av-ogzfsz-98c7edb68ddfde3860e73529c098b5f9 .av-subheading{\nfont-size:15px;\n}\n<\/style>\n<div  class='av-special-heading av-ogzfsz-98c7edb68ddfde3860e73529c098b5f9 av-special-heading-h1 blockquote modern-quote modern-centered  avia-builder-el-1  el_before_av_hr  avia-builder-el-first  av-thin-font'><h1 class='av-special-heading-tag '  ><strong>Strategia<\/strong><\/h1><div class='av-subheading av-subheading_below'><p>Strategia IAS Processo di sviluppo<\/p>\n<\/div><div class=\"special-heading-border\"><div class=\"special-heading-inner-border\"><\/div><\/div><\/div>\n\n<style type=\"text\/css\" data-created_by=\"avia_inline_auto\" id=\"style-css-av-kb6hhq2e-5f01e2832e0fe7b037c5d305d08a713a\">\n#top .hr.av-kb6hhq2e-5f01e2832e0fe7b037c5d305d08a713a{\nmargin-top:30px;\nmargin-bottom:30px;\n}\n.hr.av-kb6hhq2e-5f01e2832e0fe7b037c5d305d08a713a .hr-inner{\nwidth:100px;\nborder-color:#0e0e0e;\nmax-width:45%;\n}\n.hr.av-kb6hhq2e-5f01e2832e0fe7b037c5d305d08a713a .av-seperator-icon{\ncolor:#0e0e0e;\n}\n.hr.av-kb6hhq2e-5f01e2832e0fe7b037c5d305d08a713a .av-seperator-icon.avia-svg-icon svg:first-child{\nfill:#0e0e0e;\nstroke:#0e0e0e;\n}\n<\/style>\n<div  class='hr av-kb6hhq2e-5f01e2832e0fe7b037c5d305d08a713a hr-custom  avia-builder-el-2  el_after_av_heading  el_before_av_one_full  hr-center hr-icon-yes'><span class='hr-inner inner-border-av-border-fat'><span class=\"hr-inner-style\"><\/span><\/span><span class='av-seperator-icon avia-iconfont avia-font-entypo-fontello' data-av_icon='\ue817' data-av_iconfont='entypo-fontello' ><\/span><span class='hr-inner inner-border-av-border-fat'><span class=\"hr-inner-style\"><\/span><\/span><\/div>\n\n<style type=\"text\/css\" data-created_by=\"avia_inline_auto\" id=\"style-css-av-kb6wq2hy-d61931e081426d3da9bd0527f7d391ca\">\n#top .flex_column.av-kb6wq2hy-d61931e081426d3da9bd0527f7d391ca{\nmargin-top:30px;\nmargin-bottom:0px;\n}\n.flex_column.av-kb6wq2hy-d61931e081426d3da9bd0527f7d391ca{\nborder-radius:0px 0px 0px 0px;\npadding:0px 0px 0px 0px;\n}\n.responsive #top #wrap_all .flex_column.av-kb6wq2hy-d61931e081426d3da9bd0527f7d391ca{\nmargin-top:30px;\nmargin-bottom:0px;\n}\n<\/style>\n<div  class='flex_column av-kb6wq2hy-d61931e081426d3da9bd0527f7d391ca av_one_full  avia-builder-el-3  el_after_av_hr  avia-builder-el-last  first flex_column_div av-animated-generic left-to-right av-zero-column-padding  '     ><div  class='av-alb-blogposts template-blog  av-blog-meta-author-disabled av-blog-meta-comments-disabled av-blog-meta-category-disabled av-blog-meta-tag-disabled ' ><article class=\"post-entry post-entry-type-standard post-entry-48034 post-loop-1 post-parity-odd single-small  post-48034 post type-post status-publish format-standard hentry category-strategia\" ><div class=\"blog-meta\"><a href='https:\/\/www.144.ch\/it\/costruire-insieme-il-futuro-del-sistema-di-soccorso-svizzero\/' class='small-preview'  title=\"Costruire insieme il futuro del sistema di soccorso svizzero\"  ><span class='iconfont avia-svg-icon avia-font-svg_entypo-fontello' data-av_svg_icon='pencil' data-av_iconset='svg_entypo-fontello' ><svg version=\"1.1\" xmlns=\"http:\/\/www.w3.org\/2000\/svg\" width=\"25\" height=\"32\" viewBox=\"0 0 25 32\" preserveAspectRatio=\"xMidYMid meet\" role=\"graphics-symbol\" aria-hidden=\"true\">\n<path d=\"M22.976 5.44q1.024 1.024 1.504 2.048t0.48 1.536v0.512l-8.064 8.064-9.28 9.216-7.616 1.664 1.6-7.68 9.28-9.216 8.064-8.064q1.728-0.384 4.032 1.92zM7.168 25.92l0.768-0.768q-0.064-1.408-1.664-3.008-0.704-0.704-1.44-1.12t-1.12-0.416l-0.448-0.064-0.704 0.768-0.576 2.56q0.896 0.512 1.472 1.088 0.768 0.768 1.152 1.536z\"><\/path>\n<\/svg><\/span><\/a><\/div><div class='entry-content-wrapper clearfix standard-content'><header class=\"entry-content-header\" aria-label=\"Post: Costruire insieme il futuro del sistema di soccorso svizzero\"><div class=\"av-heading-wrapper\"><h2 class='post-title entry-title ' ><a href=\"https:\/\/www.144.ch\/it\/costruire-insieme-il-futuro-del-sistema-di-soccorso-svizzero\/\" rel=\"bookmark\" title=\"Link Permanente: Costruire insieme il futuro del sistema di soccorso svizzero\">Costruire insieme il futuro del sistema di soccorso svizzero<span class=\"post-format-icon minor-meta\"><\/span><\/a><\/h2><span class=\"blog-categories minor-meta\"><a href=\"https:\/\/www.144.ch\/it\/category\/strategia\/\" rel=\"tag\">Strategia<\/a><\/span><\/div><\/header><span class=\"av-vertical-delimiter\"><\/span><div class=\"entry-content\" ><p>Durante l\u2019Assemblea generale 2026, il plenum ha approvato la visione proposta e il relativo posizionamento dell\u2019IAS. \u00c8 stato cos\u00ec posto il fondamento per l\u2019orientamento futuro. L\u2019elevata partecipazione alla consultazione dimostra l\u2019importanza del tema e il forte sostegno alla direzione scelta. Il Comitato discuter\u00e0 ora i pacchetti di misure previsti. \u00c8 importante sottolineare che l\u2019IAS pu\u00f2 [&hellip;]<\/p>\n<div class=\"read-more-link\"><a href=\"https:\/\/www.144.ch\/it\/costruire-insieme-il-futuro-del-sistema-di-soccorso-svizzero\/\" class=\"more-link\">Continua a leggere<span class='more-link-arrow avia-svg-icon avia-font-svg_entypo-fontello' data-av_svg_icon='right-open-big' data-av_iconset='svg_entypo-fontello'><svg version=\"1.1\" xmlns=\"http:\/\/www.w3.org\/2000\/svg\" width=\"15\" height=\"32\" viewBox=\"0 0 15 32\" preserveAspectRatio=\"xMidYMid meet\" role=\"graphics-symbol\" aria-hidden=\"true\">\n<path d=\"M0.416 27.84l11.456-11.84-11.456-11.904q-0.832-0.832 0-1.536 0.832-0.832 1.536 0l12.544 12.608q0.768 0.832 0 1.6l-12.544 12.608q-0.704 0.832-1.536 0-0.832-0.704 0-1.536z\"><\/path>\n<\/svg><\/span><\/a><\/div>\n<\/div><span class=\"post-meta-infos\"><time class=\"date-container minor-meta updated\" >10. Maggio 2026<\/time><\/span><footer class=\"entry-footer\"><\/footer><div class='post_delimiter'><\/div><\/div><div class=\"post_author_timeline\"><\/div><\/article><article class=\"post-entry post-entry-type-standard post-entry-45032 post-loop-2 post-parity-even single-small  post-45032 post type-post status-publish format-standard hentry category-strategia\" ><div class=\"blog-meta\"><a href='https:\/\/www.144.ch\/it\/die-vernehmlassung-zur-vision-rettungswesen-schweiz-2034-ist-lanciert\/' class='small-preview'  title=\"\u00c8 stata avviata la consultazione sulla Visione del sistema di soccorso svizzero 2034\"  ><span class='iconfont avia-svg-icon avia-font-svg_entypo-fontello' data-av_svg_icon='pencil' data-av_iconset='svg_entypo-fontello' ><svg version=\"1.1\" xmlns=\"http:\/\/www.w3.org\/2000\/svg\" width=\"25\" height=\"32\" viewBox=\"0 0 25 32\" preserveAspectRatio=\"xMidYMid meet\" role=\"graphics-symbol\" aria-hidden=\"true\">\n<path d=\"M22.976 5.44q1.024 1.024 1.504 2.048t0.48 1.536v0.512l-8.064 8.064-9.28 9.216-7.616 1.664 1.6-7.68 9.28-9.216 8.064-8.064q1.728-0.384 4.032 1.92zM7.168 25.92l0.768-0.768q-0.064-1.408-1.664-3.008-0.704-0.704-1.44-1.12t-1.12-0.416l-0.448-0.064-0.704 0.768-0.576 2.56q0.896 0.512 1.472 1.088 0.768 0.768 1.152 1.536z\"><\/path>\n<\/svg><\/span><\/a><\/div><div class='entry-content-wrapper clearfix standard-content'><header class=\"entry-content-header\" aria-label=\"Post: \u00c8 stata avviata la consultazione sulla Visione del sistema di soccorso svizzero 2034\"><div class=\"av-heading-wrapper\"><h2 class='post-title entry-title ' ><a href=\"https:\/\/www.144.ch\/it\/die-vernehmlassung-zur-vision-rettungswesen-schweiz-2034-ist-lanciert\/\" rel=\"bookmark\" title=\"Link Permanente: \u00c8 stata avviata la consultazione sulla Visione del sistema di soccorso svizzero 2034\">\u00c8 stata avviata la consultazione sulla Visione del sistema di soccorso svizzero 2034<span class=\"post-format-icon minor-meta\"><\/span><\/a><\/h2><span class=\"blog-categories minor-meta\"><a href=\"https:\/\/www.144.ch\/it\/category\/strategia\/\" rel=\"tag\">Strategia<\/a><\/span><\/div><\/header><span class=\"av-vertical-delimiter\"><\/span><div class=\"entry-content\" ><p>\u00c8 stata avviata la consultazione sulla Visione del sistema di soccorso svizzero 2034. Tutti gli interessati sono invitati a esprimere la propria opinione sul progetto. A tal fine \u00e8 stato predisposto un sondaggio online. Dopo aver visionato il documento Visione del sistema di soccorso svizzero 2034 ci interessa sapere come viene percepito il contenuto, se [&hellip;]<\/p>\n<div class=\"read-more-link\"><a href=\"https:\/\/www.144.ch\/it\/die-vernehmlassung-zur-vision-rettungswesen-schweiz-2034-ist-lanciert\/\" class=\"more-link\">Continua a leggere<span class='more-link-arrow avia-svg-icon avia-font-svg_entypo-fontello' data-av_svg_icon='right-open-big' data-av_iconset='svg_entypo-fontello'><svg version=\"1.1\" xmlns=\"http:\/\/www.w3.org\/2000\/svg\" width=\"15\" height=\"32\" viewBox=\"0 0 15 32\" preserveAspectRatio=\"xMidYMid meet\" role=\"graphics-symbol\" aria-hidden=\"true\">\n<path d=\"M0.416 27.84l11.456-11.84-11.456-11.904q-0.832-0.832 0-1.536 0.832-0.832 1.536 0l12.544 12.608q0.768 0.832 0 1.6l-12.544 12.608q-0.704 0.832-1.536 0-0.832-0.704 0-1.536z\"><\/path>\n<\/svg><\/span><\/a><\/div>\n<\/div><span class=\"post-meta-infos\"><time class=\"date-container minor-meta updated\" >11. Agosto 2025<\/time><\/span><footer class=\"entry-footer\"><\/footer><div class='post_delimiter'><\/div><\/div><div class=\"post_author_timeline\"><\/div><\/article><article class=\"post-entry post-entry-type-standard post-entry-43437 post-loop-3 post-parity-odd single-small  post-43437 post type-post status-publish format-standard hentry category-strategia\" ><div class=\"blog-meta\"><a href='https:\/\/www.144.ch\/it\/strategieentwicklung-rettungswesen-schweiz-prozess-und-naechste-schritte\/' class='small-preview'  title=\"Sviluppo strategico del sistema di soccorso in Svizzera: processo e prossimi passi\"  ><span class='iconfont avia-svg-icon avia-font-svg_entypo-fontello' data-av_svg_icon='pencil' data-av_iconset='svg_entypo-fontello' ><svg version=\"1.1\" xmlns=\"http:\/\/www.w3.org\/2000\/svg\" width=\"25\" height=\"32\" viewBox=\"0 0 25 32\" preserveAspectRatio=\"xMidYMid meet\" role=\"graphics-symbol\" aria-hidden=\"true\">\n<path d=\"M22.976 5.44q1.024 1.024 1.504 2.048t0.48 1.536v0.512l-8.064 8.064-9.28 9.216-7.616 1.664 1.6-7.68 9.28-9.216 8.064-8.064q1.728-0.384 4.032 1.92zM7.168 25.92l0.768-0.768q-0.064-1.408-1.664-3.008-0.704-0.704-1.44-1.12t-1.12-0.416l-0.448-0.064-0.704 0.768-0.576 2.56q0.896 0.512 1.472 1.088 0.768 0.768 1.152 1.536z\"><\/path>\n<\/svg><\/span><\/a><\/div><div class='entry-content-wrapper clearfix standard-content'><header class=\"entry-content-header\" aria-label=\"Post: Sviluppo strategico del sistema di soccorso in Svizzera: processo e prossimi passi\"><div class=\"av-heading-wrapper\"><h2 class='post-title entry-title ' ><a href=\"https:\/\/www.144.ch\/it\/strategieentwicklung-rettungswesen-schweiz-prozess-und-naechste-schritte\/\" rel=\"bookmark\" title=\"Link Permanente: Sviluppo strategico del sistema di soccorso in Svizzera: processo e prossimi passi\">Sviluppo strategico del sistema di soccorso in Svizzera: processo e prossimi passi<span class=\"post-format-icon minor-meta\"><\/span><\/a><\/h2><span class=\"blog-categories minor-meta\"><a href=\"https:\/\/www.144.ch\/it\/category\/strategia\/\" rel=\"tag\">Strategia<\/a><\/span><\/div><\/header><span class=\"av-vertical-delimiter\"><\/span><div class=\"entry-content\" ><p>Il gruppo principale per lo sviluppo della strategia si \u00e8 riunito a seguito della giornata piattaforma dei Servizi ambulanza e delle Centrali di allarme sanitario urgente 144. I contributi preziosi emersi durante l\u2019evento sono stati analizzati dal gruppo principale. In generale, \u00e8 stato riscontrato un consenso sull&#8217;orientamento strategico. Alcuni feedback hanno portato a discussioni, consentendo [&hellip;]<\/p>\n<div class=\"read-more-link\"><a href=\"https:\/\/www.144.ch\/it\/strategieentwicklung-rettungswesen-schweiz-prozess-und-naechste-schritte\/\" class=\"more-link\">Continua a leggere<span class='more-link-arrow avia-svg-icon avia-font-svg_entypo-fontello' data-av_svg_icon='right-open-big' data-av_iconset='svg_entypo-fontello'><svg version=\"1.1\" xmlns=\"http:\/\/www.w3.org\/2000\/svg\" width=\"15\" height=\"32\" viewBox=\"0 0 15 32\" preserveAspectRatio=\"xMidYMid meet\" role=\"graphics-symbol\" aria-hidden=\"true\">\n<path d=\"M0.416 27.84l11.456-11.84-11.456-11.904q-0.832-0.832 0-1.536 0.832-0.832 1.536 0l12.544 12.608q0.768 0.832 0 1.6l-12.544 12.608q-0.704 0.832-1.536 0-0.832-0.704 0-1.536z\"><\/path>\n<\/svg><\/span><\/a><\/div>\n<\/div><span class=\"post-meta-infos\"><time class=\"date-container minor-meta updated\" >23. Gennaio 2025<\/time><\/span><footer class=\"entry-footer\"><\/footer><div class='post_delimiter'><\/div><\/div><div class=\"post_author_timeline\"><\/div><\/article><article class=\"post-entry post-entry-type-standard post-entry-43237 post-loop-4 post-parity-even single-small  post-43237 post type-post status-publish format-standard hentry category-strategia\" ><div class=\"blog-meta\"><a href='https:\/\/www.144.ch\/it\/plattformtag-rd-snz-gemeinsam-eine-vision-fuer-die-zukunft-des-rettungswesens-entwickeln\/' class='small-preview'  title=\"Primo confronto con i quadri superiori dei servizi ambulanza e CASU 144\"  ><span class='iconfont avia-svg-icon avia-font-svg_entypo-fontello' data-av_svg_icon='pencil' data-av_iconset='svg_entypo-fontello' ><svg version=\"1.1\" xmlns=\"http:\/\/www.w3.org\/2000\/svg\" width=\"25\" height=\"32\" viewBox=\"0 0 25 32\" preserveAspectRatio=\"xMidYMid meet\" role=\"graphics-symbol\" aria-hidden=\"true\">\n<path d=\"M22.976 5.44q1.024 1.024 1.504 2.048t0.48 1.536v0.512l-8.064 8.064-9.28 9.216-7.616 1.664 1.6-7.68 9.28-9.216 8.064-8.064q1.728-0.384 4.032 1.92zM7.168 25.92l0.768-0.768q-0.064-1.408-1.664-3.008-0.704-0.704-1.44-1.12t-1.12-0.416l-0.448-0.064-0.704 0.768-0.576 2.56q0.896 0.512 1.472 1.088 0.768 0.768 1.152 1.536z\"><\/path>\n<\/svg><\/span><\/a><\/div><div class='entry-content-wrapper clearfix standard-content'><header class=\"entry-content-header\" aria-label=\"Post: Primo confronto con i quadri superiori dei servizi ambulanza e CASU 144\"><div class=\"av-heading-wrapper\"><h2 class='post-title entry-title ' ><a href=\"https:\/\/www.144.ch\/it\/plattformtag-rd-snz-gemeinsam-eine-vision-fuer-die-zukunft-des-rettungswesens-entwickeln\/\" rel=\"bookmark\" title=\"Link Permanente: Primo confronto con i quadri superiori dei servizi ambulanza e CASU 144\">Primo confronto con i quadri superiori dei servizi ambulanza e CASU 144<span class=\"post-format-icon minor-meta\"><\/span><\/a><\/h2><span class=\"blog-categories minor-meta\"><a href=\"https:\/\/www.144.ch\/it\/category\/strategia\/\" rel=\"tag\">Strategia<\/a><\/span><\/div><\/header><span class=\"av-vertical-delimiter\"><\/span><div class=\"entry-content\" ><p>Il 14 novembre circa 70 persone si sono riunite in occasione della giornata della piattaforma Servizi ambulanza \/ CASU. Oltre a presentazioni interessanti, si \u00e8 svolta una tavola rotonda in cui i partecipanti hanno potuto esprimere le loro opinioni sulle proposte elaborate. Poich\u00e9 si tratta del futuro del sistema di soccorso, \u00e8 fondamentale che tutti [&hellip;]<\/p>\n<div class=\"read-more-link\"><a href=\"https:\/\/www.144.ch\/it\/plattformtag-rd-snz-gemeinsam-eine-vision-fuer-die-zukunft-des-rettungswesens-entwickeln\/\" class=\"more-link\">Continua a leggere<span class='more-link-arrow avia-svg-icon avia-font-svg_entypo-fontello' data-av_svg_icon='right-open-big' data-av_iconset='svg_entypo-fontello'><svg version=\"1.1\" xmlns=\"http:\/\/www.w3.org\/2000\/svg\" width=\"15\" height=\"32\" viewBox=\"0 0 15 32\" preserveAspectRatio=\"xMidYMid meet\" role=\"graphics-symbol\" aria-hidden=\"true\">\n<path d=\"M0.416 27.84l11.456-11.84-11.456-11.904q-0.832-0.832 0-1.536 0.832-0.832 1.536 0l12.544 12.608q0.768 0.832 0 1.6l-12.544 12.608q-0.704 0.832-1.536 0-0.832-0.704 0-1.536z\"><\/path>\n<\/svg><\/span><\/a><\/div>\n<\/div><span class=\"post-meta-infos\"><time class=\"date-container minor-meta updated\" >17. Dicembre 2024<\/time><\/span><footer class=\"entry-footer\"><\/footer><div class='post_delimiter'><\/div><\/div><div class=\"post_author_timeline\"><\/div><\/article><article class=\"post-entry post-entry-type-standard post-entry-41670 post-loop-5 post-parity-odd post-entry-last single-small  post-41670 post type-post status-publish format-standard hentry category-strategia\" ><div class=\"blog-meta\"><a href='https:\/\/www.144.ch\/it\/presto-arriveranno-le-notizie\/' class='small-preview'  title=\"Futuro del Soccorso in Svizzera: Visione per un sistema forte e ruolo dell&#039;IAS\"  ><span class='iconfont avia-svg-icon avia-font-svg_entypo-fontello' data-av_svg_icon='pencil' data-av_iconset='svg_entypo-fontello' ><svg version=\"1.1\" xmlns=\"http:\/\/www.w3.org\/2000\/svg\" width=\"25\" height=\"32\" viewBox=\"0 0 25 32\" preserveAspectRatio=\"xMidYMid meet\" role=\"graphics-symbol\" aria-hidden=\"true\">\n<path d=\"M22.976 5.44q1.024 1.024 1.504 2.048t0.48 1.536v0.512l-8.064 8.064-9.28 9.216-7.616 1.664 1.6-7.68 9.28-9.216 8.064-8.064q1.728-0.384 4.032 1.92zM7.168 25.92l0.768-0.768q-0.064-1.408-1.664-3.008-0.704-0.704-1.44-1.12t-1.12-0.416l-0.448-0.064-0.704 0.768-0.576 2.56q0.896 0.512 1.472 1.088 0.768 0.768 1.152 1.536z\"><\/path>\n<\/svg><\/span><\/a><\/div><div class='entry-content-wrapper clearfix standard-content'><header class=\"entry-content-header\" aria-label=\"Post: Futuro del Soccorso in Svizzera: Visione per un sistema forte e ruolo dell&#8217;IAS\"><div class=\"av-heading-wrapper\"><h2 class='post-title entry-title ' ><a href=\"https:\/\/www.144.ch\/it\/presto-arriveranno-le-notizie\/\" rel=\"bookmark\" title=\"Link Permanente: Futuro del Soccorso in Svizzera: Visione per un sistema forte e ruolo dell&#8217;IAS\">Futuro del Soccorso in Svizzera: Visione per un sistema forte e ruolo dell&#8217;IAS<span class=\"post-format-icon minor-meta\"><\/span><\/a><\/h2><span class=\"blog-categories minor-meta\"><a href=\"https:\/\/www.144.ch\/it\/category\/strategia\/\" rel=\"tag\">Strategia<\/a><\/span><\/div><\/header><span class=\"av-vertical-delimiter\"><\/span><div class=\"entry-content\" ><p>Per garantire anche in futuro un sistema di soccorso solido, \u00e8 importante sapere in quale direzione esso dovrebbe svilupparsi. L&#8217;IAS, come organizzazione mantello del settore, si sente responsabile di fornire un orientamento. Per questo motivo, il conmitato ha deciso di avviare un progetto per sviluppare una visione per il sistema di soccorso in Svizzera. Con [&hellip;]<\/p>\n<div class=\"read-more-link\"><a href=\"https:\/\/www.144.ch\/it\/presto-arriveranno-le-notizie\/\" class=\"more-link\">Continua a leggere<span class='more-link-arrow avia-svg-icon avia-font-svg_entypo-fontello' data-av_svg_icon='right-open-big' data-av_iconset='svg_entypo-fontello'><svg version=\"1.1\" xmlns=\"http:\/\/www.w3.org\/2000\/svg\" width=\"15\" height=\"32\" viewBox=\"0 0 15 32\" preserveAspectRatio=\"xMidYMid meet\" role=\"graphics-symbol\" aria-hidden=\"true\">\n<path d=\"M0.416 27.84l11.456-11.84-11.456-11.904q-0.832-0.832 0-1.536 0.832-0.832 1.536 0l12.544 12.608q0.768 0.832 0 1.6l-12.544 12.608q-0.704 0.832-1.536 0-0.832-0.704 0-1.536z\"><\/path>\n<\/svg><\/span><\/a><\/div>\n<\/div><span class=\"post-meta-infos\"><time class=\"date-container minor-meta updated\" >8. Luglio 2024<\/time><\/span><footer class=\"entry-footer\"><\/footer><div class='post_delimiter'><\/div><\/div><div class=\"post_author_timeline\"><\/div><\/article><\/div><\/div>\n","protected":false},"excerpt":{"rendered":"","protected":false},"author":1,"featured_media":18177,"parent":17990,"menu_order":6,"comment_status":"closed","ping_status":"closed","template":"","meta":{"_acf_changed":false,"_seopress_robots_primary_cat":"","_seopress_titles_title":"News und Aktuelles des Interverbands f\u00fcr Rettungswesen IVR","_seopress_titles_desc":"Neuigkeiten des Interverbands f\u00fcr Rettungswesen IVR. Informieren Sie sich. Wir decken die ganze Rettungskette ab.","_seopress_robots_index":"","footnotes":""},"folder":[],"class_list":["post-41645","page","type-page","status-publish","has-post-thumbnail","hentry"],"acf":[],"_links":{"self":[{"href":"https:\/\/www.144.ch\/it\/wp-json\/wp\/v2\/pages\/41645","targetHints":{"allow":["GET"]}}],"collection":[{"href":"https:\/\/www.144.ch\/it\/wp-json\/wp\/v2\/pages"}],"about":[{"href":"https:\/\/www.144.ch\/it\/wp-json\/wp\/v2\/types\/page"}],"author":[{"embeddable":true,"href":"https:\/\/www.144.ch\/it\/wp-json\/wp\/v2\/users\/1"}],"replies":[{"embeddable":true,"href":"https:\/\/www.144.ch\/it\/wp-json\/wp\/v2\/comments?post=41645"}],"version-history":[{"count":2,"href":"https:\/\/www.144.ch\/it\/wp-json\/wp\/v2\/pages\/41645\/revisions"}],"predecessor-version":[{"id":41735,"href":"https:\/\/www.144.ch\/it\/wp-json\/wp\/v2\/pages\/41645\/revisions\/41735"}],"up":[{"embeddable":true,"href":"https:\/\/www.144.ch\/it\/wp-json\/wp\/v2\/pages\/17990"}],"wp:featuredmedia":[{"embeddable":true,"href":"https:\/\/www.144.ch\/it\/wp-json\/wp\/v2\/media\/18177"}],"wp:attachment":[{"href":"https:\/\/www.144.ch\/it\/wp-json\/wp\/v2\/media?parent=41645"}],"wp:term":[{"taxonomy":"folder","embeddable":true,"href":"https:\/\/www.144.ch\/it\/wp-json\/wp\/v2\/folder?post=41645"}],"curies":[{"name":"wp","href":"https:\/\/api.w.org\/{rel}","templated":true}]}}