{"id":22756,"date":"2021-01-12T13:18:38","date_gmt":"2021-01-12T12:18:38","guid":{"rendered":"https:\/\/ivr-ias.aretiswebseiten.ch\/chi-siamo\/fachkommission-ivr\/fachgruppe-entwicklung\/"},"modified":"2026-01-16T15:49:07","modified_gmt":"2026-01-16T14:49:07","slug":"fachgruppe-entwicklung","status":"publish","type":"page","link":"https:\/\/www.144.ch\/it\/chi-siamo\/fachkommission-ivr\/fachgruppe-entwicklung\/","title":{"rendered":"Sviluppo"},"content":{"rendered":"\n<style type=\"text\/css\" data-created_by=\"avia_inline_auto\" id=\"style-css-av-lj5nieuo-019f984371eb75c36d370d78a74cdc41\">\n#top .av-special-heading.av-lj5nieuo-019f984371eb75c36d370d78a74cdc41{\npadding-bottom:10px;\n}\nbody .av-special-heading.av-lj5nieuo-019f984371eb75c36d370d78a74cdc41 .av-special-heading-tag .heading-char{\nfont-size:25px;\n}\n.av-special-heading.av-lj5nieuo-019f984371eb75c36d370d78a74cdc41 .av-subheading{\nfont-size:15px;\n}\n<\/style>\n<div  class='av-special-heading av-lj5nieuo-019f984371eb75c36d370d78a74cdc41 av-special-heading-h1 blockquote modern-quote modern-centered  avia-builder-el-0  el_before_av_hr  avia-builder-el-first  av-thin-font'><h1 class='av-special-heading-tag '  >Gruppo tecnico<br \/>\n<strong>Clinica <span class='special_amp'>&amp;<\/span> Scienza<\/strong> <\/h1><div class=\"special-heading-border\"><div class=\"special-heading-inner-border\"><\/div><\/div><\/div>\n\n<style type=\"text\/css\" data-created_by=\"avia_inline_auto\" id=\"style-css-av-kb6hhq2e-9e3aee1f8a2a8bf3ab2119ee31d324bc\">\n#top .hr.av-kb6hhq2e-9e3aee1f8a2a8bf3ab2119ee31d324bc{\nmargin-top:40px;\nmargin-bottom:30px;\n}\n.hr.av-kb6hhq2e-9e3aee1f8a2a8bf3ab2119ee31d324bc .hr-inner{\nwidth:100px;\nborder-color:#0e0e0e;\nmax-width:45%;\n}\n.hr.av-kb6hhq2e-9e3aee1f8a2a8bf3ab2119ee31d324bc .av-seperator-icon{\ncolor:#0e0e0e;\n}\n.hr.av-kb6hhq2e-9e3aee1f8a2a8bf3ab2119ee31d324bc .av-seperator-icon.avia-svg-icon svg:first-child{\nfill:#0e0e0e;\nstroke:#0e0e0e;\n}\n<\/style>\n<div  class='hr av-kb6hhq2e-9e3aee1f8a2a8bf3ab2119ee31d324bc hr-custom  avia-builder-el-1  el_after_av_heading  el_before_av_one_third  hr-center hr-icon-yes'><span class='hr-inner inner-border-av-border-fat'><span class=\"hr-inner-style\"><\/span><\/span><span class='av-seperator-icon avia-iconfont avia-font-fontello' data-av_icon='\ue809' data-av_iconfont='fontello' ><\/span><span class='hr-inner inner-border-av-border-fat'><span class=\"hr-inner-style\"><\/span><\/span><\/div>\n<div class='flex_column_table av-oqv7me-5e081b27c7fa30bcb62fcb78420583c2 sc-av_one_third av-equal-height-column-flextable'>\n<style type=\"text\/css\" data-created_by=\"avia_inline_auto\" id=\"style-css-av-oqv7me-5e081b27c7fa30bcb62fcb78420583c2\">\n#top .flex_column_table.av-equal-height-column-flextable.av-oqv7me-5e081b27c7fa30bcb62fcb78420583c2{\nmargin-top:50px;\nmargin-bottom:30px;\n}\n.flex_column.av-oqv7me-5e081b27c7fa30bcb62fcb78420583c2{\nborder-radius:0px 0px 0px 0px;\npadding:0px 0px 0px 0px;\n}\n<\/style>\n<div  class='flex_column av-oqv7me-5e081b27c7fa30bcb62fcb78420583c2 av_one_third  avia-builder-el-2  el_after_av_hr  el_before_av_one_third  first flex_column_table_cell av-equal-height-column av-align-top av-animated-generic right-to-left av-zero-column-padding  '     ><p>\n<style type=\"text\/css\" data-created_by=\"avia_inline_auto\" id=\"style-css-av-k99zsfxs-d93a5aa680ffa4c1058b42862f2b2e33\">\n.avia-image-container.av-k99zsfxs-d93a5aa680ffa4c1058b42862f2b2e33 img.avia_image{\nbox-shadow:none;\n}\n.avia-image-container.av-k99zsfxs-d93a5aa680ffa4c1058b42862f2b2e33 .av-image-caption-overlay-center{\ncolor:#ffffff;\n}\n<\/style>\n<div  class='avia-image-container av-k99zsfxs-d93a5aa680ffa4c1058b42862f2b2e33 av-styling-circle avia-align-center  avia-builder-el-3  el_before_av_heading  avia-builder-el-first '  ><div class=\"avia-image-container-inner\"><div class=\"avia-image-overlay-wrap\"><img decoding=\"async\" fetchpriority=\"high\" class='wp-image-22711 avia-img-lazy-loading-not-22711 avia_image ' src=\"https:\/\/www.144.ch\/wp-content\/uploads\/2021\/01\/Helge-Regener.jpg\" alt='' title='Helge-Regener'  height=\"500\" width=\"500\" srcset=\"https:\/\/www.144.ch\/wp-content\/uploads\/2021\/01\/Helge-Regener.jpg 500w, https:\/\/www.144.ch\/wp-content\/uploads\/2021\/01\/Helge-Regener-300x300.jpg 300w, https:\/\/www.144.ch\/wp-content\/uploads\/2021\/01\/Helge-Regener-80x80.jpg 80w, https:\/\/www.144.ch\/wp-content\/uploads\/2021\/01\/Helge-Regener-36x36.jpg 36w, https:\/\/www.144.ch\/wp-content\/uploads\/2021\/01\/Helge-Regener-180x180.jpg 180w, https:\/\/www.144.ch\/wp-content\/uploads\/2021\/01\/Helge-Regener-100x100.jpg 100w\" sizes=\"(max-width: 500px) 100vw, 500px\" \/><\/div><\/div><\/div><br \/>\n\n<style type=\"text\/css\" data-created_by=\"avia_inline_auto\" id=\"style-css-av-toak40-4a11718c1363cf14c3fb6de20a69928b\">\n#top .av-special-heading.av-toak40-4a11718c1363cf14c3fb6de20a69928b{\npadding-bottom:10px;\n}\nbody .av-special-heading.av-toak40-4a11718c1363cf14c3fb6de20a69928b .av-special-heading-tag .heading-char{\nfont-size:25px;\n}\n.av-special-heading.av-toak40-4a11718c1363cf14c3fb6de20a69928b .av-subheading{\nfont-size:15px;\n}\n<\/style>\n<div  class='av-special-heading av-toak40-4a11718c1363cf14c3fb6de20a69928b av-special-heading-h4 blockquote modern-quote modern-centered  avia-builder-el-4  el_after_av_image  el_before_av_hr '><h4 class='av-special-heading-tag '  >Helge Regener <\/h4><div class=\"special-heading-border\"><div class=\"special-heading-inner-border\"><\/div><\/div><\/div><br \/>\n\n<style type=\"text\/css\" data-created_by=\"avia_inline_auto\" id=\"style-css-av-kb6wsd6l-9867c7c9d8ac1eb067dd3228e9abd8ee\">\n#top .hr.av-kb6wsd6l-9867c7c9d8ac1eb067dd3228e9abd8ee{\nmargin-top:15px;\nmargin-bottom:20px;\n}\n.hr.av-kb6wsd6l-9867c7c9d8ac1eb067dd3228e9abd8ee .hr-inner{\nwidth:100px;\nborder-color:#000000;\n}\n<\/style>\n<div  class='hr av-kb6wsd6l-9867c7c9d8ac1eb067dd3228e9abd8ee hr-custom  avia-builder-el-5  el_after_av_heading  el_before_av_textblock  hr-center hr-icon-no'><span class='hr-inner inner-border-av-border-fat'><span class=\"hr-inner-style\"><\/span><\/span><\/div><br \/>\n<section  class='av_textblock_section av-k99zq9fs-e36485dd6386b09c5d6c5375aa6bb922 '  ><div class='avia_textblock' ><p style=\"text-align: center;\">Coordinatore gruppo tecnico<br \/>\nSirmed, Nottwil<\/p>\n<\/div><\/section><\/p><\/div>\n<div class='av-flex-placeholder'><\/div>\n<style type=\"text\/css\" data-created_by=\"avia_inline_auto\" id=\"style-css-av-oqv7me-6702355943a8fb63da99995e23a15005\">\n#top .flex_column_table.av-equal-height-column-flextable.av-oqv7me-6702355943a8fb63da99995e23a15005{\nmargin-top:50px;\nmargin-bottom:30px;\n}\n.flex_column.av-oqv7me-6702355943a8fb63da99995e23a15005{\nborder-radius:0px 0px 0px 0px;\npadding:0px 0px 0px 0px;\n}\n<\/style>\n<div  class='flex_column av-oqv7me-6702355943a8fb63da99995e23a15005 av_one_third  avia-builder-el-7  el_after_av_one_third  el_before_av_one_third  flex_column_table_cell av-equal-height-column av-align-top av-animated-generic right-to-left av-zero-column-padding  '     ><p>\n<style type=\"text\/css\" data-created_by=\"avia_inline_auto\" id=\"style-css-av-k99zsfxs-7538fa53034d65e40119e317525361e2\">\n.avia-image-container.av-k99zsfxs-7538fa53034d65e40119e317525361e2 img.avia_image{\nbox-shadow:none;\n}\n.avia-image-container.av-k99zsfxs-7538fa53034d65e40119e317525361e2 .av-image-caption-overlay-center{\ncolor:#ffffff;\n}\n<\/style>\n<div  class='avia-image-container av-k99zsfxs-7538fa53034d65e40119e317525361e2 av-styling-circle avia-align-center  avia-builder-el-8  el_before_av_heading  avia-builder-el-first '  ><div class=\"avia-image-container-inner\"><div class=\"avia-image-overlay-wrap\"><img decoding=\"async\" fetchpriority=\"high\" class='wp-image-27357 avia-img-lazy-loading-not-27357 avia_image ' src=\"https:\/\/www.144.ch\/wp-content\/uploads\/2022\/02\/danielhaas.jpg\" alt='' title='danielhaas'  height=\"500\" width=\"500\" srcset=\"https:\/\/www.144.ch\/wp-content\/uploads\/2022\/02\/danielhaas.jpg 500w, https:\/\/www.144.ch\/wp-content\/uploads\/2022\/02\/danielhaas-300x300.jpg 300w, https:\/\/www.144.ch\/wp-content\/uploads\/2022\/02\/danielhaas-80x80.jpg 80w, https:\/\/www.144.ch\/wp-content\/uploads\/2022\/02\/danielhaas-36x36.jpg 36w, https:\/\/www.144.ch\/wp-content\/uploads\/2022\/02\/danielhaas-180x180.jpg 180w, https:\/\/www.144.ch\/wp-content\/uploads\/2022\/02\/danielhaas-100x100.jpg 100w\" sizes=\"(max-width: 500px) 100vw, 500px\" \/><\/div><\/div><\/div><br \/>\n\n<style type=\"text\/css\" data-created_by=\"avia_inline_auto\" id=\"style-css-av-av_heading-a9c05eb3ebf5bcb3c34d2ead5c4879af\">\n#top .av-special-heading.av-av_heading-a9c05eb3ebf5bcb3c34d2ead5c4879af{\npadding-bottom:10px;\n}\nbody .av-special-heading.av-av_heading-a9c05eb3ebf5bcb3c34d2ead5c4879af .av-special-heading-tag .heading-char{\nfont-size:25px;\n}\n.av-special-heading.av-av_heading-a9c05eb3ebf5bcb3c34d2ead5c4879af .av-subheading{\nfont-size:15px;\n}\n<\/style>\n<div  class='av-special-heading av-av_heading-a9c05eb3ebf5bcb3c34d2ead5c4879af av-special-heading-h4 blockquote modern-quote modern-centered  avia-builder-el-9  el_after_av_image  el_before_av_hr '><h4 class='av-special-heading-tag '  >Daniel Haas<\/h4><div class=\"special-heading-border\"><div class=\"special-heading-inner-border\"><\/div><\/div><\/div><br \/>\n\n<style type=\"text\/css\" data-created_by=\"avia_inline_auto\" id=\"style-css-av-kb6wsd6l-9867c7c9d8ac1eb067dd3228e9abd8ee\">\n#top .hr.av-kb6wsd6l-9867c7c9d8ac1eb067dd3228e9abd8ee{\nmargin-top:15px;\nmargin-bottom:20px;\n}\n.hr.av-kb6wsd6l-9867c7c9d8ac1eb067dd3228e9abd8ee .hr-inner{\nwidth:100px;\nborder-color:#000000;\n}\n<\/style>\n<div  class='hr av-kb6wsd6l-9867c7c9d8ac1eb067dd3228e9abd8ee hr-custom  avia-builder-el-10  el_after_av_heading  el_before_av_textblock  hr-center hr-icon-no'><span class='hr-inner inner-border-av-border-fat'><span class=\"hr-inner-style\"><\/span><\/span><\/div><br \/>\n<section  class='av_textblock_section av-k99zq9fs-06810e7847d4263fbca08a6bd3bf86ea '  ><div class='avia_textblock' ><p style=\"text-align: center;\">Membro<br \/>\nSchutz &amp; Rettung Z\u00fcrich<\/p>\n<\/div><\/section><\/p><\/div>\n<div class='av-flex-placeholder'><\/div>\n<style type=\"text\/css\" data-created_by=\"avia_inline_auto\" id=\"style-css-av-oqv7me-6702355943a8fb63da99995e23a15005\">\n#top .flex_column_table.av-equal-height-column-flextable.av-oqv7me-6702355943a8fb63da99995e23a15005{\nmargin-top:50px;\nmargin-bottom:30px;\n}\n.flex_column.av-oqv7me-6702355943a8fb63da99995e23a15005{\nborder-radius:0px 0px 0px 0px;\npadding:0px 0px 0px 0px;\n}\n<\/style>\n<div  class='flex_column av-oqv7me-6702355943a8fb63da99995e23a15005 av_one_third  avia-builder-el-12  el_after_av_one_third  el_before_av_one_third  flex_column_table_cell av-equal-height-column av-align-top av-animated-generic right-to-left av-zero-column-padding  '     ><p>\n<style type=\"text\/css\" data-created_by=\"avia_inline_auto\" id=\"style-css-av-k99zsfxs-e28a78aeefeff87819c4f6c59bba5b2d\">\n.avia-image-container.av-k99zsfxs-e28a78aeefeff87819c4f6c59bba5b2d img.avia_image{\nbox-shadow:none;\n}\n.avia-image-container.av-k99zsfxs-e28a78aeefeff87819c4f6c59bba5b2d .av-image-caption-overlay-center{\ncolor:#ffffff;\n}\n<\/style>\n<div  class='avia-image-container av-k99zsfxs-e28a78aeefeff87819c4f6c59bba5b2d av-styling-circle avia-align-center  avia-builder-el-13  el_before_av_heading  avia-builder-el-first '  ><div class=\"avia-image-container-inner\"><div class=\"avia-image-overlay-wrap\"><img decoding=\"async\" fetchpriority=\"high\" class='wp-image-33593 avia-img-lazy-loading-not-33593 avia_image ' src=\"https:\/\/www.144.ch\/wp-content\/uploads\/2023\/03\/Ibrahim-Salah_web.jpg\" alt='' title='Ibrahim Salah_web'  height=\"500\" width=\"500\" srcset=\"https:\/\/www.144.ch\/wp-content\/uploads\/2023\/03\/Ibrahim-Salah_web.jpg 500w, https:\/\/www.144.ch\/wp-content\/uploads\/2023\/03\/Ibrahim-Salah_web-300x300.jpg 300w, https:\/\/www.144.ch\/wp-content\/uploads\/2023\/03\/Ibrahim-Salah_web-80x80.jpg 80w, https:\/\/www.144.ch\/wp-content\/uploads\/2023\/03\/Ibrahim-Salah_web-36x36.jpg 36w, https:\/\/www.144.ch\/wp-content\/uploads\/2023\/03\/Ibrahim-Salah_web-180x180.jpg 180w, https:\/\/www.144.ch\/wp-content\/uploads\/2023\/03\/Ibrahim-Salah_web-120x120.jpg 120w, https:\/\/www.144.ch\/wp-content\/uploads\/2023\/03\/Ibrahim-Salah_web-450x450.jpg 450w, https:\/\/www.144.ch\/wp-content\/uploads\/2023\/03\/Ibrahim-Salah_web-100x100.jpg 100w\" sizes=\"(max-width: 500px) 100vw, 500px\" \/><\/div><\/div><\/div><br \/>\n\n<style type=\"text\/css\" data-created_by=\"avia_inline_auto\" id=\"style-css-av-lf80d108-300db8bd46d3ab7323b016a70ff94ae8\">\n#top .av-special-heading.av-lf80d108-300db8bd46d3ab7323b016a70ff94ae8{\npadding-bottom:10px;\n}\nbody .av-special-heading.av-lf80d108-300db8bd46d3ab7323b016a70ff94ae8 .av-special-heading-tag .heading-char{\nfont-size:25px;\n}\n.av-special-heading.av-lf80d108-300db8bd46d3ab7323b016a70ff94ae8 .av-subheading{\nfont-size:15px;\n}\n<\/style>\n<div  class='av-special-heading av-lf80d108-300db8bd46d3ab7323b016a70ff94ae8 av-special-heading-h4 blockquote modern-quote modern-centered  avia-builder-el-14  el_after_av_image  el_before_av_hr '><h4 class='av-special-heading-tag '  >Mohamed Salah<\/h4><div class=\"special-heading-border\"><div class=\"special-heading-inner-border\"><\/div><\/div><\/div><br \/>\n\n<style type=\"text\/css\" data-created_by=\"avia_inline_auto\" id=\"style-css-av-kb6wsd6l-9867c7c9d8ac1eb067dd3228e9abd8ee\">\n#top .hr.av-kb6wsd6l-9867c7c9d8ac1eb067dd3228e9abd8ee{\nmargin-top:15px;\nmargin-bottom:20px;\n}\n.hr.av-kb6wsd6l-9867c7c9d8ac1eb067dd3228e9abd8ee .hr-inner{\nwidth:100px;\nborder-color:#000000;\n}\n<\/style>\n<div  class='hr av-kb6wsd6l-9867c7c9d8ac1eb067dd3228e9abd8ee hr-custom  avia-builder-el-15  el_after_av_heading  el_before_av_textblock  hr-center hr-icon-no'><span class='hr-inner inner-border-av-border-fat'><span class=\"hr-inner-style\"><\/span><\/span><\/div><br \/>\n<section  class='av_textblock_section av-k99zq9fs-e36485dd6386b09c5d6c5375aa6bb922 '  ><div class='avia_textblock' ><p style=\"text-align: center;\">Membro<br \/>\nAmbulance Biel\/Bienne<\/p>\n<\/div><\/section><\/p><\/div><\/div><!--close column table wrapper. Autoclose: 1 -->\n\n<style type=\"text\/css\" data-created_by=\"avia_inline_auto\" id=\"style-css-av-oqv7me-71945da249fc1a8815b53a2e1012bf04\">\n#top .flex_column.av-oqv7me-71945da249fc1a8815b53a2e1012bf04{\nmargin-top:35px;\nmargin-bottom:30px;\n}\n.flex_column.av-oqv7me-71945da249fc1a8815b53a2e1012bf04{\nborder-radius:0px 0px 0px 0px;\npadding:0px 0px 0px 0px;\n}\n.responsive #top #wrap_all .flex_column.av-oqv7me-71945da249fc1a8815b53a2e1012bf04{\nmargin-top:35px;\nmargin-bottom:30px;\n}\n<\/style>\n<div  class='flex_column av-oqv7me-71945da249fc1a8815b53a2e1012bf04 av_one_third  avia-builder-el-17  el_after_av_one_third  el_before_av_one_third  first flex_column_div av-animated-generic right-to-left av-zero-column-padding  column-top-margin'     ><p>\n<style type=\"text\/css\" data-created_by=\"avia_inline_auto\" id=\"style-css-av-k99zsfxs-be34b0716d5086d15f121d151fcdebc5\">\n.avia-image-container.av-k99zsfxs-be34b0716d5086d15f121d151fcdebc5 img.avia_image{\nbox-shadow:none;\n}\n.avia-image-container.av-k99zsfxs-be34b0716d5086d15f121d151fcdebc5 .av-image-caption-overlay-center{\ncolor:#ffffff;\n}\n<\/style>\n<div  class='avia-image-container av-k99zsfxs-be34b0716d5086d15f121d151fcdebc5 av-styling-circle avia-align-center  avia-builder-el-18  el_before_av_heading  avia-builder-el-first '  ><div class=\"avia-image-container-inner\"><div class=\"avia-image-overlay-wrap\"><img decoding=\"async\" fetchpriority=\"high\" class='wp-image-23398 avia-img-lazy-loading-not-23398 avia_image ' src=\"https:\/\/www.144.ch\/wp-content\/uploads\/2021\/01\/Barbara-Schild.jpg\" alt='' title='Barbara-Schild'  height=\"500\" width=\"500\" srcset=\"https:\/\/www.144.ch\/wp-content\/uploads\/2021\/01\/Barbara-Schild.jpg 500w, https:\/\/www.144.ch\/wp-content\/uploads\/2021\/01\/Barbara-Schild-300x300.jpg 300w, https:\/\/www.144.ch\/wp-content\/uploads\/2021\/01\/Barbara-Schild-80x80.jpg 80w, https:\/\/www.144.ch\/wp-content\/uploads\/2021\/01\/Barbara-Schild-36x36.jpg 36w, https:\/\/www.144.ch\/wp-content\/uploads\/2021\/01\/Barbara-Schild-180x180.jpg 180w, https:\/\/www.144.ch\/wp-content\/uploads\/2021\/01\/Barbara-Schild-100x100.jpg 100w\" sizes=\"(max-width: 500px) 100vw, 500px\" \/><\/div><\/div><\/div><br \/>\n\n<style type=\"text\/css\" data-created_by=\"avia_inline_auto\" id=\"style-css-av-av_heading-3df829445edbb3388c4e10311c209849\">\n#top .av-special-heading.av-av_heading-3df829445edbb3388c4e10311c209849{\npadding-bottom:10px;\n}\nbody .av-special-heading.av-av_heading-3df829445edbb3388c4e10311c209849 .av-special-heading-tag .heading-char{\nfont-size:25px;\n}\n.av-special-heading.av-av_heading-3df829445edbb3388c4e10311c209849 .av-subheading{\nfont-size:15px;\n}\n<\/style>\n<div  class='av-special-heading av-av_heading-3df829445edbb3388c4e10311c209849 av-special-heading-h4 blockquote modern-quote modern-centered  avia-builder-el-19  el_after_av_image  el_before_av_hr '><h4 class='av-special-heading-tag '  >Barbara Schild <\/h4><div class=\"special-heading-border\"><div class=\"special-heading-inner-border\"><\/div><\/div><\/div><br \/>\n\n<style type=\"text\/css\" data-created_by=\"avia_inline_auto\" id=\"style-css-av-kb6wsd6l-9867c7c9d8ac1eb067dd3228e9abd8ee\">\n#top .hr.av-kb6wsd6l-9867c7c9d8ac1eb067dd3228e9abd8ee{\nmargin-top:15px;\nmargin-bottom:20px;\n}\n.hr.av-kb6wsd6l-9867c7c9d8ac1eb067dd3228e9abd8ee .hr-inner{\nwidth:100px;\nborder-color:#000000;\n}\n<\/style>\n<div  class='hr av-kb6wsd6l-9867c7c9d8ac1eb067dd3228e9abd8ee hr-custom  avia-builder-el-20  el_after_av_heading  el_before_av_textblock  hr-center hr-icon-no'><span class='hr-inner inner-border-av-border-fat'><span class=\"hr-inner-style\"><\/span><\/span><\/div><br \/>\n<section  class='av_textblock_section av-k99zq9fs-06810e7847d4263fbca08a6bd3bf86ea '  ><div class='avia_textblock' ><p style=\"text-align: center;\">Membro<br \/>\nCroce Verde Bellinzona<\/p>\n<\/div><\/section><\/p><\/div>\n\n<style type=\"text\/css\" data-created_by=\"avia_inline_auto\" id=\"style-css-av-oqv7me-6702355943a8fb63da99995e23a15005\">\n#top .flex_column.av-oqv7me-6702355943a8fb63da99995e23a15005{\nmargin-top:35px;\nmargin-bottom:30px;\n}\n.flex_column.av-oqv7me-6702355943a8fb63da99995e23a15005{\nborder-radius:0px 0px 0px 0px;\npadding:0px 0px 0px 0px;\n}\n.responsive #top #wrap_all .flex_column.av-oqv7me-6702355943a8fb63da99995e23a15005{\nmargin-top:35px;\nmargin-bottom:30px;\n}\n<\/style>\n<div  class='flex_column av-oqv7me-6702355943a8fb63da99995e23a15005 av_one_third  avia-builder-el-22  el_after_av_one_third  el_before_av_one_third  flex_column_div av-animated-generic right-to-left av-zero-column-padding  column-top-margin'     ><p>\n<style type=\"text\/css\" data-created_by=\"avia_inline_auto\" id=\"style-css-av-k99zsfxs-3f98cd4455192ff9e6a88008181973a5\">\n.avia-image-container.av-k99zsfxs-3f98cd4455192ff9e6a88008181973a5 img.avia_image{\nbox-shadow:none;\n}\n.avia-image-container.av-k99zsfxs-3f98cd4455192ff9e6a88008181973a5 .av-image-caption-overlay-center{\ncolor:#ffffff;\n}\n<\/style>\n<div  class='avia-image-container av-k99zsfxs-3f98cd4455192ff9e6a88008181973a5 av-styling-circle avia-align-center  avia-builder-el-23  el_before_av_heading  avia-builder-el-first '  ><div class=\"avia-image-container-inner\"><div class=\"avia-image-overlay-wrap\"><img decoding=\"async\" fetchpriority=\"high\" class='wp-image-23156 avia-img-lazy-loading-not-23156 avia_image ' src=\"https:\/\/www.144.ch\/wp-content\/uploads\/2021\/01\/Pierre-Voumard.jpg\" alt='' title='Pierre-Voumard'  height=\"500\" width=\"500\" srcset=\"https:\/\/www.144.ch\/wp-content\/uploads\/2021\/01\/Pierre-Voumard.jpg 500w, https:\/\/www.144.ch\/wp-content\/uploads\/2021\/01\/Pierre-Voumard-300x300.jpg 300w, https:\/\/www.144.ch\/wp-content\/uploads\/2021\/01\/Pierre-Voumard-80x80.jpg 80w, https:\/\/www.144.ch\/wp-content\/uploads\/2021\/01\/Pierre-Voumard-36x36.jpg 36w, https:\/\/www.144.ch\/wp-content\/uploads\/2021\/01\/Pierre-Voumard-180x180.jpg 180w, https:\/\/www.144.ch\/wp-content\/uploads\/2021\/01\/Pierre-Voumard-100x100.jpg 100w\" sizes=\"(max-width: 500px) 100vw, 500px\" \/><\/div><\/div><\/div><br \/>\n\n<style type=\"text\/css\" data-created_by=\"avia_inline_auto\" id=\"style-css-av-av_heading-bbac34ee8b7eff8dc100ead40e7137a3\">\n#top .av-special-heading.av-av_heading-bbac34ee8b7eff8dc100ead40e7137a3{\npadding-bottom:10px;\n}\nbody .av-special-heading.av-av_heading-bbac34ee8b7eff8dc100ead40e7137a3 .av-special-heading-tag .heading-char{\nfont-size:25px;\n}\n.av-special-heading.av-av_heading-bbac34ee8b7eff8dc100ead40e7137a3 .av-subheading{\nfont-size:15px;\n}\n<\/style>\n<div  class='av-special-heading av-av_heading-bbac34ee8b7eff8dc100ead40e7137a3 av-special-heading-h4 blockquote modern-quote modern-centered  avia-builder-el-24  el_after_av_image  el_before_av_hr '><h4 class='av-special-heading-tag '  >Pierre Voumard <\/h4><div class=\"special-heading-border\"><div class=\"special-heading-inner-border\"><\/div><\/div><\/div><br \/>\n\n<style type=\"text\/css\" data-created_by=\"avia_inline_auto\" id=\"style-css-av-kb6wsd6l-9867c7c9d8ac1eb067dd3228e9abd8ee\">\n#top .hr.av-kb6wsd6l-9867c7c9d8ac1eb067dd3228e9abd8ee{\nmargin-top:15px;\nmargin-bottom:20px;\n}\n.hr.av-kb6wsd6l-9867c7c9d8ac1eb067dd3228e9abd8ee .hr-inner{\nwidth:100px;\nborder-color:#000000;\n}\n<\/style>\n<div  class='hr av-kb6wsd6l-9867c7c9d8ac1eb067dd3228e9abd8ee hr-custom  avia-builder-el-25  el_after_av_heading  el_before_av_textblock  hr-center hr-icon-no'><span class='hr-inner inner-border-av-border-fat'><span class=\"hr-inner-style\"><\/span><\/span><\/div><br \/>\n<section  class='av_textblock_section av-k99zq9fs-06810e7847d4263fbca08a6bd3bf86ea '  ><div class='avia_textblock' ><p style=\"text-align: center;\">Membro<br \/>\nService communal de la s\u00e9curit\u00e9, ville de Neuch\u00e2tel, entit\u00e9 Ambulances<\/p>\n<\/div><\/section><\/p><\/div>\n\n<style type=\"text\/css\" data-created_by=\"avia_inline_auto\" id=\"style-css-av-oqv7me-6702355943a8fb63da99995e23a15005\">\n#top .flex_column.av-oqv7me-6702355943a8fb63da99995e23a15005{\nmargin-top:35px;\nmargin-bottom:30px;\n}\n.flex_column.av-oqv7me-6702355943a8fb63da99995e23a15005{\nborder-radius:0px 0px 0px 0px;\npadding:0px 0px 0px 0px;\n}\n.responsive #top #wrap_all .flex_column.av-oqv7me-6702355943a8fb63da99995e23a15005{\nmargin-top:35px;\nmargin-bottom:30px;\n}\n<\/style>\n<div  class='flex_column av-oqv7me-6702355943a8fb63da99995e23a15005 av_one_third  avia-builder-el-27  el_after_av_one_third  avia-builder-el-last  flex_column_div av-animated-generic right-to-left av-zero-column-padding  column-top-margin'     ><p>\n<style type=\"text\/css\" data-created_by=\"avia_inline_auto\" id=\"style-css-av-k99zsfxs-156a0fd6756f31f0fc0030d38d8763a4\">\n.avia-image-container.av-k99zsfxs-156a0fd6756f31f0fc0030d38d8763a4 img.avia_image{\nbox-shadow:none;\n}\n.avia-image-container.av-k99zsfxs-156a0fd6756f31f0fc0030d38d8763a4 .av-image-caption-overlay-center{\ncolor:#ffffff;\n}\n<\/style>\n<div  class='avia-image-container av-k99zsfxs-156a0fd6756f31f0fc0030d38d8763a4 av-styling-circle avia-align-center  avia-builder-el-28  el_before_av_heading  avia-builder-el-first '  ><div class=\"avia-image-container-inner\"><div class=\"avia-image-overlay-wrap\"><img decoding=\"async\" fetchpriority=\"high\" class='wp-image-23871 avia-img-lazy-loading-not-23871 avia_image ' src=\"https:\/\/www.144.ch\/wp-content\/uploads\/2021\/02\/Andre-Wilmes.jpg\" alt='' title='Andre-Wilmes'  height=\"500\" width=\"500\" srcset=\"https:\/\/www.144.ch\/wp-content\/uploads\/2021\/02\/Andre-Wilmes.jpg 500w, https:\/\/www.144.ch\/wp-content\/uploads\/2021\/02\/Andre-Wilmes-300x300.jpg 300w, https:\/\/www.144.ch\/wp-content\/uploads\/2021\/02\/Andre-Wilmes-80x80.jpg 80w, https:\/\/www.144.ch\/wp-content\/uploads\/2021\/02\/Andre-Wilmes-36x36.jpg 36w, https:\/\/www.144.ch\/wp-content\/uploads\/2021\/02\/Andre-Wilmes-180x180.jpg 180w, https:\/\/www.144.ch\/wp-content\/uploads\/2021\/02\/Andre-Wilmes-100x100.jpg 100w\" sizes=\"(max-width: 500px) 100vw, 500px\" \/><\/div><\/div><\/div><br \/>\n\n<style type=\"text\/css\" data-created_by=\"avia_inline_auto\" id=\"style-css-av-lf80c73e-a11612feb816aa7bf951db05e73b711c\">\n#top .av-special-heading.av-lf80c73e-a11612feb816aa7bf951db05e73b711c{\npadding-bottom:10px;\n}\nbody .av-special-heading.av-lf80c73e-a11612feb816aa7bf951db05e73b711c .av-special-heading-tag .heading-char{\nfont-size:25px;\n}\n.av-special-heading.av-lf80c73e-a11612feb816aa7bf951db05e73b711c .av-subheading{\nfont-size:15px;\n}\n<\/style>\n<div  class='av-special-heading av-lf80c73e-a11612feb816aa7bf951db05e73b711c av-special-heading-h4 blockquote modern-quote modern-centered  avia-builder-el-29  el_after_av_image  el_before_av_hr '><h4 class='av-special-heading-tag '  >Andr\u00e9 Wilmes<\/h4><div class=\"special-heading-border\"><div class=\"special-heading-inner-border\"><\/div><\/div><\/div><br \/>\n\n<style type=\"text\/css\" data-created_by=\"avia_inline_auto\" id=\"style-css-av-kb6wsd6l-9867c7c9d8ac1eb067dd3228e9abd8ee\">\n#top .hr.av-kb6wsd6l-9867c7c9d8ac1eb067dd3228e9abd8ee{\nmargin-top:15px;\nmargin-bottom:20px;\n}\n.hr.av-kb6wsd6l-9867c7c9d8ac1eb067dd3228e9abd8ee .hr-inner{\nwidth:100px;\nborder-color:#000000;\n}\n<\/style>\n<div  class='hr av-kb6wsd6l-9867c7c9d8ac1eb067dd3228e9abd8ee hr-custom  avia-builder-el-30  el_after_av_heading  el_before_av_textblock  hr-center hr-icon-no'><span class='hr-inner inner-border-av-border-fat'><span class=\"hr-inner-style\"><\/span><\/span><\/div><br \/>\n<section  class='av_textblock_section av-k99zq9fs-e36485dd6386b09c5d6c5375aa6bb922 '  ><div class='avia_textblock' ><p style=\"text-align: center;\">Rappresentanza segretariato generale IAS<\/p>\n<\/div><\/section><\/p><\/div>\n","protected":false},"excerpt":{"rendered":"","protected":false},"author":1,"featured_media":0,"parent":22732,"menu_order":4,"comment_status":"closed","ping_status":"closed","template":"","meta":{"_acf_changed":false,"_seopress_robots_primary_cat":"","_seopress_titles_title":"","_seopress_titles_desc":"","_seopress_robots_index":"","footnotes":""},"folder":[],"class_list":["post-22756","page","type-page","status-publish","hentry"],"acf":[],"_links":{"self":[{"href":"https:\/\/www.144.ch\/it\/wp-json\/wp\/v2\/pages\/22756","targetHints":{"allow":["GET"]}}],"collection":[{"href":"https:\/\/www.144.ch\/it\/wp-json\/wp\/v2\/pages"}],"about":[{"href":"https:\/\/www.144.ch\/it\/wp-json\/wp\/v2\/types\/page"}],"author":[{"embeddable":true,"href":"https:\/\/www.144.ch\/it\/wp-json\/wp\/v2\/users\/1"}],"replies":[{"embeddable":true,"href":"https:\/\/www.144.ch\/it\/wp-json\/wp\/v2\/comments?post=22756"}],"version-history":[{"count":7,"href":"https:\/\/www.144.ch\/it\/wp-json\/wp\/v2\/pages\/22756\/revisions"}],"predecessor-version":[{"id":46927,"href":"https:\/\/www.144.ch\/it\/wp-json\/wp\/v2\/pages\/22756\/revisions\/46927"}],"up":[{"embeddable":true,"href":"https:\/\/www.144.ch\/it\/wp-json\/wp\/v2\/pages\/22732"}],"wp:attachment":[{"href":"https:\/\/www.144.ch\/it\/wp-json\/wp\/v2\/media?parent=22756"}],"wp:term":[{"taxonomy":"folder","embeddable":true,"href":"https:\/\/www.144.ch\/it\/wp-json\/wp\/v2\/folder?post=22756"}],"curies":[{"name":"wp","href":"https:\/\/api.w.org\/{rel}","templated":true}]}}