{"id":18368,"date":"2020-06-24T09:27:58","date_gmt":"2020-08-27T09:44:42","guid":{"rendered":"https:\/\/ivr-ias.aretiswebseiten.ch\/produkt\/livret-dattestation-1-unite\/"},"modified":"2025-12-19T15:38:41","modified_gmt":"2025-12-19T14:38:41","slug":"livret-attestation-1-unite","status":"publish","type":"product","link":"https:\/\/www.144.ch\/fr\/produkt\/livret-attestation-1-unite\/","title":{"rendered":"Livret d\u2019attestation (Vente de liquidation)"},"content":{"rendered":"<div class=\"description\">\n<p><strong>Livret d&rsquo;attestation Interassociation pour la formation de base et avanc\u00e9e<br \/>\n<\/strong><\/p>\n<p><em>Cet article est le m\u00eame pour toutes les langues et ne sera plus disponible dans le shop une fois le stock \u00e9puis\u00e9.<\/em><\/p>\n<\/div>\n","protected":false},"excerpt":{"rendered":"<p>Livret d&rsquo;attestation Interassociation pour la formation de base et avanc\u00e9e Cet article est le m\u00eame pour toutes les langues et ne sera plus disponible dans le shop une fois le stock \u00e9puis\u00e9.<\/p>\n","protected":false},"featured_media":18369,"comment_status":"closed","ping_status":"closed","template":"","meta":{"_acf_changed":false,"_seopress_robots_primary_cat":"none","_seopress_titles_title":"","_seopress_titles_desc":"","_seopress_robots_index":""},"product_brand":[],"product_cat":[80],"product_tag":[],"class_list":{"0":"post-18368","1":"product","2":"type-product","3":"status-publish","4":"has-post-thumbnail","6":"product_cat-non-classe","8":"first","9":"instock","10":"taxable","11":"shipping-taxable","12":"purchasable","13":"product-type-simple"},"group_of_quantity":0,"min_quantity":0,"max_quantity":"","exclude_order_quantity_value_rules":"no","exclude_category_quantity_rules":"no","combine_variations":"no","acf":[],"_links":{"self":[{"href":"https:\/\/www.144.ch\/fr\/wp-json\/wp\/v2\/product\/18368","targetHints":{"allow":["GET"]}}],"collection":[{"href":"https:\/\/www.144.ch\/fr\/wp-json\/wp\/v2\/product"}],"about":[{"href":"https:\/\/www.144.ch\/fr\/wp-json\/wp\/v2\/types\/product"}],"replies":[{"embeddable":true,"href":"https:\/\/www.144.ch\/fr\/wp-json\/wp\/v2\/comments?post=18368"}],"wp:featuredmedia":[{"embeddable":true,"href":"https:\/\/www.144.ch\/fr\/wp-json\/wp\/v2\/media\/18369"}],"wp:attachment":[{"href":"https:\/\/www.144.ch\/fr\/wp-json\/wp\/v2\/media?parent=18368"}],"wp:term":[{"taxonomy":"product_brand","embeddable":true,"href":"https:\/\/www.144.ch\/fr\/wp-json\/wp\/v2\/product_brand?post=18368"},{"taxonomy":"product_cat","embeddable":true,"href":"https:\/\/www.144.ch\/fr\/wp-json\/wp\/v2\/product_cat?post=18368"},{"taxonomy":"product_tag","embeddable":true,"href":"https:\/\/www.144.ch\/fr\/wp-json\/wp\/v2\/product_tag?post=18368"}],"curies":[{"name":"wp","href":"https:\/\/api.w.org\/{rel}","templated":true}]}}