{"id":45550,"date":"2025-08-22T10:50:55","date_gmt":"2025-08-22T08:50:55","guid":{"rendered":"https:\/\/www.144.ch\/kennzahlen-rettungswesen-2024\/"},"modified":"2025-11-12T15:06:00","modified_gmt":"2025-11-12T14:06:00","slug":"chiffres-cles-des-services-de-secours","status":"publish","type":"page","link":"https:\/\/www.144.ch\/fr\/chiffres-cles-des-services-de-secours\/","title":{"rendered":"Kennzahlen Rettungswesen 2024"},"content":{"rendered":"<div class='clear'><\/div><div id='sub_menu1'  class='av-submenu-container av-lxixk6pw-3366052687725f1c334baa8666532786 main_color av-switch-768  avia-builder-el-0  el_before_av_section  avia-builder-el-first  ias-sticky-submenu av-sticky-submenu container_wrap fullsize' style='z-index:301' ><div class='container av-menu-mobile-active av-submenu-pos-center'><a href=\"#\" class=\"mobile_menu_toggle\"><span class='avia-svg-icon avia-font-svg_entypo-fontello' data-av_svg_icon='list' data-av_iconset='svg_entypo-fontello'><svg version=\"1.1\" xmlns=\"http:\/\/www.w3.org\/2000\/svg\" width=\"22\" height=\"32\" viewBox=\"0 0 22 32\" preserveAspectRatio=\"xMidYMid meet\" aria-labelledby='av-svg-title-1' aria-describedby='av-svg-desc-1' role=\"graphics-symbol\" aria-hidden=\"true\">\n<title id='av-svg-title-1'>List<\/title>\n<desc id='av-svg-desc-1'>List<\/desc>\n<path d=\"M3.2 20.8q0.64 0 1.12 0.48t0.48 1.12-0.48 1.12-1.12 0.48h-1.6q-0.64 0-1.12-0.48t-0.48-1.12 0.448-1.12 1.152-0.48h1.6zM3.2 14.4q0.64 0 1.12 0.48t0.48 1.12-0.48 1.12-1.12 0.48h-1.6q-0.64 0-1.12-0.48t-0.48-1.12 0.448-1.12 1.152-0.48h1.6zM3.2 8q0.64 0 1.12 0.48t0.48 1.12-0.48 1.12-1.12 0.48h-1.6q-0.64 0-1.12-0.48t-0.48-1.12 0.448-1.12 1.152-0.48h1.6zM9.6 11.2q-0.64 0-1.12-0.48t-0.48-1.12 0.48-1.12 1.12-0.48h11.2q0.704 0 1.152 0.48t0.448 1.12-0.48 1.12-1.12 0.48h-11.2zM20.8 14.4q0.704 0 1.152 0.48t0.448 1.12-0.48 1.12-1.12 0.48h-11.2q-0.64 0-1.12-0.48t-0.48-1.12 0.48-1.12 1.12-0.48h11.2zM20.8 20.8q0.704 0 1.152 0.48t0.448 1.12-0.48 1.12-1.12 0.48h-11.2q-0.64 0-1.12-0.48t-0.48-1.12 0.48-1.12 1.12-0.48h11.2z\"><\/path>\n<\/svg><\/span><span class=\"av-current-placeholder\">Menu<\/span><\/a><ul id=\"menu-kennzahlen-rettungswesen-fr-2024\" class=\"av-subnav-menu\" role=\"menu\"><li role=\"menuitem\" id=\"menu-item-46470\" class=\"menu-item menu-item-type-post_type menu-item-object-page menu-item-top-level menu-item-top-level-1\"><a href=\"https:\/\/www.144.ch\/fr\/chiffres-cles-des-services-de-secours\/\" tabindex=\"0\"><span class=\"avia-bullet\"><\/span><span class=\"avia-menu-text\">Introduction<\/span><span class=\"avia-menu-fx\"><span class=\"avia-arrow-wrap\"><span class=\"avia-arrow\"><\/span><\/span><\/span><\/a><\/li>\n<li role=\"menuitem\" id=\"menu-item-46406\" class=\"menu-item menu-item-type-post_type menu-item-object-page menu-item-top-level menu-item-top-level-2\"><a href=\"https:\/\/www.144.ch\/fr\/chiffres-cles-des-services-de-secours\/disponibilite\/\" tabindex=\"0\"><span class=\"avia-bullet\"><\/span><span class=\"avia-menu-text\">Disponibilit\u00e9<\/span><span class=\"avia-menu-fx\"><span class=\"avia-arrow-wrap\"><span class=\"avia-arrow\"><\/span><\/span><\/span><\/a><\/li>\n<li role=\"menuitem\" id=\"menu-item-46411\" class=\"menu-item menu-item-type-post_type menu-item-object-page menu-item-top-level menu-item-top-level-3\"><a href=\"https:\/\/www.144.ch\/fr\/chiffres-cles-des-services-de-secours\/personnel\/\" tabindex=\"0\"><span class=\"avia-bullet\"><\/span><span class=\"avia-menu-text\">Personnel<\/span><span class=\"avia-menu-fx\"><span class=\"avia-arrow-wrap\"><span class=\"avia-arrow\"><\/span><\/span><\/span><\/a><\/li>\n<li role=\"menuitem\" id=\"menu-item-46419\" class=\"menu-item menu-item-type-post_type menu-item-object-page menu-item-top-level menu-item-top-level-4\"><a href=\"https:\/\/www.144.ch\/fr\/chiffres-cles-des-services-de-secours\/alarme\/\" tabindex=\"0\"><span class=\"avia-bullet\"><\/span><span class=\"avia-menu-text\">Alarme<\/span><span class=\"avia-menu-fx\"><span class=\"avia-arrow-wrap\"><span class=\"avia-arrow\"><\/span><\/span><\/span><\/a><\/li>\n<li role=\"menuitem\" id=\"menu-item-46427\" class=\"menu-item menu-item-type-post_type menu-item-object-page menu-item-top-level menu-item-top-level-5\"><a href=\"https:\/\/www.144.ch\/fr\/chiffres-cles-des-services-de-secours\/documents\/\" tabindex=\"0\"><span class=\"avia-bullet\"><\/span><span class=\"avia-menu-text\">Documents<\/span><span class=\"avia-menu-fx\"><span class=\"avia-arrow-wrap\"><span class=\"avia-arrow\"><\/span><\/span><\/span><\/a><\/li>\n<li role=\"menuitem\" id=\"menu-item-46410\" class=\"menu-item menu-item-type-post_type menu-item-object-page menu-item-top-level menu-item-top-level-6\"><a href=\"https:\/\/www.144.ch\/fr\/chiffres-cles-des-services-de-secours-2023\/\" tabindex=\"0\"><span class=\"avia-bullet\"><\/span><span class=\"avia-menu-text\">Chiffres cl\u00e9s 2023<\/span><span class=\"avia-menu-fx\"><span class=\"avia-arrow-wrap\"><span class=\"avia-arrow\"><\/span><\/span><\/span><\/a><\/li>\n<\/ul><\/div><\/div><div class='sticky_placeholder'><\/div>\n\n<style type=\"text\/css\" data-created_by=\"avia_inline_auto\" id=\"style-css-av-q5lck3-717be0960e364f211e6f87d023ba2951\">\n.avia-section.av-q5lck3-717be0960e364f211e6f87d023ba2951 .av-extra-border-element .av-extra-border-inner{\nbackground-color:#ffffff;\n}\n<\/style>\n<div id='av_section_1'  class='avia-section av-q5lck3-717be0960e364f211e6f87d023ba2951 main_color avia-section-huge avia-no-border-styling  avia-builder-el-1  el_after_av_submenu  el_before_av_section  avia-bg-style-scroll av-arrow-down-section container_wrap fullsize'  ><div class='container av-section-cont-open' ><div class='template-page content  av-content-full alpha units'><div class='post-entry post-entry-type-page post-entry-45550'><div class='entry-content-wrapper clearfix'>\n\n<style type=\"text\/css\" data-created_by=\"avia_inline_auto\" id=\"style-css-av-nzautv-649c4637659252f9b5b168652d4041e7\">\n#top .av-special-heading.av-nzautv-649c4637659252f9b5b168652d4041e7{\npadding-bottom:10px;\n}\nbody .av-special-heading.av-nzautv-649c4637659252f9b5b168652d4041e7 .av-special-heading-tag .heading-char{\nfont-size:25px;\n}\n.av-special-heading.av-nzautv-649c4637659252f9b5b168652d4041e7 .av-subheading{\nfont-size:15px;\n}\n<\/style>\n<div  class='av-special-heading av-nzautv-649c4637659252f9b5b168652d4041e7 av-special-heading-h1 blockquote modern-quote modern-centered  avia-builder-el-2  el_before_av_hr  avia-builder-el-first  av-thin-font'><h1 class='av-special-heading-tag '  >Chiffres cl\u00e9s du <strong>syst\u00e8me de secours suisse 2024<\/strong> <\/h1><div class=\"special-heading-border\"><div class=\"special-heading-inner-border\"><\/div><\/div><\/div>\n\n<style type=\"text\/css\" data-created_by=\"avia_inline_auto\" id=\"style-css-av-kb6hhq2e-3ad4693bcbc63eca39c7d08d0802742b\">\n#top .hr.av-kb6hhq2e-3ad4693bcbc63eca39c7d08d0802742b{\nmargin-top:30px;\nmargin-bottom:30px;\n}\n.hr.av-kb6hhq2e-3ad4693bcbc63eca39c7d08d0802742b .hr-inner{\nwidth:100px;\nborder-color:#0e0e0e;\nmax-width:45%;\n}\n.hr.av-kb6hhq2e-3ad4693bcbc63eca39c7d08d0802742b .av-seperator-icon{\ncolor:#0e0e0e;\n}\n.hr.av-kb6hhq2e-3ad4693bcbc63eca39c7d08d0802742b .av-seperator-icon.avia-svg-icon svg:first-child{\nfill:#0e0e0e;\nstroke:#0e0e0e;\n}\n<\/style>\n<div  class='hr av-kb6hhq2e-3ad4693bcbc63eca39c7d08d0802742b hr-custom  avia-builder-el-3  el_after_av_heading  el_before_av_one_half  hr-center hr-icon-yes'><span class='hr-inner inner-border-av-border-fat'><span class=\"hr-inner-style\"><\/span><\/span><span class='av-seperator-icon avia-iconfont avia-font-fontello' data-av_icon='\ue809' data-av_iconfont='fontello' ><\/span><span class='hr-inner inner-border-av-border-fat'><span class=\"hr-inner-style\"><\/span><\/span><\/div>\n\n<style type=\"text\/css\" data-created_by=\"avia_inline_auto\" id=\"style-css-av-kb6wq2hy-d61931e081426d3da9bd0527f7d391ca\">\n#top .flex_column.av-kb6wq2hy-d61931e081426d3da9bd0527f7d391ca{\nmargin-top:30px;\nmargin-bottom:0px;\n}\n.flex_column.av-kb6wq2hy-d61931e081426d3da9bd0527f7d391ca{\nborder-radius:0px 0px 0px 0px;\npadding:0px 0px 0px 0px;\n}\n.responsive #top #wrap_all .flex_column.av-kb6wq2hy-d61931e081426d3da9bd0527f7d391ca{\nmargin-top:30px;\nmargin-bottom:0px;\n}\n<\/style>\n<div  class='flex_column av-kb6wq2hy-d61931e081426d3da9bd0527f7d391ca av_one_half  avia-builder-el-4  el_after_av_hr  el_before_av_one_half  first flex_column_div av-animated-generic left-to-right av-zero-column-padding  '     ><style type=\"text\/css\" data-created_by=\"avia_inline_auto\" id=\"style-css-av-k1jjoz-d5fa8426400c7b0eb837b568e978becc\">\n.avia-image-container.av-k1jjoz-d5fa8426400c7b0eb837b568e978becc img.avia_image{\nbox-shadow:none;\n}\n.avia-image-container.av-k1jjoz-d5fa8426400c7b0eb837b568e978becc .av-image-caption-overlay-center{\ncolor:#ffffff;\n}\n<\/style>\n<div  class='avia-image-container av-k1jjoz-d5fa8426400c7b0eb837b568e978becc av-styling- avia-align-center  avia-builder-el-5  avia-builder-el-no-sibling '  ><div class=\"avia-image-container-inner\"><div class=\"avia-image-overlay-wrap\"><img decoding=\"async\" fetchpriority=\"high\" class='wp-image-33207 avia-img-lazy-loading-not-33207 avia_image ' src=\"https:\/\/www.144.ch\/wp-content\/uploads\/2023\/02\/f_wirkungsm@2x.png\" alt='' title='f_wirkungsm@2x'  height=\"300\" width=\"300\" srcset=\"https:\/\/www.144.ch\/wp-content\/uploads\/2023\/02\/f_wirkungsm@2x.png 300w, https:\/\/www.144.ch\/wp-content\/uploads\/2023\/02\/f_wirkungsm@2x-80x80.png 80w, https:\/\/www.144.ch\/wp-content\/uploads\/2023\/02\/f_wirkungsm@2x-36x36.png 36w, https:\/\/www.144.ch\/wp-content\/uploads\/2023\/02\/f_wirkungsm@2x-180x180.png 180w, https:\/\/www.144.ch\/wp-content\/uploads\/2023\/02\/f_wirkungsm@2x-120x120.png 120w, https:\/\/www.144.ch\/wp-content\/uploads\/2023\/02\/f_wirkungsm@2x-100x100.png 100w\" sizes=\"(max-width: 300px) 100vw, 300px\" \/><\/div><\/div><\/div><\/div>\n<style type=\"text\/css\" data-created_by=\"avia_inline_auto\" id=\"style-css-av-kb6wq2hy-36-8b42314c323ecfd2c81993375ba777c9\">\n#top .flex_column.av-kb6wq2hy-36-8b42314c323ecfd2c81993375ba777c9{\nmargin-top:30px;\nmargin-bottom:0px;\n}\n.flex_column.av-kb6wq2hy-36-8b42314c323ecfd2c81993375ba777c9{\nborder-radius:0px 0px 0px 0px;\npadding:0px 0px 0px 0px;\n}\n.responsive #top #wrap_all .flex_column.av-kb6wq2hy-36-8b42314c323ecfd2c81993375ba777c9{\nmargin-top:30px;\nmargin-bottom:0px;\n}\n<\/style>\n<div  class='flex_column av-kb6wq2hy-36-8b42314c323ecfd2c81993375ba777c9 av_one_half  avia-builder-el-6  el_after_av_one_half  avia-builder-el-last  flex_column_div av-animated-generic left-to-right av-zero-column-padding  '     ><p>\n<style type=\"text\/css\" data-created_by=\"avia_inline_auto\" id=\"style-css-av-lxisg0h2-dbeb1736f5bd644f23c7a7cb6960d091\">\n#top .av-special-heading.av-lxisg0h2-dbeb1736f5bd644f23c7a7cb6960d091{\npadding-bottom:10px;\n}\nbody .av-special-heading.av-lxisg0h2-dbeb1736f5bd644f23c7a7cb6960d091 .av-special-heading-tag .heading-char{\nfont-size:25px;\n}\n.av-special-heading.av-lxisg0h2-dbeb1736f5bd644f23c7a7cb6960d091 .av-subheading{\nfont-size:15px;\n}\n<\/style>\n<div  class='av-special-heading av-lxisg0h2-dbeb1736f5bd644f23c7a7cb6960d091 av-special-heading-h3 blockquote modern-quote  avia-builder-el-7  el_before_av_hr  avia-builder-el-first '><h3 class='av-special-heading-tag '  >Introduction<\/h3><div class=\"special-heading-border\"><div class=\"special-heading-inner-border\"><\/div><\/div><\/div><br \/>\n\n<style type=\"text\/css\" data-created_by=\"avia_inline_auto\" id=\"style-css-av-kb6wsd6l-34-1f540d570a2ef298fa81634b42fb2ce6\">\n#top .hr.av-kb6wsd6l-34-1f540d570a2ef298fa81634b42fb2ce6{\nmargin-top:15px;\nmargin-bottom:20px;\n}\n.hr.av-kb6wsd6l-34-1f540d570a2ef298fa81634b42fb2ce6 .hr-inner{\nwidth:100px;\nborder-color:#000000;\n}\n<\/style>\n<div  class='hr av-kb6wsd6l-34-1f540d570a2ef298fa81634b42fb2ce6 hr-custom  avia-builder-el-8  el_after_av_heading  el_before_av_textblock  hr-left hr-icon-no'><span class='hr-inner inner-border-av-border-fat'><span class=\"hr-inner-style\"><\/span><\/span><\/div><br \/>\n<section  class='av_textblock_section av-kbam06xl-542b52e93be61206580a0f6ce315513f '  ><div class='avia_textblock' ><p>Vous trouverez ici les r\u00e9sultats de l&rsquo;ann\u00e9e 2024. La s\u00e9lection ou la pr\u00e9sentation des r\u00e9sultats peut diff\u00e9rer de celle de l&rsquo;ann\u00e9e 2023. Lorsque cela semble pertinent, les r\u00e9sultats de l&rsquo;ann\u00e9e pr\u00e9c\u00e9dente sont mentionn\u00e9s.<\/p>\n<p>Les chiffres cl\u00e9s du registre suisse des Out-of-Hospital Cardiac Arrest peuvent \u00eatre consult\u00e9s sur le site correspondant : <a href=\"http:\/\/www.swissreca.ch\" target=\"_blank\" rel=\"noopener\">www.swissreca.ch<\/a>.<\/p>\n<p>Pour plus de d\u00e9tails sur l\u2019historique des chiffres cl\u00e9s et leur utilisation dans diff\u00e9rents contextes, veuillez consulter les publications dans la rubrique \u00abdocuments\u00bb.<\/p>\n<p>Sauf indication contraire, les donn\u00e9es pr\u00e9sent\u00e9es se r\u00e9f\u00e8rent \u00e0 l\u2019ann\u00e9e civile <strong>2024<\/strong>.<\/p>\n<p>Le taux de r\u00e9ponse a \u00e9t\u00e9 de 100 % pour les centrales d&rsquo;appels sanitaires urgents (CASU) 144 et les \u00e9coles sup\u00e9rieures (2023 : 100 %).<\/p>\n<p>Le taux de r\u00e9ponse des services de sauvetage \u00e9tait de 90 % (2023 : 91 %).<\/p>\n<p><strong>Il faut tenir compte du fait que, malgr\u00e9 un taux de r\u00e9ponse similaire, les services de sauvetage qui ont r\u00e9pondu ne sont pas exactement les m\u00eames. Il faut donc s&rsquo;attendre \u00e0 des fluctuations en raison de la diversit\u00e9 de la population de r\u00e9f\u00e9rence.<\/strong><\/p>\n<\/div><\/section><\/p><\/div><\/div><\/div><\/div><!-- close content main div --><\/div><div class='av-extra-border-element border-extra-arrow-down'><div class='av-extra-border-outer'><div class='av-extra-border-inner'><\/div><\/div><\/div><\/div><div id='av_section_2'  class='avia-section av-19yo7li-4c50116d877c4bc09e975e1b90e4dc12 alternate_color avia-section-huge avia-no-border-styling  avia-builder-el-10  el_after_av_section  avia-builder-el-last  avia-bg-style-scroll container_wrap fullsize'  ><div class='container av-section-cont-open' ><div class='template-page content  av-content-full alpha units'><div class='post-entry post-entry-type-page post-entry-45550'><div class='entry-content-wrapper clearfix'>\n\n<style type=\"text\/css\" data-created_by=\"avia_inline_auto\" id=\"style-css-av-3llhaab-09680416b7338c8f1dbc24ce802c7a67\">\n#top .av-special-heading.av-3llhaab-09680416b7338c8f1dbc24ce802c7a67{\npadding-bottom:10px;\n}\nbody .av-special-heading.av-3llhaab-09680416b7338c8f1dbc24ce802c7a67 .av-special-heading-tag .heading-char{\nfont-size:25px;\n}\n.av-special-heading.av-3llhaab-09680416b7338c8f1dbc24ce802c7a67 .av-subheading{\nfont-size:15px;\n}\n<\/style>\n<div  class='av-special-heading av-3llhaab-09680416b7338c8f1dbc24ce802c7a67 av-special-heading-h2 blockquote modern-quote modern-centered  avia-builder-el-11  el_before_av_hr  avia-builder-el-first '><h2 class='av-special-heading-tag '  >Structure<\/h2><div class=\"special-heading-border\"><div class=\"special-heading-inner-border\"><\/div><\/div><\/div>\n\n<style type=\"text\/css\" data-created_by=\"avia_inline_auto\" id=\"style-css-av-kb6hhq2e-37-fb505a90ee9edf635ce4bc558846a183\">\n#top .hr.av-kb6hhq2e-37-fb505a90ee9edf635ce4bc558846a183{\nmargin-top:30px;\nmargin-bottom:30px;\n}\n.hr.av-kb6hhq2e-37-fb505a90ee9edf635ce4bc558846a183 .hr-inner{\nwidth:100px;\nborder-color:#0e0e0e;\nmax-width:45%;\n}\n.hr.av-kb6hhq2e-37-fb505a90ee9edf635ce4bc558846a183 .av-seperator-icon{\ncolor:#0e0e0e;\n}\n.hr.av-kb6hhq2e-37-fb505a90ee9edf635ce4bc558846a183 .av-seperator-icon.avia-svg-icon svg:first-child{\nfill:#0e0e0e;\nstroke:#0e0e0e;\n}\n<\/style>\n<div  class='hr av-kb6hhq2e-37-fb505a90ee9edf635ce4bc558846a183 hr-custom  avia-builder-el-12  el_after_av_heading  el_before_av_one_half  hr-center hr-icon-yes'><span class='hr-inner inner-border-av-border-fat'><span class=\"hr-inner-style\"><\/span><\/span><span class='av-seperator-icon avia-iconfont avia-font-fontello' data-av_icon='\ue809' data-av_iconfont='fontello' ><\/span><span class='hr-inner inner-border-av-border-fat'><span class=\"hr-inner-style\"><\/span><\/span><\/div>\n<div class='flex_column_table av-oqv7me-6fa28f4ff1c37a5e04cd2a8b42dde56f sc-av_one_half av-equal-height-column-flextable'>\n<style type=\"text\/css\" data-created_by=\"avia_inline_auto\" id=\"style-css-av-oqv7me-6fa28f4ff1c37a5e04cd2a8b42dde56f\">\n#top .flex_column_table.av-equal-height-column-flextable.av-oqv7me-6fa28f4ff1c37a5e04cd2a8b42dde56f{\nmargin-top:30px;\nmargin-bottom:30px;\n}\n.flex_column.av-oqv7me-6fa28f4ff1c37a5e04cd2a8b42dde56f{\nborder-radius:0px 0px 0px 0px;\npadding:0px 0px 0px 0px;\n}\n<\/style>\n<div  class='flex_column av-oqv7me-6fa28f4ff1c37a5e04cd2a8b42dde56f av_one_half  avia-builder-el-13  el_after_av_hr  el_before_av_one_half  first flex_column_table_cell av-equal-height-column av-align-top av-animated-generic left-to-right av-zero-column-padding  '     ><p><br \/>\n<section  class='av_textblock_section av-lxismo6v-3eac5cc0d2c535da7f9d4ea2575c3db0 '  ><div class='avia_textblock' ><p>Aper\u00e7u actuel de toutes les centrales d&rsquo;appels sanitaires urgents 144<\/p>\n<\/div><\/section><\/p><\/div><div class='av-flex-placeholder'><\/div>\n<style type=\"text\/css\" data-created_by=\"avia_inline_auto\" id=\"style-css-av-oqv7me-30-361f1aeabeb933670b80fe9714408dda\">\n#top .flex_column_table.av-equal-height-column-flextable.av-oqv7me-30-361f1aeabeb933670b80fe9714408dda{\nmargin-top:30px;\nmargin-bottom:30px;\n}\n.flex_column.av-oqv7me-30-361f1aeabeb933670b80fe9714408dda{\nborder-radius:0px 0px 0px 0px;\npadding:0px 0px 0px 0px;\n}\n<\/style>\n<div  class='flex_column av-oqv7me-30-361f1aeabeb933670b80fe9714408dda av_one_half  avia-builder-el-16  el_after_av_one_half  el_before_av_one_half  flex_column_table_cell av-equal-height-column av-align-top av-animated-generic left-to-right av-zero-column-padding  '     ><p><br \/>\n<section  class='av_textblock_section av-lxisnaei-6dc6594b0769b99752269decdd9280e5 '  ><div class='avia_textblock' ><p>Aper\u00e7u actuel de tous les services de sauvetage<\/p>\n<\/div><\/section><\/p><\/div><\/div><!--close column table wrapper. Autoclose: 1 -->\n<style type=\"text\/css\" data-created_by=\"avia_inline_auto\" id=\"style-css-av-mb6q0f-e68e222d39aadf6b59f3bb8615c8289d\">\n.flex_column.av-mb6q0f-e68e222d39aadf6b59f3bb8615c8289d{\nborder-radius:0px 0px 0px 0px;\npadding:0px 0px 0px 0px;\n}\n<\/style>\n<div  class='flex_column av-mb6q0f-e68e222d39aadf6b59f3bb8615c8289d av_one_half  avia-builder-el-19  el_after_av_one_half  avia-builder-el-last  first flex_column_div av-animated-generic left-to-right av-zero-column-padding  column-top-margin'     ><p><br \/>\n<section  class='av_textblock_section av-mf6hwsvn-94bc85c795dc79d5e9f757fe9c96aae8 '  ><div class='avia_textblock' ><p>Aper\u00e7u actuel de tous les services de secours avec leurs diff\u00e9rentes bases<\/p>\n<\/div><\/section><\/p><\/div>\n<\/p>\n","protected":false},"excerpt":{"rendered":"","protected":false},"author":1,"featured_media":0,"parent":0,"menu_order":6,"comment_status":"closed","ping_status":"closed","template":"","meta":{"_acf_changed":false,"_seopress_robots_primary_cat":"","_seopress_titles_title":"Kennzahlen Rettungswesen 2024","_seopress_titles_desc":"","_seopress_robots_index":"","footnotes":""},"folder":[],"class_list":["post-45550","page","type-page","status-publish","hentry"],"acf":[],"_links":{"self":[{"href":"https:\/\/www.144.ch\/fr\/wp-json\/wp\/v2\/pages\/45550","targetHints":{"allow":["GET"]}}],"collection":[{"href":"https:\/\/www.144.ch\/fr\/wp-json\/wp\/v2\/pages"}],"about":[{"href":"https:\/\/www.144.ch\/fr\/wp-json\/wp\/v2\/types\/page"}],"author":[{"embeddable":true,"href":"https:\/\/www.144.ch\/fr\/wp-json\/wp\/v2\/users\/1"}],"replies":[{"embeddable":true,"href":"https:\/\/www.144.ch\/fr\/wp-json\/wp\/v2\/comments?post=45550"}],"version-history":[{"count":10,"href":"https:\/\/www.144.ch\/fr\/wp-json\/wp\/v2\/pages\/45550\/revisions"}],"predecessor-version":[{"id":46547,"href":"https:\/\/www.144.ch\/fr\/wp-json\/wp\/v2\/pages\/45550\/revisions\/46547"}],"wp:attachment":[{"href":"https:\/\/www.144.ch\/fr\/wp-json\/wp\/v2\/media?parent=45550"}],"wp:term":[{"taxonomy":"folder","embeddable":true,"href":"https:\/\/www.144.ch\/fr\/wp-json\/wp\/v2\/folder?post=45550"}],"curies":[{"name":"wp","href":"https:\/\/api.w.org\/{rel}","templated":true}]}}