{"id":45544,"date":"2025-08-22T10:52:36","date_gmt":"2025-08-22T08:52:36","guid":{"rendered":"https:\/\/www.144.ch\/verfuegbarkeit-2024\/"},"modified":"2025-11-03T09:57:10","modified_gmt":"2025-11-03T08:57:10","slug":"disponibilite","status":"publish","type":"page","link":"https:\/\/www.144.ch\/fr\/chiffres-cles-des-services-de-secours\/disponibilite\/","title":{"rendered":"Verf\u00fcgbarkeit 2024"},"content":{"rendered":"<div class='clear'><\/div><div id='sub_menu1'  class='av-submenu-container av-lxixmsbs-fc65cb327de385930089bcda02346fb1 main_color  avia-builder-el-0  el_before_av_section  avia-builder-el-first  av-sticky-submenu container_wrap fullsize' style='z-index:301' ><div class='container av-menu-mobile-disabled av-submenu-pos-center'><ul id=\"menu-kennzahlen-rettungswesen-fr-2024\" class=\"av-subnav-menu\" role=\"menu\"><li role=\"menuitem\" id=\"menu-item-46470\" class=\"menu-item menu-item-type-post_type menu-item-object-page menu-item-top-level menu-item-top-level-1\"><a href=\"https:\/\/www.144.ch\/fr\/chiffres-cles-des-services-de-secours\/\" tabindex=\"0\"><span class=\"avia-bullet\"><\/span><span class=\"avia-menu-text\">Introduction<\/span><span class=\"avia-menu-fx\"><span class=\"avia-arrow-wrap\"><span class=\"avia-arrow\"><\/span><\/span><\/span><\/a><\/li>\n<li role=\"menuitem\" id=\"menu-item-46406\" class=\"menu-item menu-item-type-post_type menu-item-object-page menu-item-top-level menu-item-top-level-2\"><a href=\"https:\/\/www.144.ch\/fr\/chiffres-cles-des-services-de-secours\/disponibilite\/\" tabindex=\"0\"><span class=\"avia-bullet\"><\/span><span class=\"avia-menu-text\">Disponibilit\u00e9<\/span><span class=\"avia-menu-fx\"><span class=\"avia-arrow-wrap\"><span class=\"avia-arrow\"><\/span><\/span><\/span><\/a><\/li>\n<li role=\"menuitem\" id=\"menu-item-46411\" class=\"menu-item menu-item-type-post_type menu-item-object-page menu-item-top-level menu-item-top-level-3\"><a href=\"https:\/\/www.144.ch\/fr\/chiffres-cles-des-services-de-secours\/personnel\/\" tabindex=\"0\"><span class=\"avia-bullet\"><\/span><span class=\"avia-menu-text\">Personnel<\/span><span class=\"avia-menu-fx\"><span class=\"avia-arrow-wrap\"><span class=\"avia-arrow\"><\/span><\/span><\/span><\/a><\/li>\n<li role=\"menuitem\" id=\"menu-item-46419\" class=\"menu-item menu-item-type-post_type menu-item-object-page menu-item-top-level menu-item-top-level-4\"><a href=\"https:\/\/www.144.ch\/fr\/chiffres-cles-des-services-de-secours\/alarme\/\" tabindex=\"0\"><span class=\"avia-bullet\"><\/span><span class=\"avia-menu-text\">Alarme<\/span><span class=\"avia-menu-fx\"><span class=\"avia-arrow-wrap\"><span class=\"avia-arrow\"><\/span><\/span><\/span><\/a><\/li>\n<li role=\"menuitem\" id=\"menu-item-46427\" class=\"menu-item menu-item-type-post_type menu-item-object-page menu-item-top-level menu-item-top-level-5\"><a href=\"https:\/\/www.144.ch\/fr\/chiffres-cles-des-services-de-secours\/documents\/\" tabindex=\"0\"><span class=\"avia-bullet\"><\/span><span class=\"avia-menu-text\">Documents<\/span><span class=\"avia-menu-fx\"><span class=\"avia-arrow-wrap\"><span class=\"avia-arrow\"><\/span><\/span><\/span><\/a><\/li>\n<li role=\"menuitem\" id=\"menu-item-46410\" class=\"menu-item menu-item-type-post_type menu-item-object-page menu-item-top-level menu-item-top-level-6\"><a href=\"https:\/\/www.144.ch\/fr\/chiffres-cles-des-services-de-secours-2023\/\" tabindex=\"0\"><span class=\"avia-bullet\"><\/span><span class=\"avia-menu-text\">Chiffres cl\u00e9s 2023<\/span><span class=\"avia-menu-fx\"><span class=\"avia-arrow-wrap\"><span class=\"avia-arrow\"><\/span><\/span><\/span><\/a><\/li>\n<\/ul><\/div><\/div><div class='sticky_placeholder'><\/div>\n\n<style type=\"text\/css\" data-created_by=\"avia_inline_auto\" id=\"style-css-av-q5lck3-717be0960e364f211e6f87d023ba2951\">\n.avia-section.av-q5lck3-717be0960e364f211e6f87d023ba2951 .av-extra-border-element .av-extra-border-inner{\nbackground-color:#ffffff;\n}\n<\/style>\n<div id='av_section_1'  class='avia-section av-q5lck3-717be0960e364f211e6f87d023ba2951 main_color avia-section-huge avia-no-border-styling  avia-builder-el-1  el_after_av_submenu  el_before_av_section  avia-bg-style-scroll av-arrow-down-section container_wrap fullsize'  ><div class='container av-section-cont-open' ><div class='template-page content  av-content-full alpha units'><div class='post-entry post-entry-type-page post-entry-45544'><div class='entry-content-wrapper clearfix'>\n\n<style type=\"text\/css\" data-created_by=\"avia_inline_auto\" id=\"style-css-av-nzautv-c00564d0c4dcb56d8b395fa1099fd2f0\">\n#top .av-special-heading.av-nzautv-c00564d0c4dcb56d8b395fa1099fd2f0{\npadding-bottom:10px;\n}\nbody .av-special-heading.av-nzautv-c00564d0c4dcb56d8b395fa1099fd2f0 .av-special-heading-tag .heading-char{\nfont-size:25px;\n}\n.av-special-heading.av-nzautv-c00564d0c4dcb56d8b395fa1099fd2f0 .av-subheading{\nfont-size:15px;\n}\n<\/style>\n<div  class='av-special-heading av-nzautv-c00564d0c4dcb56d8b395fa1099fd2f0 av-special-heading-h1 blockquote modern-quote modern-centered  avia-builder-el-2  el_before_av_hr  avia-builder-el-first '><h1 class='av-special-heading-tag '  >Disponibilit\u00e9<\/h1><div class=\"special-heading-border\"><div class=\"special-heading-inner-border\"><\/div><\/div><\/div>\n\n<style type=\"text\/css\" data-created_by=\"avia_inline_auto\" id=\"style-css-av-kb6hhq2e-3ad4693bcbc63eca39c7d08d0802742b\">\n#top .hr.av-kb6hhq2e-3ad4693bcbc63eca39c7d08d0802742b{\nmargin-top:30px;\nmargin-bottom:30px;\n}\n.hr.av-kb6hhq2e-3ad4693bcbc63eca39c7d08d0802742b .hr-inner{\nwidth:100px;\nborder-color:#0e0e0e;\nmax-width:45%;\n}\n.hr.av-kb6hhq2e-3ad4693bcbc63eca39c7d08d0802742b .av-seperator-icon{\ncolor:#0e0e0e;\n}\n.hr.av-kb6hhq2e-3ad4693bcbc63eca39c7d08d0802742b .av-seperator-icon.avia-svg-icon svg:first-child{\nfill:#0e0e0e;\nstroke:#0e0e0e;\n}\n<\/style>\n<div  class='hr av-kb6hhq2e-3ad4693bcbc63eca39c7d08d0802742b hr-custom  avia-builder-el-3  el_after_av_heading  el_before_av_one_half  hr-center hr-icon-yes'><span class='hr-inner inner-border-av-border-fat'><span class=\"hr-inner-style\"><\/span><\/span><span class='av-seperator-icon avia-iconfont avia-font-fontello' data-av_icon='\ue809' data-av_iconfont='fontello' ><\/span><span class='hr-inner inner-border-av-border-fat'><span class=\"hr-inner-style\"><\/span><\/span><\/div>\n<div  class='flex_column av-14aaocm-74ac9cd099afd364a4602ed60f7e8b85 av_one_half  avia-builder-el-4  el_after_av_hr  el_before_av_one_half  first flex_column_div  '     ><style type=\"text\/css\" data-created_by=\"avia_inline_auto\" id=\"style-css-av-lxisy1yr-018ec7cb04c4204947b6cd678444ca05\">\n#top .av-special-heading.av-lxisy1yr-018ec7cb04c4204947b6cd678444ca05{\npadding-bottom:10px;\n}\nbody .av-special-heading.av-lxisy1yr-018ec7cb04c4204947b6cd678444ca05 .av-special-heading-tag .heading-char{\nfont-size:25px;\n}\n.av-special-heading.av-lxisy1yr-018ec7cb04c4204947b6cd678444ca05 .av-subheading{\nfont-size:15px;\n}\n<\/style>\n<div  class='av-special-heading av-lxisy1yr-018ec7cb04c4204947b6cd678444ca05 av-special-heading-h2 blockquote modern-quote  avia-builder-el-5  avia-builder-el-no-sibling  av-thin-font'><h2 class='av-special-heading-tag '  >Disponibilit\u00e9 des <strong>moyens de sauvetage<\/strong> r\u00e9partis sur 24h<\/h2><div class=\"special-heading-border\"><div class=\"special-heading-inner-border\"><\/div><\/div><\/div><\/div><div  class='flex_column av-vn7orq-e1069a0aa9e66a583dcd7c0583743b16 av_one_half  avia-builder-el-6  el_after_av_one_half  avia-builder-el-last  flex_column_div  '     ><section  class='av_textblock_section av-lxisyd6c-0167f203e33d16b4835bd731ea31ad2c '  ><div class='avia_textblock' ><p>Aux heures indiqu\u00e9es, en 2024, le nombre indiqu\u00e9 de moyens de sauvetage \u00e9tait disponible \u00e0 l\u2019\u00e9chelle nationale en Suisse pour les types d\u2019interventions sp\u00e9cifi\u00e9s.<\/p>\n<p>P1-P3 = Intervention primaire<br \/>\nS1-S3 = Intervention secondaire<\/p>\n<\/div><\/section><\/div>\n\n<\/div><\/div><\/div><!-- close content main div --><\/div><div class='av-extra-border-element border-extra-arrow-down'><div class='av-extra-border-outer'><div class='av-extra-border-inner'><\/div><\/div><\/div><\/div><div id='av_section_2'  class='avia-section av-19yo7li-390c010255a0e078002ca56ae8dbf862 alternate_color avia-section-huge avia-no-border-styling  avia-builder-el-8  el_after_av_section  avia-builder-el-last  avia-bg-style-scroll container_wrap fullsize'  ><div class='container av-section-cont-open' ><div class='template-page content  av-content-full alpha units'><div class='post-entry post-entry-type-page post-entry-45544'><div class='entry-content-wrapper clearfix'>\n\n<style type=\"text\/css\" data-created_by=\"avia_inline_auto\" id=\"style-css-av-vhz2na-bf75a0bb5ee9231c05838cf0404ecb79\">\n#top .flex_column.av-vhz2na-bf75a0bb5ee9231c05838cf0404ecb79{\nmargin-top:30px;\nmargin-bottom:0px;\n}\n.flex_column.av-vhz2na-bf75a0bb5ee9231c05838cf0404ecb79{\nwidth:100%;\nborder-radius:0px 0px 0px 0px;\npadding:0px 0px 0px 0px;\n}\n.responsive #top #wrap_all .flex_column.av-vhz2na-bf75a0bb5ee9231c05838cf0404ecb79{\nmargin-top:30px;\nmargin-bottom:0px;\n}\n<\/style>\n<div  class='flex_column av-vhz2na-bf75a0bb5ee9231c05838cf0404ecb79 av_one_full  avia-builder-el-9  el_before_av_one_full  avia-builder-el-first  first flex_column_div av-animated-generic left-to-right av-zero-column-padding  '     ><\/div><div  class='flex_column av-w31tgm-51e40f44daa4ce0abbe700b3807583c0 av_one_full  avia-builder-el-11  el_after_av_one_full  avia-builder-el-last  first flex_column_div  column-top-margin'     ><p>\n<style type=\"text\/css\" data-created_by=\"avia_inline_auto\" id=\"style-css-av-lxit0fqu-0c1f82c570cb7e4e654db9d9a5a824f4\">\n#top .av-special-heading.av-lxit0fqu-0c1f82c570cb7e4e654db9d9a5a824f4{\npadding-bottom:10px;\n}\nbody .av-special-heading.av-lxit0fqu-0c1f82c570cb7e4e654db9d9a5a824f4 .av-special-heading-tag .heading-char{\nfont-size:25px;\n}\n.av-special-heading.av-lxit0fqu-0c1f82c570cb7e4e654db9d9a5a824f4 .av-subheading{\nfont-size:15px;\n}\n<\/style>\n<div  class='av-special-heading av-lxit0fqu-0c1f82c570cb7e4e654db9d9a5a824f4 av-special-heading-h4 blockquote modern-quote  avia-builder-el-12  el_before_av_textblock  avia-builder-el-first '><h4 class='av-special-heading-tag '  >Le d\u00e9lai de r\u00e9ponse de 15 minutes est atteint en moyenne dans 85,4 % (2023: 85,0 %) des interventions urgentes.<\/h4><div class=\"special-heading-border\"><div class=\"special-heading-inner-border\"><\/div><\/div><\/div><br \/>\n<section  class='av_textblock_section av-lxit11yc-111f91c19736abe591a81d25b40bbe94 '  ><div class='avia_textblock' ><p>Le d\u00e9lai de r\u00e9ponse correspond \u00e0 l\u2019intervalle entre l\u2019alarme du service de sauvetage et l\u2019arriv\u00e9e sur le sitele du moyen de sauvetage engag\u00e9. Il est indiqu\u00e9 ici pour les interventions urgentes (P1 et S1).<\/p>\n<\/div><\/section><\/p><\/div>\n\n","protected":false},"excerpt":{"rendered":"","protected":false},"author":1,"featured_media":0,"parent":45550,"menu_order":2,"comment_status":"closed","ping_status":"closed","template":"","meta":{"_acf_changed":false,"_seopress_robots_primary_cat":"","_seopress_titles_title":"Verf\u00fcgbarkeit","_seopress_titles_desc":"","_seopress_robots_index":"","footnotes":""},"folder":[],"class_list":["post-45544","page","type-page","status-publish","hentry"],"acf":[],"_links":{"self":[{"href":"https:\/\/www.144.ch\/fr\/wp-json\/wp\/v2\/pages\/45544","targetHints":{"allow":["GET"]}}],"collection":[{"href":"https:\/\/www.144.ch\/fr\/wp-json\/wp\/v2\/pages"}],"about":[{"href":"https:\/\/www.144.ch\/fr\/wp-json\/wp\/v2\/types\/page"}],"author":[{"embeddable":true,"href":"https:\/\/www.144.ch\/fr\/wp-json\/wp\/v2\/users\/1"}],"replies":[{"embeddable":true,"href":"https:\/\/www.144.ch\/fr\/wp-json\/wp\/v2\/comments?post=45544"}],"version-history":[{"count":5,"href":"https:\/\/www.144.ch\/fr\/wp-json\/wp\/v2\/pages\/45544\/revisions"}],"predecessor-version":[{"id":46408,"href":"https:\/\/www.144.ch\/fr\/wp-json\/wp\/v2\/pages\/45544\/revisions\/46408"}],"up":[{"embeddable":true,"href":"https:\/\/www.144.ch\/fr\/wp-json\/wp\/v2\/pages\/45550"}],"wp:attachment":[{"href":"https:\/\/www.144.ch\/fr\/wp-json\/wp\/v2\/media?parent=45544"}],"wp:term":[{"taxonomy":"folder","embeddable":true,"href":"https:\/\/www.144.ch\/fr\/wp-json\/wp\/v2\/folder?post=45544"}],"curies":[{"name":"wp","href":"https:\/\/api.w.org\/{rel}","templated":true}]}}