{"id":45523,"date":"2025-08-22T10:53:00","date_gmt":"2025-08-22T08:53:00","guid":{"rendered":"https:\/\/www.144.ch\/personal-2024\/"},"modified":"2025-11-03T10:01:36","modified_gmt":"2025-11-03T09:01:36","slug":"personnel","status":"publish","type":"page","link":"https:\/\/www.144.ch\/fr\/chiffres-cles-des-services-de-secours\/personnel\/","title":{"rendered":"Personal 2024"},"content":{"rendered":"<div class='clear'><\/div><div id='sub_menu1'  class='av-submenu-container av-lxixniyw-cad58d0caa1f25280e51e54e8bf86441 main_color  avia-builder-el-0  el_before_av_section  avia-builder-el-first  av-sticky-submenu container_wrap fullsize' style='z-index:301' ><div class='container av-menu-mobile-disabled av-submenu-pos-center'><ul id=\"menu-kennzahlen-rettungswesen-fr-2024\" class=\"av-subnav-menu\" role=\"menu\"><li role=\"menuitem\" id=\"menu-item-46470\" class=\"menu-item menu-item-type-post_type menu-item-object-page menu-item-top-level menu-item-top-level-1\"><a href=\"https:\/\/www.144.ch\/fr\/chiffres-cles-des-services-de-secours\/\" tabindex=\"0\"><span class=\"avia-bullet\"><\/span><span class=\"avia-menu-text\">Introduction<\/span><span class=\"avia-menu-fx\"><span class=\"avia-arrow-wrap\"><span class=\"avia-arrow\"><\/span><\/span><\/span><\/a><\/li>\n<li role=\"menuitem\" id=\"menu-item-46406\" class=\"menu-item menu-item-type-post_type menu-item-object-page menu-item-top-level menu-item-top-level-2\"><a href=\"https:\/\/www.144.ch\/fr\/chiffres-cles-des-services-de-secours\/disponibilite\/\" tabindex=\"0\"><span class=\"avia-bullet\"><\/span><span class=\"avia-menu-text\">Disponibilit\u00e9<\/span><span class=\"avia-menu-fx\"><span class=\"avia-arrow-wrap\"><span class=\"avia-arrow\"><\/span><\/span><\/span><\/a><\/li>\n<li role=\"menuitem\" id=\"menu-item-46411\" class=\"menu-item menu-item-type-post_type menu-item-object-page menu-item-top-level menu-item-top-level-3\"><a href=\"https:\/\/www.144.ch\/fr\/chiffres-cles-des-services-de-secours\/personnel\/\" tabindex=\"0\"><span class=\"avia-bullet\"><\/span><span class=\"avia-menu-text\">Personnel<\/span><span class=\"avia-menu-fx\"><span class=\"avia-arrow-wrap\"><span class=\"avia-arrow\"><\/span><\/span><\/span><\/a><\/li>\n<li role=\"menuitem\" id=\"menu-item-46419\" class=\"menu-item menu-item-type-post_type menu-item-object-page menu-item-top-level menu-item-top-level-4\"><a href=\"https:\/\/www.144.ch\/fr\/chiffres-cles-des-services-de-secours\/alarme\/\" tabindex=\"0\"><span class=\"avia-bullet\"><\/span><span class=\"avia-menu-text\">Alarme<\/span><span class=\"avia-menu-fx\"><span class=\"avia-arrow-wrap\"><span class=\"avia-arrow\"><\/span><\/span><\/span><\/a><\/li>\n<li role=\"menuitem\" id=\"menu-item-46427\" class=\"menu-item menu-item-type-post_type menu-item-object-page menu-item-top-level menu-item-top-level-5\"><a href=\"https:\/\/www.144.ch\/fr\/chiffres-cles-des-services-de-secours\/documents\/\" tabindex=\"0\"><span class=\"avia-bullet\"><\/span><span class=\"avia-menu-text\">Documents<\/span><span class=\"avia-menu-fx\"><span class=\"avia-arrow-wrap\"><span class=\"avia-arrow\"><\/span><\/span><\/span><\/a><\/li>\n<li role=\"menuitem\" id=\"menu-item-46410\" class=\"menu-item menu-item-type-post_type menu-item-object-page menu-item-top-level menu-item-top-level-6\"><a href=\"https:\/\/www.144.ch\/fr\/chiffres-cles-des-services-de-secours-2023\/\" tabindex=\"0\"><span class=\"avia-bullet\"><\/span><span class=\"avia-menu-text\">Chiffres cl\u00e9s 2023<\/span><span class=\"avia-menu-fx\"><span class=\"avia-arrow-wrap\"><span class=\"avia-arrow\"><\/span><\/span><\/span><\/a><\/li>\n<\/ul><\/div><\/div><div class='sticky_placeholder'><\/div>\n<div id='av_section_1'  class='avia-section av-q5lck3-df653e9ecc0d330c4fed07963f97c7e9 main_color avia-section-huge avia-no-border-styling  avia-builder-el-1  el_after_av_submenu  el_before_av_section  avia-bg-style-scroll container_wrap fullsize'  ><div class='container av-section-cont-open' ><div class='template-page content  av-content-full alpha units'><div class='post-entry post-entry-type-page post-entry-45523'><div class='entry-content-wrapper clearfix'>\n\n<style type=\"text\/css\" data-created_by=\"avia_inline_auto\" id=\"style-css-av-nzautv-d9245e00ef43cb02b47e20912a121ab9\">\n#top .av-special-heading.av-nzautv-d9245e00ef43cb02b47e20912a121ab9{\npadding-bottom:10px;\n}\nbody .av-special-heading.av-nzautv-d9245e00ef43cb02b47e20912a121ab9 .av-special-heading-tag .heading-char{\nfont-size:25px;\n}\n.av-special-heading.av-nzautv-d9245e00ef43cb02b47e20912a121ab9 .av-subheading{\nfont-size:15px;\n}\n<\/style>\n<div  class='av-special-heading av-nzautv-d9245e00ef43cb02b47e20912a121ab9 av-special-heading-h1 blockquote modern-quote modern-centered  avia-builder-el-2  el_before_av_hr  avia-builder-el-first '><h1 class='av-special-heading-tag '  >Personnel<\/h1><div class=\"special-heading-border\"><div class=\"special-heading-inner-border\"><\/div><\/div><\/div>\n\n<style type=\"text\/css\" data-created_by=\"avia_inline_auto\" id=\"style-css-av-kb6hhq2e-3ad4693bcbc63eca39c7d08d0802742b\">\n#top .hr.av-kb6hhq2e-3ad4693bcbc63eca39c7d08d0802742b{\nmargin-top:30px;\nmargin-bottom:30px;\n}\n.hr.av-kb6hhq2e-3ad4693bcbc63eca39c7d08d0802742b .hr-inner{\nwidth:100px;\nborder-color:#0e0e0e;\nmax-width:45%;\n}\n.hr.av-kb6hhq2e-3ad4693bcbc63eca39c7d08d0802742b .av-seperator-icon{\ncolor:#0e0e0e;\n}\n.hr.av-kb6hhq2e-3ad4693bcbc63eca39c7d08d0802742b .av-seperator-icon.avia-svg-icon svg:first-child{\nfill:#0e0e0e;\nstroke:#0e0e0e;\n}\n<\/style>\n<div  class='hr av-kb6hhq2e-3ad4693bcbc63eca39c7d08d0802742b hr-custom  avia-builder-el-3  el_after_av_heading  el_before_av_one_half  hr-center hr-icon-yes'><span class='hr-inner inner-border-av-border-fat'><span class=\"hr-inner-style\"><\/span><\/span><span class='av-seperator-icon avia-iconfont avia-font-fontello' data-av_icon='\ue809' data-av_iconfont='fontello' ><\/span><span class='hr-inner inner-border-av-border-fat'><span class=\"hr-inner-style\"><\/span><\/span><\/div>\n<div  class='flex_column av-7e3i5b-0b8193f65794fee8b0a0d8d71a81ca86 av_one_half  avia-builder-el-4  el_after_av_hr  el_before_av_one_half  first flex_column_div  '     ><style type=\"text\/css\" data-created_by=\"avia_inline_auto\" id=\"style-css-av-m1ufnq3o-8055e66efca208c46471bfb33bed0889\">\n.avia-image-container.av-m1ufnq3o-8055e66efca208c46471bfb33bed0889 img.avia_image{\nbox-shadow:none;\n}\n.avia-image-container.av-m1ufnq3o-8055e66efca208c46471bfb33bed0889 .av-image-caption-overlay-center{\ncolor:#ffffff;\n}\n<\/style>\n<div  class='avia-image-container av-m1ufnq3o-8055e66efca208c46471bfb33bed0889 av-styling- avia-align-center  avia-builder-el-5  avia-builder-el-no-sibling '  ><div class=\"avia-image-container-inner\"><div class=\"avia-image-overlay-wrap\"><img decoding=\"async\" fetchpriority=\"high\" class='wp-image-33195 avia-img-lazy-loading-not-33195 avia_image ' src=\"https:\/\/www.144.ch\/wp-content\/uploads\/2023\/02\/f_profess_hilfe_korr@2x-300x300.png\" alt='' title='f_profess_hilfe_korr@2x'  height=\"300\" width=\"300\" srcset=\"https:\/\/www.144.ch\/wp-content\/uploads\/2023\/02\/f_profess_hilfe_korr@2x.png 300w, https:\/\/www.144.ch\/wp-content\/uploads\/2023\/02\/f_profess_hilfe_korr@2x-80x80.png 80w, https:\/\/www.144.ch\/wp-content\/uploads\/2023\/02\/f_profess_hilfe_korr@2x-36x36.png 36w, https:\/\/www.144.ch\/wp-content\/uploads\/2023\/02\/f_profess_hilfe_korr@2x-180x180.png 180w, https:\/\/www.144.ch\/wp-content\/uploads\/2023\/02\/f_profess_hilfe_korr@2x-120x120.png 120w, https:\/\/www.144.ch\/wp-content\/uploads\/2023\/02\/f_profess_hilfe_korr@2x-100x100.png 100w\" sizes=\"(max-width: 300px) 100vw, 300px\" \/><\/div><\/div><\/div><\/div><div  class='flex_column av-62pee7-80569dfd04b725ee1ad92b1a42d090d9 av_one_half  avia-builder-el-6  el_after_av_one_half  el_before_av_hr  flex_column_div  '     ><p>\n<style type=\"text\/css\" data-created_by=\"avia_inline_auto\" id=\"style-css-av-m1uezdvh-d902d17a43767007123cf09b5fad621f\">\n#top .av-special-heading.av-m1uezdvh-d902d17a43767007123cf09b5fad621f{\npadding-bottom:10px;\n}\nbody .av-special-heading.av-m1uezdvh-d902d17a43767007123cf09b5fad621f .av-special-heading-tag .heading-char{\nfont-size:25px;\n}\n.av-special-heading.av-m1uezdvh-d902d17a43767007123cf09b5fad621f .av-subheading{\nfont-size:15px;\n}\n<\/style>\n<div  class='av-special-heading av-m1uezdvh-d902d17a43767007123cf09b5fad621f av-special-heading-h3  avia-builder-el-7  el_before_av_iconlist  avia-builder-el-first '><h3 class='av-special-heading-tag '  >R\u00e9partition des EPT<\/h3><div class=\"special-heading-border\"><div class=\"special-heading-inner-border\"><\/div><\/div><\/div><br \/>\n\n<style type=\"text\/css\" data-created_by=\"avia_inline_auto\" id=\"style-css-av-m1uepuf1-8cf529c41fa8c3efb84614855da887f7\">\n#top .avia-icon-list-container.av-m1uepuf1-8cf529c41fa8c3efb84614855da887f7 .iconlist_icon{\ncolor:#18599b;\n}\n#top .avia-icon-list-container.av-m1uepuf1-8cf529c41fa8c3efb84614855da887f7 .iconlist_icon svg:first-child{\nstroke:#18599b;\nfill:#18599b;\n}\n<\/style>\n<div  class='avia-icon-list-container av-m1uepuf1-8cf529c41fa8c3efb84614855da887f7  avia-builder-el-8  el_after_av_heading  avia-builder-el-last '><ul class='avia-icon-list avia_animate_when_almost_visible avia-icon-list-left av-iconlist-small av-m1uepuf1-8cf529c41fa8c3efb84614855da887f7 avia-iconlist-animate'>\n<li><div class='iconlist_icon av-m1ueps7u-d404225cf548592d3fa4b916d4d237ca avia-font-entypo-fontello avia-iconfont avia-font-entypo-fontello'><span class='av-icon-char' data-av_icon='\ue812' data-av_iconfont='entypo-fontello' aria-hidden=\"true\"><\/span><\/div><article class=\"article-icon-entry av-iconlist-empty\" ><div class=\"iconlist_content_wrap\"><header class=\"entry-content-header\" aria-label=\"Ic\u00f4ne : Ambulancier-i\u00e8re dipl\u00f4m\u00e9-e 2\u2019457 (81,8 %)\"><div class='av_iconlist_title iconlist_title_small  ' >Ambulancier-i\u00e8re dipl\u00f4m\u00e9-e 2\u2019457 (81,8 %)<\/div><\/header><div class='iconlist_content ' ><\/div><\/div><footer class=\"entry-footer\"><\/footer><\/article><div class=\"iconlist-timeline\"><\/div><\/li>\n<li><div class='iconlist_icon av-m1uf44zn-5d92a56251517797745f7e7a3e22144c avia-font-entypo-fontello avia-iconfont avia-font-entypo-fontello'><span class='av-icon-char' data-av_icon='\ue812' data-av_iconfont='entypo-fontello' aria-hidden=\"true\"><\/span><\/div><article class=\"article-icon-entry av-iconlist-empty\" ><div class=\"iconlist_content_wrap\"><header class=\"entry-content-header\" aria-label=\"Ic\u00f4ne : Technicien-ne ambulancier-\u00e8re 313 (10,4 %)\"><div class='av_iconlist_title iconlist_title_small  ' >Technicien-ne ambulancier-\u00e8re 313 (10,4 %)<\/div><\/header><div class='iconlist_content ' ><\/div><\/div><footer class=\"entry-footer\"><\/footer><\/article><div class=\"iconlist-timeline\"><\/div><\/li>\n<li><div class='iconlist_icon av-m1uf8ejz-ecafce2775073fffa550548371c8c962 avia-font-entypo-fontello avia-iconfont avia-font-entypo-fontello'><span class='av-icon-char' data-av_icon='\ue812' data-av_iconfont='entypo-fontello' aria-hidden=\"true\"><\/span><\/div><article class=\"article-icon-entry av-iconlist-empty\" ><div class=\"iconlist_content_wrap\"><header class=\"entry-content-header\" aria-label=\"Ic\u00f4ne : Autres 232 (7,7 %)\"><div class='av_iconlist_title iconlist_title_small  ' >Autres 232 (7,7 %)<\/div><\/header><div class='iconlist_content ' ><\/div><\/div><footer class=\"entry-footer\"><\/footer><\/article><div class=\"iconlist-timeline\"><\/div><\/li>\n<\/ul><\/div><\/p><\/div><div  class='hr av-juh1tr-ff874834ae547b6938612747422bd09c hr-default  avia-builder-el-9  el_after_av_one_half  el_before_av_one_full '><span class='hr-inner '><span class=\"hr-inner-style\"><\/span><\/span><\/div>\n\n<style type=\"text\/css\" data-created_by=\"avia_inline_auto\" id=\"style-css-av-14aaocm-4f9257da2f5e328f2b8e0f8905f753ed\">\n#top .flex_column.av-14aaocm-4f9257da2f5e328f2b8e0f8905f753ed{\nmargin-top:20px;\nmargin-bottom:0px;\n}\n.responsive #top #wrap_all .flex_column.av-14aaocm-4f9257da2f5e328f2b8e0f8905f753ed{\nmargin-top:20px;\nmargin-bottom:0px;\n}\n<\/style>\n<div  class='flex_column av-14aaocm-4f9257da2f5e328f2b8e0f8905f753ed av_one_full  avia-builder-el-10  el_after_av_hr  avia-builder-el-last  first flex_column_div  '     ><\/div>\n\n<\/div><\/div><\/div><!-- close content main div --><\/div><\/div><div id='stretch_width'  class='avia-section av-19yo7li-71b5b387ffebd3b0913dc31b1dc9783a alternate_color avia-section-huge avia-no-border-styling  avia-builder-el-12  el_after_av_section  avia-builder-el-last  avia-bg-style-scroll container_wrap fullsize'  ><div class='container av-section-cont-open' ><div class='template-page content  av-content-full alpha units'><div class='post-entry post-entry-type-page post-entry-45523'><div class='entry-content-wrapper clearfix'>\n\n<style type=\"text\/css\" data-created_by=\"avia_inline_auto\" id=\"style-css-av-vhz2na-66357cf4592812bc26aff8727beaca52\">\n#top .flex_column.av-vhz2na-66357cf4592812bc26aff8727beaca52{\nmargin-top:30px;\nmargin-bottom:0px;\n}\n.flex_column.av-vhz2na-66357cf4592812bc26aff8727beaca52{\nborder-radius:0px 0px 0px 0px;\npadding:0px 0px 0px 0px;\n}\n.responsive #top #wrap_all .flex_column.av-vhz2na-66357cf4592812bc26aff8727beaca52{\nmargin-top:30px;\nmargin-bottom:0px;\n}\n<\/style>\n<div  class='flex_column av-vhz2na-66357cf4592812bc26aff8727beaca52 av_one_half  avia-builder-el-13  el_before_av_one_half  avia-builder-el-first  first flex_column_div av-animated-generic left-to-right av-zero-column-padding  '     ><\/div>\n<style type=\"text\/css\" data-created_by=\"avia_inline_auto\" id=\"style-css-av-kb6wq2hy-cb903e7df74b1561de769b6326d86dc0\">\n#top .flex_column.av-kb6wq2hy-cb903e7df74b1561de769b6326d86dc0{\nmargin-top:30px;\nmargin-bottom:0px;\n}\n.flex_column.av-kb6wq2hy-cb903e7df74b1561de769b6326d86dc0{\nborder-radius:0px 0px 0px 0px;\npadding:0px 0px 0px 0px;\n}\n.responsive #top #wrap_all .flex_column.av-kb6wq2hy-cb903e7df74b1561de769b6326d86dc0{\nmargin-top:30px;\nmargin-bottom:0px;\n}\n<\/style>\n<div  class='flex_column av-kb6wq2hy-cb903e7df74b1561de769b6326d86dc0 av_one_half  avia-builder-el-15  el_after_av_one_half  avia-builder-el-last  flex_column_div av-animated-generic left-to-right av-zero-column-padding  '     ><p><br \/>\n<section  class='av_textblock_section av-lxitudu8-cb5877de1ef2e2b231f52ab47c150dde '  ><div class='avia_textblock' ><p>Dipl\u00f4mes r\u00e9ussis en tant qu\u2019ambulancier-\u00e8re dipl\u00f4m\u00e9-e : <strong>215<\/strong> (+30 % par rapport \u00e0 2023)<\/p>\n<p>Dipl\u00f4mes r\u00e9ussis en tant que techniciens-ennes ambulancier-\u00e8re : <strong>86\u00a0<\/strong>(+41 % par rapport \u00e0 2023)<\/p>\n<p>Taux de formation (\u00e9tudiant-e-s \/ t\u00eates d\u2019ambulancier-\u00e8re-s dipl\u00f4m\u00e9-e-s) : <strong>21,8 % <\/strong>(+1,1 % par rapport \u00e0 2023)<\/p>\n<\/div><\/section><\/p><\/div>\n\n","protected":false},"excerpt":{"rendered":"","protected":false},"author":1,"featured_media":0,"parent":45550,"menu_order":3,"comment_status":"closed","ping_status":"closed","template":"","meta":{"_acf_changed":false,"_seopress_robots_primary_cat":"","_seopress_titles_title":"Personal","_seopress_titles_desc":"","_seopress_robots_index":"","footnotes":""},"folder":[],"class_list":["post-45523","page","type-page","status-publish","hentry"],"acf":[],"_links":{"self":[{"href":"https:\/\/www.144.ch\/fr\/wp-json\/wp\/v2\/pages\/45523","targetHints":{"allow":["GET"]}}],"collection":[{"href":"https:\/\/www.144.ch\/fr\/wp-json\/wp\/v2\/pages"}],"about":[{"href":"https:\/\/www.144.ch\/fr\/wp-json\/wp\/v2\/types\/page"}],"author":[{"embeddable":true,"href":"https:\/\/www.144.ch\/fr\/wp-json\/wp\/v2\/users\/1"}],"replies":[{"embeddable":true,"href":"https:\/\/www.144.ch\/fr\/wp-json\/wp\/v2\/comments?post=45523"}],"version-history":[{"count":11,"href":"https:\/\/www.144.ch\/fr\/wp-json\/wp\/v2\/pages\/45523\/revisions"}],"predecessor-version":[{"id":46418,"href":"https:\/\/www.144.ch\/fr\/wp-json\/wp\/v2\/pages\/45523\/revisions\/46418"}],"up":[{"embeddable":true,"href":"https:\/\/www.144.ch\/fr\/wp-json\/wp\/v2\/pages\/45550"}],"wp:attachment":[{"href":"https:\/\/www.144.ch\/fr\/wp-json\/wp\/v2\/media?parent=45523"}],"wp:term":[{"taxonomy":"folder","embeddable":true,"href":"https:\/\/www.144.ch\/fr\/wp-json\/wp\/v2\/folder?post=45523"}],"curies":[{"name":"wp","href":"https:\/\/api.w.org\/{rel}","templated":true}]}}