{"id":41644,"date":"2024-07-08T09:33:18","date_gmt":"2024-07-08T07:33:18","guid":{"rendered":"https:\/\/www.144.ch\/a-propos-de-nous\/strategie\/"},"modified":"2024-07-08T11:47:00","modified_gmt":"2024-07-08T09:47:00","slug":"strategie","status":"publish","type":"page","link":"https:\/\/www.144.ch\/fr\/a-propos-de-nous\/strategie\/","title":{"rendered":"Strategie"},"content":{"rendered":"<div id='av_section_1'  class='avia-section av-q5lck3-30b414b2a230d5dc8a65aee36816fa14 main_color avia-section-huge avia-no-border-styling  avia-builder-el-0  avia-builder-el-no-sibling  avia-bg-style-scroll container_wrap fullsize'  ><div class='container av-section-cont-open' ><main  class='template-page content  av-content-full alpha units'><div class='post-entry post-entry-type-page post-entry-41644'><div class='entry-content-wrapper clearfix'>\n\n<style type=\"text\/css\" data-created_by=\"avia_inline_auto\" id=\"style-css-av-ogzfsz-bc83d52127f9c96d14bce70b5a582a2e\">\n#top .av-special-heading.av-ogzfsz-bc83d52127f9c96d14bce70b5a582a2e{\npadding-bottom:10px;\n}\nbody .av-special-heading.av-ogzfsz-bc83d52127f9c96d14bce70b5a582a2e .av-special-heading-tag .heading-char{\nfont-size:25px;\n}\n.av-special-heading.av-ogzfsz-bc83d52127f9c96d14bce70b5a582a2e .av-subheading{\nfont-size:15px;\n}\n<\/style>\n<div  class='av-special-heading av-ogzfsz-bc83d52127f9c96d14bce70b5a582a2e av-special-heading-h1 blockquote modern-quote modern-centered  avia-builder-el-1  el_before_av_hr  avia-builder-el-first  av-thin-font'><h1 class='av-special-heading-tag '  ><strong>Strat\u00e9gie<\/strong><\/h1><div class='av-subheading av-subheading_below'><p>Strat\u00e9gie IAS Processus de d\u00e9veloppement<\/p>\n<\/div><div class=\"special-heading-border\"><div class=\"special-heading-inner-border\"><\/div><\/div><\/div>\n\n<style type=\"text\/css\" data-created_by=\"avia_inline_auto\" id=\"style-css-av-kb6hhq2e-5f01e2832e0fe7b037c5d305d08a713a\">\n#top .hr.av-kb6hhq2e-5f01e2832e0fe7b037c5d305d08a713a{\nmargin-top:30px;\nmargin-bottom:30px;\n}\n.hr.av-kb6hhq2e-5f01e2832e0fe7b037c5d305d08a713a .hr-inner{\nwidth:100px;\nborder-color:#0e0e0e;\nmax-width:45%;\n}\n.hr.av-kb6hhq2e-5f01e2832e0fe7b037c5d305d08a713a .av-seperator-icon{\ncolor:#0e0e0e;\n}\n.hr.av-kb6hhq2e-5f01e2832e0fe7b037c5d305d08a713a .av-seperator-icon.avia-svg-icon svg:first-child{\nfill:#0e0e0e;\nstroke:#0e0e0e;\n}\n<\/style>\n<div  class='hr av-kb6hhq2e-5f01e2832e0fe7b037c5d305d08a713a hr-custom  avia-builder-el-2  el_after_av_heading  el_before_av_one_full  hr-center hr-icon-yes'><span class='hr-inner inner-border-av-border-fat'><span class=\"hr-inner-style\"><\/span><\/span><span class='av-seperator-icon avia-iconfont avia-font-entypo-fontello' data-av_icon='\ue817' data-av_iconfont='entypo-fontello' ><\/span><span class='hr-inner inner-border-av-border-fat'><span class=\"hr-inner-style\"><\/span><\/span><\/div>\n\n<style type=\"text\/css\" data-created_by=\"avia_inline_auto\" id=\"style-css-av-kb6wq2hy-d61931e081426d3da9bd0527f7d391ca\">\n#top .flex_column.av-kb6wq2hy-d61931e081426d3da9bd0527f7d391ca{\nmargin-top:30px;\nmargin-bottom:0px;\n}\n.flex_column.av-kb6wq2hy-d61931e081426d3da9bd0527f7d391ca{\nborder-radius:0px 0px 0px 0px;\npadding:0px 0px 0px 0px;\n}\n.responsive #top #wrap_all .flex_column.av-kb6wq2hy-d61931e081426d3da9bd0527f7d391ca{\nmargin-top:30px;\nmargin-bottom:0px;\n}\n<\/style>\n<div  class='flex_column av-kb6wq2hy-d61931e081426d3da9bd0527f7d391ca av_one_full  avia-builder-el-3  el_after_av_hr  avia-builder-el-last  first flex_column_div av-animated-generic left-to-right av-zero-column-padding  '     ><div  class='av-alb-blogposts template-blog  av-blog-meta-author-disabled av-blog-meta-comments-disabled av-blog-meta-category-disabled av-blog-meta-tag-disabled ' ><article class=\"post-entry post-entry-type-standard post-entry-48029 post-loop-1 post-parity-odd single-small  post-48029 post type-post status-publish format-standard hentry category-strategie-fr\" ><div class=\"blog-meta\"><a href='https:\/\/www.144.ch\/fr\/construire-ensemble-lavenir-du-systeme-de-secours\/' class='small-preview'  title=\"Construire ensemble l\u2019avenir du syst\u00e8me de secours suisse\"  ><span class='iconfont avia-svg-icon avia-font-svg_entypo-fontello' data-av_svg_icon='pencil' data-av_iconset='svg_entypo-fontello' ><svg version=\"1.1\" xmlns=\"http:\/\/www.w3.org\/2000\/svg\" width=\"25\" height=\"32\" viewBox=\"0 0 25 32\" preserveAspectRatio=\"xMidYMid meet\" role=\"graphics-symbol\" aria-hidden=\"true\">\n<path d=\"M22.976 5.44q1.024 1.024 1.504 2.048t0.48 1.536v0.512l-8.064 8.064-9.28 9.216-7.616 1.664 1.6-7.68 9.28-9.216 8.064-8.064q1.728-0.384 4.032 1.92zM7.168 25.92l0.768-0.768q-0.064-1.408-1.664-3.008-0.704-0.704-1.44-1.12t-1.12-0.416l-0.448-0.064-0.704 0.768-0.576 2.56q0.896 0.512 1.472 1.088 0.768 0.768 1.152 1.536z\"><\/path>\n<\/svg><\/span><\/a><\/div><div class='entry-content-wrapper clearfix standard-content'><header class=\"entry-content-header\" aria-label=\"Articles : Construire ensemble l\u2019avenir du syst\u00e8me de secours suisse\"><div class=\"av-heading-wrapper\"><h2 class='post-title entry-title ' ><a href=\"https:\/\/www.144.ch\/fr\/construire-ensemble-lavenir-du-systeme-de-secours\/\" rel=\"bookmark\" title=\"Lien permanent : Construire ensemble l\u2019avenir du syst\u00e8me de secours suisse\">Construire ensemble l\u2019avenir du syst\u00e8me de secours suisse<span class=\"post-format-icon minor-meta\"><\/span><\/a><\/h2><span class=\"blog-categories minor-meta\"><a href=\"https:\/\/www.144.ch\/fr\/category\/strategie-fr\/\" rel=\"tag\">Strat\u00e9gie<\/a><\/span><\/div><\/header><span class=\"av-vertical-delimiter\"><\/span><div class=\"entry-content\" ><p>Lors de l\u2019Assembl\u00e9e g\u00e9n\u00e9rale 2026, le pl\u00e9num a approuv\u00e9 la vision propos\u00e9e ainsi que le positionnement de l\u2019IAS qui l\u2019accompagne. Les bases de l\u2019orientation future sont ainsi pos\u00e9es. La forte participation \u00e0 la consultation d\u00e9montre l\u2019importance du sujet ainsi que le large soutien apport\u00e9 \u00e0 la direction choisie. Le comit\u00e9 va d\u00e9sormais discuter des diff\u00e9rents [&hellip;]<\/p>\n<div class=\"read-more-link\"><a href=\"https:\/\/www.144.ch\/fr\/construire-ensemble-lavenir-du-systeme-de-secours\/\" class=\"more-link\">Lire la suite<span class='more-link-arrow avia-svg-icon avia-font-svg_entypo-fontello' data-av_svg_icon='right-open-big' data-av_iconset='svg_entypo-fontello'><svg version=\"1.1\" xmlns=\"http:\/\/www.w3.org\/2000\/svg\" width=\"15\" height=\"32\" viewBox=\"0 0 15 32\" preserveAspectRatio=\"xMidYMid meet\" role=\"graphics-symbol\" aria-hidden=\"true\">\n<path d=\"M0.416 27.84l11.456-11.84-11.456-11.904q-0.832-0.832 0-1.536 0.832-0.832 1.536 0l12.544 12.608q0.768 0.832 0 1.6l-12.544 12.608q-0.704 0.832-1.536 0-0.832-0.704 0-1.536z\"><\/path>\n<\/svg><\/span><\/a><\/div>\n<\/div><span class=\"post-meta-infos\"><time class=\"date-container minor-meta updated\" >10. mai 2026<\/time><\/span><footer class=\"entry-footer\"><\/footer><div class='post_delimiter'><\/div><\/div><div class=\"post_author_timeline\"><\/div><\/article><article class=\"post-entry post-entry-type-standard post-entry-45031 post-loop-2 post-parity-even single-small  post-45031 post type-post status-publish format-standard hentry category-strategie-fr\" ><div class=\"blog-meta\"><a href='https:\/\/www.144.ch\/fr\/die-vernehmlassung-zur-vision-rettungswesen-schweiz-2034-ist-lanciert\/' class='small-preview'  title=\"La consultation sur la Vision du syst\u00e8me de secours suisse 2034 est lanc\u00e9e\"  ><span class='iconfont avia-svg-icon avia-font-svg_entypo-fontello' data-av_svg_icon='pencil' data-av_iconset='svg_entypo-fontello' ><svg version=\"1.1\" xmlns=\"http:\/\/www.w3.org\/2000\/svg\" width=\"25\" height=\"32\" viewBox=\"0 0 25 32\" preserveAspectRatio=\"xMidYMid meet\" role=\"graphics-symbol\" aria-hidden=\"true\">\n<path d=\"M22.976 5.44q1.024 1.024 1.504 2.048t0.48 1.536v0.512l-8.064 8.064-9.28 9.216-7.616 1.664 1.6-7.68 9.28-9.216 8.064-8.064q1.728-0.384 4.032 1.92zM7.168 25.92l0.768-0.768q-0.064-1.408-1.664-3.008-0.704-0.704-1.44-1.12t-1.12-0.416l-0.448-0.064-0.704 0.768-0.576 2.56q0.896 0.512 1.472 1.088 0.768 0.768 1.152 1.536z\"><\/path>\n<\/svg><\/span><\/a><\/div><div class='entry-content-wrapper clearfix standard-content'><header class=\"entry-content-header\" aria-label=\"Articles : La consultation sur la Vision du syst\u00e8me de secours suisse 2034 est lanc\u00e9e\"><div class=\"av-heading-wrapper\"><h2 class='post-title entry-title ' ><a href=\"https:\/\/www.144.ch\/fr\/die-vernehmlassung-zur-vision-rettungswesen-schweiz-2034-ist-lanciert\/\" rel=\"bookmark\" title=\"Lien permanent : La consultation sur la Vision du syst\u00e8me de secours suisse 2034 est lanc\u00e9e\">La consultation sur la Vision du syst\u00e8me de secours suisse 2034 est lanc\u00e9e<span class=\"post-format-icon minor-meta\"><\/span><\/a><\/h2><span class=\"blog-categories minor-meta\"><a href=\"https:\/\/www.144.ch\/fr\/category\/strategie-fr\/\" rel=\"tag\">Strat\u00e9gie<\/a><\/span><\/div><\/header><span class=\"av-vertical-delimiter\"><\/span><div class=\"entry-content\" ><p>La consultation sur la Vision du syst\u00e8me de secours suisse 2034 est lanc\u00e9e. Toutes les personnes int\u00e9ress\u00e9es sont invit\u00e9es \u00e0 donner leur avis sur le projet. Un sondage en ligne a \u00e9t\u00e9 mis en place \u00e0 cet effet. Apr\u00e8s avoir consult\u00e9 le document Vision du syst\u00e8me de secours suisse 2034, nous aimerions savoir comment le [&hellip;]<\/p>\n<div class=\"read-more-link\"><a href=\"https:\/\/www.144.ch\/fr\/die-vernehmlassung-zur-vision-rettungswesen-schweiz-2034-ist-lanciert\/\" class=\"more-link\">Lire la suite<span class='more-link-arrow avia-svg-icon avia-font-svg_entypo-fontello' data-av_svg_icon='right-open-big' data-av_iconset='svg_entypo-fontello'><svg version=\"1.1\" xmlns=\"http:\/\/www.w3.org\/2000\/svg\" width=\"15\" height=\"32\" viewBox=\"0 0 15 32\" preserveAspectRatio=\"xMidYMid meet\" role=\"graphics-symbol\" aria-hidden=\"true\">\n<path d=\"M0.416 27.84l11.456-11.84-11.456-11.904q-0.832-0.832 0-1.536 0.832-0.832 1.536 0l12.544 12.608q0.768 0.832 0 1.6l-12.544 12.608q-0.704 0.832-1.536 0-0.832-0.704 0-1.536z\"><\/path>\n<\/svg><\/span><\/a><\/div>\n<\/div><span class=\"post-meta-infos\"><time class=\"date-container minor-meta updated\" >11. ao\u00fbt 2025<\/time><\/span><footer class=\"entry-footer\"><\/footer><div class='post_delimiter'><\/div><\/div><div class=\"post_author_timeline\"><\/div><\/article><article class=\"post-entry post-entry-type-standard post-entry-43436 post-loop-3 post-parity-odd single-small  post-43436 post type-post status-publish format-standard hentry category-strategie-fr\" ><div class=\"blog-meta\"><a href='https:\/\/www.144.ch\/fr\/strategieentwicklung-rettungswesen-schweiz-prozess-und-naechste-schritte\/' class='small-preview'  title=\"D\u00e9veloppement strat\u00e9gique du syst\u00e8me de secours en Suisse : processus et prochaines \u00e9tapes\"  ><span class='iconfont avia-svg-icon avia-font-svg_entypo-fontello' data-av_svg_icon='pencil' data-av_iconset='svg_entypo-fontello' ><svg version=\"1.1\" xmlns=\"http:\/\/www.w3.org\/2000\/svg\" width=\"25\" height=\"32\" viewBox=\"0 0 25 32\" preserveAspectRatio=\"xMidYMid meet\" role=\"graphics-symbol\" aria-hidden=\"true\">\n<path d=\"M22.976 5.44q1.024 1.024 1.504 2.048t0.48 1.536v0.512l-8.064 8.064-9.28 9.216-7.616 1.664 1.6-7.68 9.28-9.216 8.064-8.064q1.728-0.384 4.032 1.92zM7.168 25.92l0.768-0.768q-0.064-1.408-1.664-3.008-0.704-0.704-1.44-1.12t-1.12-0.416l-0.448-0.064-0.704 0.768-0.576 2.56q0.896 0.512 1.472 1.088 0.768 0.768 1.152 1.536z\"><\/path>\n<\/svg><\/span><\/a><\/div><div class='entry-content-wrapper clearfix standard-content'><header class=\"entry-content-header\" aria-label=\"Articles : D\u00e9veloppement strat\u00e9gique du syst\u00e8me de secours en Suisse : processus et prochaines \u00e9tapes\"><div class=\"av-heading-wrapper\"><h2 class='post-title entry-title ' ><a href=\"https:\/\/www.144.ch\/fr\/strategieentwicklung-rettungswesen-schweiz-prozess-und-naechste-schritte\/\" rel=\"bookmark\" title=\"Lien permanent : D\u00e9veloppement strat\u00e9gique du syst\u00e8me de secours en Suisse : processus et prochaines \u00e9tapes\">D\u00e9veloppement strat\u00e9gique du syst\u00e8me de secours en Suisse : processus et prochaines \u00e9tapes<span class=\"post-format-icon minor-meta\"><\/span><\/a><\/h2><span class=\"blog-categories minor-meta\"><a href=\"https:\/\/www.144.ch\/fr\/category\/strategie-fr\/\" rel=\"tag\">Strat\u00e9gie<\/a><\/span><\/div><\/header><span class=\"av-vertical-delimiter\"><\/span><div class=\"entry-content\" ><p>L&rsquo;\u00e9quipe principale charg\u00e9e du d\u00e9veloppement de la strat\u00e9gie s&rsquo;est r\u00e9unie \u00e0 la suite de la journ\u00e9e de la plate-forme des Services de Sauvetage et Centrales d\u2019appels sanitaires urgents 144. Les contributions pr\u00e9cieuses de cette journ\u00e9e ont \u00e9t\u00e9 analys\u00e9es par l\u2019\u00e9quipe principal. De mani\u00e8re g\u00e9n\u00e9rale, une adh\u00e9sion \u00e0 l&rsquo;orientation strat\u00e9gique a \u00e9t\u00e9 constat\u00e9e. Certaines remarques ont [&hellip;]<\/p>\n<div class=\"read-more-link\"><a href=\"https:\/\/www.144.ch\/fr\/strategieentwicklung-rettungswesen-schweiz-prozess-und-naechste-schritte\/\" class=\"more-link\">Lire la suite<span class='more-link-arrow avia-svg-icon avia-font-svg_entypo-fontello' data-av_svg_icon='right-open-big' data-av_iconset='svg_entypo-fontello'><svg version=\"1.1\" xmlns=\"http:\/\/www.w3.org\/2000\/svg\" width=\"15\" height=\"32\" viewBox=\"0 0 15 32\" preserveAspectRatio=\"xMidYMid meet\" role=\"graphics-symbol\" aria-hidden=\"true\">\n<path d=\"M0.416 27.84l11.456-11.84-11.456-11.904q-0.832-0.832 0-1.536 0.832-0.832 1.536 0l12.544 12.608q0.768 0.832 0 1.6l-12.544 12.608q-0.704 0.832-1.536 0-0.832-0.704 0-1.536z\"><\/path>\n<\/svg><\/span><\/a><\/div>\n<\/div><span class=\"post-meta-infos\"><time class=\"date-container minor-meta updated\" >23. janvier 2025<\/time><\/span><footer class=\"entry-footer\"><\/footer><div class='post_delimiter'><\/div><\/div><div class=\"post_author_timeline\"><\/div><\/article><article class=\"post-entry post-entry-type-standard post-entry-43236 post-loop-4 post-parity-even single-small  post-43236 post type-post status-publish format-standard hentry category-strategie-fr\" ><div class=\"blog-meta\"><a href='https:\/\/www.144.ch\/fr\/plattformtag-rd-snz-gemeinsam-eine-vision-fuer-die-zukunft-des-rettungswesens-entwickeln\/' class='small-preview'  title=\"Premi\u00e8re consultation avec les cadres des services de sauvetage et CASU 144\"  ><span class='iconfont avia-svg-icon avia-font-svg_entypo-fontello' data-av_svg_icon='pencil' data-av_iconset='svg_entypo-fontello' ><svg version=\"1.1\" xmlns=\"http:\/\/www.w3.org\/2000\/svg\" width=\"25\" height=\"32\" viewBox=\"0 0 25 32\" preserveAspectRatio=\"xMidYMid meet\" role=\"graphics-symbol\" aria-hidden=\"true\">\n<path d=\"M22.976 5.44q1.024 1.024 1.504 2.048t0.48 1.536v0.512l-8.064 8.064-9.28 9.216-7.616 1.664 1.6-7.68 9.28-9.216 8.064-8.064q1.728-0.384 4.032 1.92zM7.168 25.92l0.768-0.768q-0.064-1.408-1.664-3.008-0.704-0.704-1.44-1.12t-1.12-0.416l-0.448-0.064-0.704 0.768-0.576 2.56q0.896 0.512 1.472 1.088 0.768 0.768 1.152 1.536z\"><\/path>\n<\/svg><\/span><\/a><\/div><div class='entry-content-wrapper clearfix standard-content'><header class=\"entry-content-header\" aria-label=\"Articles : Premi\u00e8re consultation avec les cadres des services de sauvetage et CASU 144\"><div class=\"av-heading-wrapper\"><h2 class='post-title entry-title ' ><a href=\"https:\/\/www.144.ch\/fr\/plattformtag-rd-snz-gemeinsam-eine-vision-fuer-die-zukunft-des-rettungswesens-entwickeln\/\" rel=\"bookmark\" title=\"Lien permanent : Premi\u00e8re consultation avec les cadres des services de sauvetage et CASU 144\">Premi\u00e8re consultation avec les cadres des services de sauvetage et CASU 144<span class=\"post-format-icon minor-meta\"><\/span><\/a><\/h2><span class=\"blog-categories minor-meta\"><a href=\"https:\/\/www.144.ch\/fr\/category\/strategie-fr\/\" rel=\"tag\">Strat\u00e9gie<\/a><\/span><\/div><\/header><span class=\"av-vertical-delimiter\"><\/span><div class=\"entry-content\" ><p>Le 14 novembre, environ 70 personnes se sont r\u00e9unies \u00e0 l&rsquo;occasion de la journ\u00e9e de la plateforme Service de sauvetage \/ CASU. En plus de pr\u00e9sentations int\u00e9ressantes, une table ronde a permis aux participants d\u2019exprimer leurs opinions sur les propositions \u00e9labor\u00e9es. Comme il s&rsquo;agit de l&rsquo;avenir du syst\u00e8me de secours, il est essentiel que tous [&hellip;]<\/p>\n<div class=\"read-more-link\"><a href=\"https:\/\/www.144.ch\/fr\/plattformtag-rd-snz-gemeinsam-eine-vision-fuer-die-zukunft-des-rettungswesens-entwickeln\/\" class=\"more-link\">Lire la suite<span class='more-link-arrow avia-svg-icon avia-font-svg_entypo-fontello' data-av_svg_icon='right-open-big' data-av_iconset='svg_entypo-fontello'><svg version=\"1.1\" xmlns=\"http:\/\/www.w3.org\/2000\/svg\" width=\"15\" height=\"32\" viewBox=\"0 0 15 32\" preserveAspectRatio=\"xMidYMid meet\" role=\"graphics-symbol\" aria-hidden=\"true\">\n<path d=\"M0.416 27.84l11.456-11.84-11.456-11.904q-0.832-0.832 0-1.536 0.832-0.832 1.536 0l12.544 12.608q0.768 0.832 0 1.6l-12.544 12.608q-0.704 0.832-1.536 0-0.832-0.704 0-1.536z\"><\/path>\n<\/svg><\/span><\/a><\/div>\n<\/div><span class=\"post-meta-infos\"><time class=\"date-container minor-meta updated\" >17. d\u00e9cembre 2024<\/time><\/span><footer class=\"entry-footer\"><\/footer><div class='post_delimiter'><\/div><\/div><div class=\"post_author_timeline\"><\/div><\/article><article class=\"post-entry post-entry-type-standard post-entry-41669 post-loop-5 post-parity-odd post-entry-last single-small  post-41669 post type-post status-publish format-standard hentry category-strategie-fr\" ><div class=\"blog-meta\"><a href='https:\/\/www.144.ch\/fr\/voici-bientot-les-nouvelles\/' class='small-preview'  title=\"Futur du Sauvetage en Suisse : Vision pour un syst\u00e8me solide et r\u00f4le de l&#039;IAS\"  ><span class='iconfont avia-svg-icon avia-font-svg_entypo-fontello' data-av_svg_icon='pencil' data-av_iconset='svg_entypo-fontello' ><svg version=\"1.1\" xmlns=\"http:\/\/www.w3.org\/2000\/svg\" width=\"25\" height=\"32\" viewBox=\"0 0 25 32\" preserveAspectRatio=\"xMidYMid meet\" role=\"graphics-symbol\" aria-hidden=\"true\">\n<path d=\"M22.976 5.44q1.024 1.024 1.504 2.048t0.48 1.536v0.512l-8.064 8.064-9.28 9.216-7.616 1.664 1.6-7.68 9.28-9.216 8.064-8.064q1.728-0.384 4.032 1.92zM7.168 25.92l0.768-0.768q-0.064-1.408-1.664-3.008-0.704-0.704-1.44-1.12t-1.12-0.416l-0.448-0.064-0.704 0.768-0.576 2.56q0.896 0.512 1.472 1.088 0.768 0.768 1.152 1.536z\"><\/path>\n<\/svg><\/span><\/a><\/div><div class='entry-content-wrapper clearfix standard-content'><header class=\"entry-content-header\" aria-label=\"Articles : Futur du Sauvetage en Suisse : Vision pour un syst\u00e8me solide et r\u00f4le de l&rsquo;IAS\"><div class=\"av-heading-wrapper\"><h2 class='post-title entry-title ' ><a href=\"https:\/\/www.144.ch\/fr\/voici-bientot-les-nouvelles\/\" rel=\"bookmark\" title=\"Lien permanent : Futur du Sauvetage en Suisse : Vision pour un syst\u00e8me solide et r\u00f4le de l&rsquo;IAS\">Futur du Sauvetage en Suisse : Vision pour un syst\u00e8me solide et r\u00f4le de l&rsquo;IAS<span class=\"post-format-icon minor-meta\"><\/span><\/a><\/h2><span class=\"blog-categories minor-meta\"><a href=\"https:\/\/www.144.ch\/fr\/category\/strategie-fr\/\" rel=\"tag\">Strat\u00e9gie<\/a><\/span><\/div><\/header><span class=\"av-vertical-delimiter\"><\/span><div class=\"entry-content\" ><p>Afin de garantir un syst\u00e8me de secours solide \u00e0 l&rsquo;avenir, il est important de d\u00e9terminer la direction dans laquelle il doit \u00e9voluer. En tant qu&rsquo;organisation fa\u00eeti\u00e8re du secours, l&rsquo;IAS se sent responsable de donner une orientation. C&rsquo;est pourquoi le comit\u00e9 a d\u00e9cid\u00e9 de lancer un projet visant \u00e0 \u00e9laborer une vision pour le sauvetage en [&hellip;]<\/p>\n<div class=\"read-more-link\"><a href=\"https:\/\/www.144.ch\/fr\/voici-bientot-les-nouvelles\/\" class=\"more-link\">Lire la suite<span class='more-link-arrow avia-svg-icon avia-font-svg_entypo-fontello' data-av_svg_icon='right-open-big' data-av_iconset='svg_entypo-fontello'><svg version=\"1.1\" xmlns=\"http:\/\/www.w3.org\/2000\/svg\" width=\"15\" height=\"32\" viewBox=\"0 0 15 32\" preserveAspectRatio=\"xMidYMid meet\" role=\"graphics-symbol\" aria-hidden=\"true\">\n<path d=\"M0.416 27.84l11.456-11.84-11.456-11.904q-0.832-0.832 0-1.536 0.832-0.832 1.536 0l12.544 12.608q0.768 0.832 0 1.6l-12.544 12.608q-0.704 0.832-1.536 0-0.832-0.704 0-1.536z\"><\/path>\n<\/svg><\/span><\/a><\/div>\n<\/div><span class=\"post-meta-infos\"><time class=\"date-container minor-meta updated\" >8. juillet 2024<\/time><\/span><footer class=\"entry-footer\"><\/footer><div class='post_delimiter'><\/div><\/div><div class=\"post_author_timeline\"><\/div><\/article><\/div><\/div>\n","protected":false},"excerpt":{"rendered":"","protected":false},"author":1,"featured_media":18430,"parent":18599,"menu_order":6,"comment_status":"closed","ping_status":"closed","template":"","meta":{"_acf_changed":false,"_seopress_robots_primary_cat":"","_seopress_titles_title":"News und Aktuelles des Interverbands f\u00fcr Rettungswesen IVR","_seopress_titles_desc":"Neuigkeiten des Interverbands f\u00fcr Rettungswesen IVR. Informieren Sie sich. Wir decken die ganze Rettungskette ab.","_seopress_robots_index":"","footnotes":""},"folder":[],"class_list":["post-41644","page","type-page","status-publish","has-post-thumbnail","hentry"],"acf":[],"_links":{"self":[{"href":"https:\/\/www.144.ch\/fr\/wp-json\/wp\/v2\/pages\/41644","targetHints":{"allow":["GET"]}}],"collection":[{"href":"https:\/\/www.144.ch\/fr\/wp-json\/wp\/v2\/pages"}],"about":[{"href":"https:\/\/www.144.ch\/fr\/wp-json\/wp\/v2\/types\/page"}],"author":[{"embeddable":true,"href":"https:\/\/www.144.ch\/fr\/wp-json\/wp\/v2\/users\/1"}],"replies":[{"embeddable":true,"href":"https:\/\/www.144.ch\/fr\/wp-json\/wp\/v2\/comments?post=41644"}],"version-history":[{"count":2,"href":"https:\/\/www.144.ch\/fr\/wp-json\/wp\/v2\/pages\/41644\/revisions"}],"predecessor-version":[{"id":41732,"href":"https:\/\/www.144.ch\/fr\/wp-json\/wp\/v2\/pages\/41644\/revisions\/41732"}],"up":[{"embeddable":true,"href":"https:\/\/www.144.ch\/fr\/wp-json\/wp\/v2\/pages\/18599"}],"wp:featuredmedia":[{"embeddable":true,"href":"https:\/\/www.144.ch\/fr\/wp-json\/wp\/v2\/media\/18430"}],"wp:attachment":[{"href":"https:\/\/www.144.ch\/fr\/wp-json\/wp\/v2\/media?parent=41644"}],"wp:term":[{"taxonomy":"folder","embeddable":true,"href":"https:\/\/www.144.ch\/fr\/wp-json\/wp\/v2\/folder?post=41644"}],"curies":[{"name":"wp","href":"https:\/\/api.w.org\/{rel}","templated":true}]}}