{"id":38997,"date":"2024-02-16T12:10:13","date_gmt":"2024-02-16T11:10:13","guid":{"rendered":"https:\/\/www.144.ch\/journee-nationale-daction-du-144\/"},"modified":"2025-03-19T09:53:44","modified_gmt":"2025-03-19T08:53:44","slug":"journee-nationale-daction-du-144-2023","status":"publish","type":"page","link":"https:\/\/www.144.ch\/fr\/journee-nationale-daction-du-144-2023\/","title":{"rendered":"Journ\u00e9e nationale d&rsquo;action du 144 (2023)"},"content":{"rendered":"<div class='clear'><\/div><div id='sub_menu1'  class='av-submenu-container av-lsok61cm-f8fb74ad4116a1fe4346bb557ecef155 main_color  avia-builder-el-0  el_before_av_section  avia-builder-el-first  av-sticky-submenu container_wrap fullsize' style='z-index:301' ><div class='container av-menu-mobile-disabled av-submenu-pos-center'><ul id=\"menu-aktionstage-fr\" class=\"av-subnav-menu\" role=\"menu\"><li role=\"menuitem\" id=\"menu-item-47267\" class=\"menu-item menu-item-type-post_type menu-item-object-page menu-item-top-level menu-item-top-level-1\"><a href=\"https:\/\/www.144.ch\/fr\/journee-daction-144-2025\/\" tabindex=\"0\"><span class=\"avia-bullet\"><\/span><span class=\"avia-menu-text\">2025<\/span><span class=\"avia-menu-fx\"><span class=\"avia-arrow-wrap\"><span class=\"avia-arrow\"><\/span><\/span><\/span><\/a><\/li>\n<li role=\"menuitem\" id=\"menu-item-43886\" class=\"menu-item menu-item-type-post_type menu-item-object-page menu-item-top-level menu-item-top-level-2\"><a href=\"https:\/\/www.144.ch\/fr\/journee-daction-144-2024\/\" tabindex=\"0\"><span class=\"avia-bullet\"><\/span><span class=\"avia-menu-text\">2024<\/span><span class=\"avia-menu-fx\"><span class=\"avia-arrow-wrap\"><span class=\"avia-arrow\"><\/span><\/span><\/span><\/a><\/li>\n<li role=\"menuitem\" id=\"menu-item-39023\" class=\"menu-item menu-item-type-post_type menu-item-object-page menu-item-top-level menu-item-top-level-3\"><a href=\"https:\/\/www.144.ch\/fr\/journee-nationale-daction-du-144-2023\/\" tabindex=\"0\"><span class=\"avia-bullet\"><\/span><span class=\"avia-menu-text\">2023<\/span><span class=\"avia-menu-fx\"><span class=\"avia-arrow-wrap\"><span class=\"avia-arrow\"><\/span><\/span><\/span><\/a><\/li>\n<\/ul><\/div><\/div><div class='sticky_placeholder'><\/div>\n\n<style type=\"text\/css\" data-created_by=\"avia_inline_auto\" id=\"style-css-av-1h17fjh-f837ce0d9727c21fe78bdfd85be4a5b4\">\n.avia-section.av-1h17fjh-f837ce0d9727c21fe78bdfd85be4a5b4{\nmargin-top:0px;\nmargin-bottom:150px;\n}\n.avia-section.av-1h17fjh-f837ce0d9727c21fe78bdfd85be4a5b4 .av-extra-border-element .av-extra-border-inner{\nbackground-color:#ffffff;\n}\n<\/style>\n<div id='av_section_1'  class='avia-section av-1h17fjh-f837ce0d9727c21fe78bdfd85be4a5b4 main_color avia-section-huge avia-no-border-styling  avia-builder-el-1  el_after_av_submenu  avia-builder-el-last  avia-bg-style-scroll av-arrow-down-section container_wrap fullsize'  ><div class='container av-section-cont-open' ><div class='template-page content  av-content-full alpha units'><div class='post-entry post-entry-type-page post-entry-38997'><div class='entry-content-wrapper clearfix'>\n\n<style type=\"text\/css\" data-created_by=\"avia_inline_auto\" id=\"style-css-av-lfch3ej3-1b4b69b20cdf56e752f1fb7d245a82d1\">\n#top .av-special-heading.av-lfch3ej3-1b4b69b20cdf56e752f1fb7d245a82d1{\npadding-bottom:10px;\n}\nbody .av-special-heading.av-lfch3ej3-1b4b69b20cdf56e752f1fb7d245a82d1 .av-special-heading-tag .heading-char{\nfont-size:25px;\n}\n.av-special-heading.av-lfch3ej3-1b4b69b20cdf56e752f1fb7d245a82d1 .av-subheading{\nfont-size:15px;\n}\n<\/style>\n<div  class='av-special-heading av-lfch3ej3-1b4b69b20cdf56e752f1fb7d245a82d1 av-special-heading-h1 blockquote modern-quote modern-centered  avia-builder-el-2  el_before_av_hr  avia-builder-el-first  av-thin-font'><h1 class='av-special-heading-tag '  >Journ\u00e9e nationale d\u2019action du <strong>144<\/strong> <\/h1><div class='av-subheading av-subheading_below'><p>Interassociation pour les services de secours<\/p>\n<\/div><div class=\"special-heading-border\"><div class=\"special-heading-inner-border\"><\/div><\/div><\/div>\n\n<style type=\"text\/css\" data-created_by=\"avia_inline_auto\" id=\"style-css-av-1174vt9-175e9f2591b6d21427490722e36c8f36\">\n#top .hr.av-1174vt9-175e9f2591b6d21427490722e36c8f36{\nmargin-top:30px;\nmargin-bottom:30px;\n}\n.hr.av-1174vt9-175e9f2591b6d21427490722e36c8f36 .hr-inner{\nwidth:100px;\nborder-color:#0e0e0e;\nmax-width:45%;\n}\n.hr.av-1174vt9-175e9f2591b6d21427490722e36c8f36 .av-seperator-icon{\ncolor:#0e0e0e;\n}\n.hr.av-1174vt9-175e9f2591b6d21427490722e36c8f36 .av-seperator-icon.avia-svg-icon svg:first-child{\nfill:#0e0e0e;\nstroke:#0e0e0e;\n}\n<\/style>\n<div  class='hr av-1174vt9-175e9f2591b6d21427490722e36c8f36 hr-custom  avia-builder-el-3  el_after_av_heading  el_before_av_textblock  hr-center hr-icon-yes'><span class='hr-inner inner-border-av-border-fat'><span class=\"hr-inner-style\"><\/span><\/span><span class='av-seperator-icon avia-iconfont avia-font-fontello' data-av_icon='\ue809' data-av_iconfont='fontello' ><\/span><span class='hr-inner inner-border-av-border-fat'><span class=\"hr-inner-style\"><\/span><\/span><\/div>\n<section  class='av_textblock_section av-mpeqel-b87b8e3c0bdd2ba2579dd81955695c5a '  ><div class='avia_textblock' >    \n\t<div class=\"aktionstage-filter\">\n\n\t\t<label for=\"kantone\">Canton<\/label>\n\t\t<select name=\"kantone\" id=\"kantone\">\n\t\t  <option value=\"alle\">--Choisir svp--<\/option>\n\t\t<\/select>\n\t\t\n\t<\/div>\n\n    <div class=\"aktionstage-list\">\n    \n            <div data-kanton=\"zh\" data-kanton-name=\"ZH\" class=\"aktionstag zh\">\n\t\t\t<h4 class=\"aktionstag__sektion\">Rettungsdienst Spital M\u00e4nnedorf<\/h4>\n\t\t\t<hr>\n            <p class=\"aktionstag__ort\">Je 2 Stunden in Erlenbach, Meilen, Hombrechtikon &amp; St\u00e4fa<\/p>\n            <p class=\"aktionstag__datum\">14.04.2023<\/p>\n            <p class=\"aktionstag__uhrzeit\">09:00 - 18:30<\/p>\n\t\t\t\t\t\t\t<a target=\"_blank\" class=\"aktionstag__url button\" href=\"https:\/\/www.spitalmaennedorf.ch\/fachbereiche\/rettungsdienst\/\">Info<\/a>\n\t\t\t\t\t\t\n\t\t\t\t\t\t\n\t\t\t\n        <\/div>\n                <div data-kanton=\"gr\" data-kanton-name=\"GR\" class=\"aktionstag gr\">\n\t\t\t<h4 class=\"aktionstag__sektion\">Servizio Ambulanza del Moesano<\/h4>\n\t\t\t<hr>\n            <p class=\"aktionstag__ort\">Piaza 35,6535 Roveredo<\/p>\n            <p class=\"aktionstag__datum\">14.04.2023<\/p>\n            <p class=\"aktionstag__uhrzeit\">09:00 - 18:00<\/p>\n\t\t\t\t\t\t\t<a target=\"_blank\" class=\"aktionstag__url button\" href=\"https:\/\/www.ambulanzamoesano.ch\/\">Info<\/a>\n\t\t\t\t\t\t\n\t\t\t\t\t\t\n\t\t\t\n        <\/div>\n                <div data-kanton=\"vd\" data-kanton-name=\"VD\" class=\"aktionstag vd\">\n\t\t\t<h4 class=\"aktionstag__sektion\">SAFETYFIRST<\/h4>\n\t\t\t<hr>\n            <p class=\"aktionstag__ort\">L'\u00e9cole de la construction, Rte Ignace Paderewski 2, 1131 Tolochena<\/p>\n            <p class=\"aktionstag__datum\">14.04.2023<\/p>\n            <p class=\"aktionstag__uhrzeit\">08:00 - 09:00 \/ 13:00 - 14:00<\/p>\n\t\t\t\t\t\t\t<a target=\"_blank\" class=\"aktionstag__url button\" href=\"https:\/\/safetyfirst.ch\/\">Info<\/a>\n\t\t\t\t\t\t\n\t\t\t\t\t\t\n\t\t\t\n        <\/div>\n                <div data-kanton=\"ar\" data-kanton-name=\"AR\" class=\"aktionstag ar\">\n\t\t\t<h4 class=\"aktionstag__sektion\">Rettungsdienst Spitalverbund Appenzell Ausserrhoden<\/h4>\n\t\t\t<hr>\n            <p class=\"aktionstag__ort\">Migros Heiden<\/p>\n            <p class=\"aktionstag__datum\">14.04.2023<\/p>\n            <p class=\"aktionstag__uhrzeit\">10:00 - 15:00<\/p>\n\t\t\t\t\t\t\t<a target=\"_blank\" class=\"aktionstag__url button\" href=\"https:\/\/www.spitalverbund.ch\/angebote-herisau\/rettungsdienst\/\">Info<\/a>\n\t\t\t\t\t\t\n\t\t\t\t\t\t\n\t\t\t\n        <\/div>\n                <div data-kanton=\"ge\" data-kanton-name=\"GE\" class=\"aktionstag ge\">\n\t\t\t<h4 class=\"aktionstag__sektion\">Swiss Paramedic Association \u2013 Section Gen\u00e8ve<\/h4>\n\t\t\t<hr>\n            <p class=\"aktionstag__ort\">Rue du march\u00e9 38 \u2013 40, 1204 Gen\u00e8ve<\/p>\n            <p class=\"aktionstag__datum\">14.04.2023<\/p>\n            <p class=\"aktionstag__uhrzeit\">10:00 - 17:00<\/p>\n\t\t\t\t\t\t\t<a target=\"_blank\" class=\"aktionstag__url button\" href=\"https:\/\/www.facebook.com\/profile.php?id=100072115038843\">Info<\/a>\n\t\t\t\t\t\t\n\t\t\t\t\t\t\n\t\t\t\n        <\/div>\n                <div data-kanton=\"ai\" data-kanton-name=\"AI\" class=\"aktionstag ai\">\n\t\t\t<h4 class=\"aktionstag__sektion\">Rettungsdienst Appenzell Innerhoden<\/h4>\n\t\t\t<hr>\n            <p class=\"aktionstag__ort\">Landsgemeindeplatz Appenzell<\/p>\n            <p class=\"aktionstag__datum\">14.04.2023<\/p>\n            <p class=\"aktionstag__uhrzeit\">09:00 - 17:00<\/p>\n\t\t\t\t\t\t\t<a target=\"_blank\" class=\"aktionstag__url button\" href=\"https:\/\/www.gzai.ch\/de\/notfall\/rettungsdienst\">Info<\/a>\n\t\t\t\t\t\t\n\t\t\t\t\t\t\n\t\t\t\n        <\/div>\n                <div data-kanton=\"ag\" data-kanton-name=\"AG\" class=\"aktionstag ag\">\n\t\t\t<h4 class=\"aktionstag__sektion\">Rescue Academy (und Sanit\u00e4t Wettingen-Limmattal)<\/h4>\n\t\t\t<hr>\n            <p class=\"aktionstag__ort\">Etzelstrasse 11, 5430 Wettingen<\/p>\n            <p class=\"aktionstag__datum\">14.04.2023<\/p>\n            <p class=\"aktionstag__uhrzeit\">14:00 - 22:00<\/p>\n\t\t\t\t\t\t\t<a target=\"_blank\" class=\"aktionstag__url button\" href=\"https:\/\/sanitaet.info\/opendoor.html\">Info<\/a>\n\t\t\t\t\t\t\n\t\t\t\t\t\t\n\t\t\t\n        <\/div>\n                <div data-kanton=\"gl\" data-kanton-name=\"GL\" class=\"aktionstag gl\">\n\t\t\t<h4 class=\"aktionstag__sektion\">Rettungsdienst Kantonsspital Glarus<\/h4>\n\t\t\t<hr>\n            <p class=\"aktionstag__ort\">Krumm, Areal, 8752 N\u00e4fels<\/p>\n            <p class=\"aktionstag__datum\">14.04.2023<\/p>\n            <p class=\"aktionstag__uhrzeit\">12:00 - 20:00<\/p>\n\t\t\t\t\t\t\t<a target=\"_blank\" class=\"aktionstag__url button\" href=\"https:\/\/ksgl.ch\/fachbereiche\/rettung\">Info<\/a>\n\t\t\t\t\t\t\n\t\t\t\t\t\t\n\t\t\t\n        <\/div>\n                <div data-kanton=\"sh\" data-kanton-name=\"SH\" class=\"aktionstag sh\">\n\t\t\t<h4 class=\"aktionstag__sektion\">Rettungsdienst Spit\u00e4ler Schaffhausen<\/h4>\n\t\t\t<hr>\n            <p class=\"aktionstag__ort\">Herblinger Markt, 8207 Schaffhausen<\/p>\n            <p class=\"aktionstag__datum\">14.04.2023<\/p>\n            <p class=\"aktionstag__uhrzeit\">09:00 - 17:00<\/p>\n\t\t\t\t\t\t\t<a target=\"_blank\" class=\"aktionstag__url button\" href=\"https:\/\/www.spitaeler-sh.ch\/Kliniken-Fachzentren\/Medizinische-Servicezentren\/Rettungsdienst\/Leistungsangebot\/\">Info<\/a>\n\t\t\t\t\t\t\n\t\t\t\t\t\t\n\t\t\t\n        <\/div>\n                <div data-kanton=\"vd\" data-kanton-name=\"VD\" class=\"aktionstag vd\">\n\t\t\t<h4 class=\"aktionstag__sektion\">Association cantonale vaudoise des ambulanciers et techniciens-ambulanciers<\/h4>\n\t\t\t<hr>\n            <p class=\"aktionstag__ort\">Place de l\u2019Europe, 1000 Lausanne<\/p>\n            <p class=\"aktionstag__datum\">14.04.2023<\/p>\n            <p class=\"aktionstag__uhrzeit\">09:00 - 18:00<\/p>\n\t\t\t\t\t\t\t<a target=\"_blank\" class=\"aktionstag__url button\" href=\"https:\/\/v2.ambulanciers-vaud.ch\/\">Info<\/a>\n\t\t\t\t\t\t\n\t\t\t\t\t\t\t<a class=\"aktionstag__fotos button\" href=\"https:\/\/www.144.ch\/fr\/aktionstag\/association-cantonale-vaudoise-des-ambulanciers-et-techniciens-ambulanciers\/\">Pics<\/a>\n\t\t\t\t\t\t\n\t\t\t\n        <\/div>\n                <div data-kanton=\"be\" data-kanton-name=\"BE\" class=\"aktionstag be\">\n\t\t\t<h4 class=\"aktionstag__sektion\">Schutz und Rettung Bern<\/h4>\n\t\t\t<hr>\n            <p class=\"aktionstag__ort\">Online, Instagram: schutzrettungbe, Facebook: Schutz und Rettung Bern, Twitter: @schutzrettungbe<\/p>\n            <p class=\"aktionstag__datum\">14.04.2023<\/p>\n            <p class=\"aktionstag__uhrzeit\">07:00 - 18:00<\/p>\n\t\t\t\t\t\t\t<a target=\"_blank\" class=\"aktionstag__url button\" href=\"https:\/\/www.bern.ch\/politik-und-verwaltung\/stadtverwaltung\/sue\/schutz-und-rettung-bern\">Info<\/a>\n\t\t\t\t\t\t\n\t\t\t\t\t\t\n\t\t\t\n        <\/div>\n                <div data-kanton=\"vs\" data-kanton-name=\"VS\" class=\"aktionstag vs\">\n\t\t\t<h4 class=\"aktionstag__sektion\">OCVS 144 &amp; Swiss Paramedic Association<\/h4>\n\t\t\t<hr>\n            <p class=\"aktionstag__ort\">Place de la Planta, 1950 Sion<\/p>\n            <p class=\"aktionstag__datum\">15.04.2023<\/p>\n            <p class=\"aktionstag__uhrzeit\">09:00 - 17:00<\/p>\n\t\t\t\t\t\t\t<a target=\"_blank\" class=\"aktionstag__url button\" href=\"https:\/\/www.facebook.com\/associationvalaisannedesambulanciers\/?locale=fr_FR\">Info<\/a>\n\t\t\t\t\t\t\n\t\t\t\t\t\t\n\t\t\t\n        <\/div>\n                <div data-kanton=\"lu\" data-kanton-name=\"LU\" class=\"aktionstag lu\">\n\t\t\t<h4 class=\"aktionstag__sektion\">Rettungsdienst Seetal<\/h4>\n\t\t\t<hr>\n            <p class=\"aktionstag__ort\">Diverse Orte im Einsatzgebiet<\/p>\n            <p class=\"aktionstag__datum\">14.04.2023<\/p>\n            <p class=\"aktionstag__uhrzeit\">08:30 - 17:00<\/p>\n\t\t\t\t\t\t\t<a target=\"_blank\" class=\"aktionstag__url button\" href=\"https:\/\/rettungsdienst-seetal.ch\/\">Info<\/a>\n\t\t\t\t\t\t\n\t\t\t\t\t\t\t<a class=\"aktionstag__fotos button\" href=\"https:\/\/www.144.ch\/fr\/aktionstag\/rettungsdienst-seetal\/\">Pics<\/a>\n\t\t\t\t\t\t\n\t\t\t\n        <\/div>\n                <div data-kanton=\"bl\" data-kanton-name=\"BL\" class=\"aktionstag bl\">\n\t\t\t<h4 class=\"aktionstag__sektion\">Rettungsdienste NordWestSchweiz AG<\/h4>\n\t\t\t<hr>\n            <p class=\"aktionstag__ort\">St\u00fctzpunkt RD NWS AG,Pfeffingerstrasse 1, 4153 Reinach<\/p>\n            <p class=\"aktionstag__datum\">14.04.2023<\/p>\n            <p class=\"aktionstag__uhrzeit\">11:00 - 16:00<\/p>\n\t\t\t\t\t\t\t<a target=\"_blank\" class=\"aktionstag__url button\" href=\"https:\/\/www.rdnws.ch\/news\/\">Info<\/a>\n\t\t\t\t\t\t\n\t\t\t\t\t\t\t<a class=\"aktionstag__fotos button\" href=\"https:\/\/www.144.ch\/fr\/aktionstag\/rettungsdienste-nordwestschweiz-ag\/\">Pics<\/a>\n\t\t\t\t\t\t\n\t\t\t\n        <\/div>\n                <div data-kanton=\"bl\" data-kanton-name=\"BL\" class=\"aktionstag bl\">\n\t\t\t<h4 class=\"aktionstag__sektion\">Einsatzzentrale Rettung 144 \/ 118 Basel<\/h4>\n\t\t\t<hr>\n            <p class=\"aktionstag__ort\">St\u00fctzpunkt RD NWS AG,Pfeffingerstrasse 1, 4153 Reinach<\/p>\n            <p class=\"aktionstag__datum\">14.04.2023<\/p>\n            <p class=\"aktionstag__uhrzeit\">11:00 - 16:00<\/p>\n\t\t\t\t\t\t\t<a target=\"_blank\" class=\"aktionstag__url button\" href=\"https:\/\/www.rettung.bs.ch\/\">Info<\/a>\n\t\t\t\t\t\t\n\t\t\t\t\t\t\t<a class=\"aktionstag__fotos button\" href=\"https:\/\/www.144.ch\/fr\/aktionstag\/einsatzzentralle-rettung-144-118-basel\/\">Pics<\/a>\n\t\t\t\t\t\t\n\t\t\t\n        <\/div>\n                <div data-kanton=\"ge\" data-kanton-name=\"GE\" class=\"aktionstag ge\">\n\t\t\t<h4 class=\"aktionstag__sektion\">TCS-Swiss Ambulance Rescue Gen\u00e8ve<\/h4>\n\t\t\t<hr>\n            <p class=\"aktionstag__ort\">Clinique G\u00e9n\u00e9rale Beaulieu, Beau-Soleil 20, 1206 Gen\u00e8ve<\/p>\n            <p class=\"aktionstag__datum\">14.04.2023<\/p>\n            <p class=\"aktionstag__uhrzeit\">10:00 - 16:00<\/p>\n\t\t\t\t\t\t\t<a target=\"_blank\" class=\"aktionstag__url button\" href=\"https:\/\/www.tcs.ch\/de\/der-tcs\/ambulance\/?gclid=CjwKCAjwq-WgBhBMEiwAzKSH6AoK-E9Fec2U1-06Gstwk4GxCb5E7KDq8stSY2_d2oypaaqDEmzV7hoCuGMQAvD_BwE&#038;gclsrc=aw.ds\">Info<\/a>\n\t\t\t\t\t\t\n\t\t\t\t\t\t\t<a class=\"aktionstag__fotos button\" href=\"https:\/\/www.144.ch\/fr\/aktionstag\/tcs-swiss-ambulance-rescue-geneve\/\">Pics<\/a>\n\t\t\t\t\t\t\n\t\t\t\n        <\/div>\n                <div data-kanton=\"gr\" data-kanton-name=\"GR\" class=\"aktionstag gr\">\n\t\t\t<h4 class=\"aktionstag__sektion\">Rettung Chur<\/h4>\n\t\t\t<hr>\n            <p class=\"aktionstag__ort\">Stadtzentrum, 7000 Chur<\/p>\n            <p class=\"aktionstag__datum\">14.04.2023<\/p>\n            <p class=\"aktionstag__uhrzeit\">10:30 - 18:30<\/p>\n\t\t\t\t\t\t\t<a target=\"_blank\" class=\"aktionstag__url button\" href=\"https:\/\/www.ksgr.ch\/rettungchur\">Info<\/a>\n\t\t\t\t\t\t\n\t\t\t\t\t\t\t<a class=\"aktionstag__fotos button\" href=\"https:\/\/www.144.ch\/fr\/aktionstag\/rettung-chur\/\">Pics<\/a>\n\t\t\t\t\t\t\n\t\t\t\n        <\/div>\n                <div data-kanton=\"ti\" data-kanton-name=\"TI\" class=\"aktionstag ti\">\n\t\t\t<h4 class=\"aktionstag__sektion\">Tre Valli Soccorso<\/h4>\n\t\t\t<hr>\n            <p class=\"aktionstag__ort\">Migros - Via General Guisan 26, 6710 Biasca<\/p>\n            <p class=\"aktionstag__datum\">14.04.2023<\/p>\n            <p class=\"aktionstag__uhrzeit\">09:00 - 16:00<\/p>\n\t\t\t\t\t\t\t<a target=\"_blank\" class=\"aktionstag__url button\" href=\"https:\/\/vimeo.com\/815348855\/ce763bdf10\">Info<\/a>\n\t\t\t\t\t\t\n\t\t\t\t\t\t\n\t\t\t\n        <\/div>\n                <div data-kanton=\"ag\" data-kanton-name=\"AG\" class=\"aktionstag ag\">\n\t\t\t<h4 class=\"aktionstag__sektion\">Rettungsdienst Kantonsspital Baden AG<\/h4>\n\t\t\t<hr>\n            <p class=\"aktionstag__ort\">Schlossbergplatz, 5400 Baden<\/p>\n            <p class=\"aktionstag__datum\">14.04.2023<\/p>\n            <p class=\"aktionstag__uhrzeit\">11:00 - 16:00<\/p>\n\t\t\t\t\t\t\t<a target=\"_blank\" class=\"aktionstag__url button\" href=\"https:\/\/www.kantonsspitalbaden.ch\/Fachbereiche\/Rettungsdienst\/\">Info<\/a>\n\t\t\t\t\t\t\n\t\t\t\t\t\t\n\t\t\t\n        <\/div>\n                <div data-kanton=\"ne\" data-kanton-name=\"NE\" class=\"aktionstag ne\">\n\t\t\t<h4 class=\"aktionstag__sektion\">Abulances des Vall\u00e9es Neuchateloises<\/h4>\n\t\t\t<hr>\n            <p class=\"aktionstag__ort\">Grand'Rue 23, 2108 Couvet<\/p>\n            <p class=\"aktionstag__datum\">14.04.2023<\/p>\n            <p class=\"aktionstag__uhrzeit\">12:00 - 18:00<\/p>\n\t\t\t\t\t\t\t<a target=\"_blank\" class=\"aktionstag__url button\" href=\"http:\/\/www.ambulancesval.ch\/\">Info<\/a>\n\t\t\t\t\t\t\n\t\t\t\t\t\t\n\t\t\t\n        <\/div>\n                <div data-kanton=\"gr\" data-kanton-name=\"GR\" class=\"aktionstag gr\">\n\t\t\t<h4 class=\"aktionstag__sektion\">Sanit\u00e4tsnotruf SNZ 144 Graub\u00fcnden<\/h4>\n\t\t\t<hr>\n            <p class=\"aktionstag__ort\">Stadtgebiet, 7000 Chur<\/p>\n            <p class=\"aktionstag__datum\">14.04.2023<\/p>\n            <p class=\"aktionstag__uhrzeit\">11:00 - 18:00<\/p>\n\t\t\t\t\t\t\t<a target=\"_blank\" class=\"aktionstag__url button\" href=\"https:\/\/www.gr.ch\/DE\/notrufzentrale\/Seiten\/start.aspx\">Info<\/a>\n\t\t\t\t\t\t\n\t\t\t\t\t\t\t<a class=\"aktionstag__fotos button\" href=\"https:\/\/www.144.ch\/fr\/aktionstag\/sanitaetsnotruf-snz-144-graubuenden\/\">Pics<\/a>\n\t\t\t\t\t\t\n\t\t\t\n        <\/div>\n                <div data-kanton=\"ne\" data-kanton-name=\"NE\" class=\"aktionstag ne\">\n\t\t\t<h4 class=\"aktionstag__sektion\">Swiss Paramedic Association <\/h4>\n\t\t\t<hr>\n            <p class=\"aktionstag__ort\">Place Du March\u00e9,  2000 Neuchatel<\/p>\n            <p class=\"aktionstag__datum\">14.04.2023<\/p>\n            <p class=\"aktionstag__uhrzeit\">12:00 - 18:00<\/p>\n\t\t\t\t\t\t\t<a target=\"_blank\" class=\"aktionstag__url button\" href=\"https:\/\/www.swissparamedic.ch\/vrs\/sektionen\/sektion-neuchatel.html\">Info<\/a>\n\t\t\t\t\t\t\n\t\t\t\t\t\t\t<a class=\"aktionstag__fotos button\" href=\"https:\/\/www.144.ch\/fr\/aktionstag\/swiss-paramedic-association\/\">Pics<\/a>\n\t\t\t\t\t\t\n\t\t\t\n        <\/div>\n                <div data-kanton=\"zh\" data-kanton-name=\"ZH\" class=\"aktionstag zh\">\n\t\t\t<h4 class=\"aktionstag__sektion\">Rettungsdienst See-Spital<\/h4>\n\t\t\t<hr>\n            <p class=\"aktionstag__ort\">Bezirk Horgen (W\u00e4denswil und Adliswil)<\/p>\n            <p class=\"aktionstag__datum\">14.04.2023<\/p>\n            <p class=\"aktionstag__uhrzeit\">07:15 - 13:15<\/p>\n\t\t\t\t\t\t\t<a target=\"_blank\" class=\"aktionstag__url button\" href=\"https:\/\/see-spital.ch\/fachgebiete\/anaesthesiologie-intensivmedizin-rettungsmedizin\/#rettungsdienst\">Info<\/a>\n\t\t\t\t\t\t\n\t\t\t\t\t\t\n\t\t\t\n        <\/div>\n                <div data-kanton=\"vd\" data-kanton-name=\"VD\" class=\"aktionstag vd\">\n\t\t\t<h4 class=\"aktionstag__sektion\">Hemostaz<\/h4>\n\t\t\t<hr>\n            <p class=\"aktionstag__ort\">Place de L`Europe, 1003 Lausanne<\/p>\n            <p class=\"aktionstag__datum\">14.04.2023<\/p>\n            <p class=\"aktionstag__uhrzeit\">09:00 - 12:00<\/p>\n\t\t\t\t\t\t\t<a target=\"_blank\" class=\"aktionstag__url button\" href=\"https:\/\/hemostaz.ch\/\">Info<\/a>\n\t\t\t\t\t\t\n\t\t\t\t\t\t\t<a class=\"aktionstag__fotos button\" href=\"https:\/\/www.144.ch\/fr\/aktionstag\/hemostaz\/\">Pics<\/a>\n\t\t\t\t\t\t\n\t\t\t\n        <\/div>\n                <div data-kanton=\"so\" data-kanton-name=\"SO\" class=\"aktionstag so\">\n\t\t\t<h4 class=\"aktionstag__sektion\">Rettungdienst Solothurner Spit\u00e4ler AG<\/h4>\n\t\t\t<hr>\n            <p class=\"aktionstag__ort\">Altstadt 4500 Solothurn und 4600 Olten<\/p>\n            <p class=\"aktionstag__datum\">14.04.2023<\/p>\n            <p class=\"aktionstag__uhrzeit\">12:00 - 16:00<\/p>\n\t\t\t\t\t\t\t<a target=\"_blank\" class=\"aktionstag__url button\" href=\"https:\/\/www.solothurnerspitaeler.ch\/unsere-spitaeler\/buergerspital-solothurn\/medizinisches-angebot\/notfall\/rettungsdienst\/\">Info<\/a>\n\t\t\t\t\t\t\n\t\t\t\t\t\t\n\t\t\t\n        <\/div>\n                <div data-kanton=\"sg\" data-kanton-name=\"SG\" class=\"aktionstag sg\">\n\t\t\t<h4 class=\"aktionstag__sektion\">Rettung St. Gallen<\/h4>\n\t\t\t<hr>\n            <p class=\"aktionstag__ort\">Warostrasse, 9469 Haag<\/p>\n            <p class=\"aktionstag__datum\">14.04.2023<\/p>\n            <p class=\"aktionstag__uhrzeit\">10:00 - 15:00<\/p>\n\t\t\t\t\t\t\t<a target=\"_blank\" class=\"aktionstag__url button\" href=\"https:\/\/rettung-sg.ch\/\">Info<\/a>\n\t\t\t\t\t\t\n\t\t\t\t\t\t\n\t\t\t\n        <\/div>\n                \n    <\/div>\n\n\t<script>\n\tjQuery(document).ready(function( $ ) {\n\t\n\t\tvar kantone = [];\n\t\t$( \".aktionstag\" ).each(function( index ) {\n\t\t\tkantone.push($(this).data(\"kanton\"));\n\t\t});\n\t\t\n\t\tkantone.sort();\n\t\t\n\t\tconst getUniqueValues = (array) => (\n\t\t  array.filter((currentValue, index, arr) => (\n\t\t\t\tarr.indexOf(currentValue) === index\n\t\t\t))\n\t\t)\n\t\t\n\t\tkantone = getUniqueValues(kantone);\n\t\t\n\t\tkantone.forEach( function (item) {\n\t\t\t$(\"#kantone\").append(\"<option value='\" + item + \"'>\" + item.toUpperCase() + \"<\/option>\");\n\t\t});\n\t\t\n\t\t\t\n\t\t$('#kantone').on('change', function() {\n\n\t\t\tif( this.value == \"alle\" ) {\n\t\t\t\t$(\".aktionstag\").show();\n\t\t\t} else {\n\t\t\t\t$(\".aktionstag\").hide();\n\t\t\t\t$(\".aktionstag.\" + this.value).show();\n\t\t\t}\n\n\t\t});\n\n\t});\n\t\n\t\n\t<\/script>\n\n    \n    \n<\/div><\/section>\n\n","protected":false},"excerpt":{"rendered":"","protected":false},"author":1,"featured_media":0,"parent":0,"menu_order":0,"comment_status":"closed","ping_status":"closed","template":"","meta":{"_acf_changed":false,"_seopress_robots_primary_cat":"","_seopress_titles_title":"","_seopress_titles_desc":"","_seopress_robots_index":"","footnotes":""},"folder":[],"class_list":["post-38997","page","type-page","status-publish","hentry"],"acf":[],"_links":{"self":[{"href":"https:\/\/www.144.ch\/fr\/wp-json\/wp\/v2\/pages\/38997","targetHints":{"allow":["GET"]}}],"collection":[{"href":"https:\/\/www.144.ch\/fr\/wp-json\/wp\/v2\/pages"}],"about":[{"href":"https:\/\/www.144.ch\/fr\/wp-json\/wp\/v2\/types\/page"}],"author":[{"embeddable":true,"href":"https:\/\/www.144.ch\/fr\/wp-json\/wp\/v2\/users\/1"}],"replies":[{"embeddable":true,"href":"https:\/\/www.144.ch\/fr\/wp-json\/wp\/v2\/comments?post=38997"}],"version-history":[{"count":6,"href":"https:\/\/www.144.ch\/fr\/wp-json\/wp\/v2\/pages\/38997\/revisions"}],"predecessor-version":[{"id":43866,"href":"https:\/\/www.144.ch\/fr\/wp-json\/wp\/v2\/pages\/38997\/revisions\/43866"}],"wp:attachment":[{"href":"https:\/\/www.144.ch\/fr\/wp-json\/wp\/v2\/media?parent=38997"}],"wp:term":[{"taxonomy":"folder","embeddable":true,"href":"https:\/\/www.144.ch\/fr\/wp-json\/wp\/v2\/folder?post=38997"}],"curies":[{"name":"wp","href":"https:\/\/api.w.org\/{rel}","templated":true}]}}