{"id":22755,"date":"2021-01-12T13:18:38","date_gmt":"2021-01-12T12:18:38","guid":{"rendered":"https:\/\/ivr-ias.aretiswebseiten.ch\/a-propos-de-nous\/fachkommission-ivr\/fachgruppe-entwicklung\/"},"modified":"2026-01-16T15:47:38","modified_gmt":"2026-01-16T14:47:38","slug":"fachgruppe-entwicklung","status":"publish","type":"page","link":"https:\/\/www.144.ch\/fr\/a-propos-de-nous\/fachkommission-ivr\/fachgruppe-entwicklung\/","title":{"rendered":"D\u00e9veloppement"},"content":{"rendered":"\n<style type=\"text\/css\" data-created_by=\"avia_inline_auto\" id=\"style-css-av-kqqje4hn-2c5f19d3adb2925d0d79e4a05f0a1682\">\n#top .av-special-heading.av-kqqje4hn-2c5f19d3adb2925d0d79e4a05f0a1682{\npadding-bottom:10px;\n}\nbody .av-special-heading.av-kqqje4hn-2c5f19d3adb2925d0d79e4a05f0a1682 .av-special-heading-tag .heading-char{\nfont-size:25px;\n}\n.av-special-heading.av-kqqje4hn-2c5f19d3adb2925d0d79e4a05f0a1682 .av-subheading{\nfont-size:15px;\n}\n<\/style>\n<div  class='av-special-heading av-kqqje4hn-2c5f19d3adb2925d0d79e4a05f0a1682 av-special-heading-h1 blockquote modern-quote modern-centered  avia-builder-el-0  el_before_av_hr  avia-builder-el-first  av-thin-font'><h1 class='av-special-heading-tag '  >Groupe technique<br \/>\n<strong>Clinique <span class='special_amp'>&amp;<\/span> Science<\/strong> <\/h1><div class=\"special-heading-border\"><div class=\"special-heading-inner-border\"><\/div><\/div><\/div>\n\n<style type=\"text\/css\" data-created_by=\"avia_inline_auto\" id=\"style-css-av-kb6hhq2e-9e3aee1f8a2a8bf3ab2119ee31d324bc\">\n#top .hr.av-kb6hhq2e-9e3aee1f8a2a8bf3ab2119ee31d324bc{\nmargin-top:40px;\nmargin-bottom:30px;\n}\n.hr.av-kb6hhq2e-9e3aee1f8a2a8bf3ab2119ee31d324bc .hr-inner{\nwidth:100px;\nborder-color:#0e0e0e;\nmax-width:45%;\n}\n.hr.av-kb6hhq2e-9e3aee1f8a2a8bf3ab2119ee31d324bc .av-seperator-icon{\ncolor:#0e0e0e;\n}\n.hr.av-kb6hhq2e-9e3aee1f8a2a8bf3ab2119ee31d324bc .av-seperator-icon.avia-svg-icon svg:first-child{\nfill:#0e0e0e;\nstroke:#0e0e0e;\n}\n<\/style>\n<div  class='hr av-kb6hhq2e-9e3aee1f8a2a8bf3ab2119ee31d324bc hr-custom  avia-builder-el-1  el_after_av_heading  el_before_av_one_third  hr-center hr-icon-yes'><span class='hr-inner inner-border-av-border-fat'><span class=\"hr-inner-style\"><\/span><\/span><span class='av-seperator-icon avia-iconfont avia-font-fontello' data-av_icon='\ue809' data-av_iconfont='fontello' ><\/span><span class='hr-inner inner-border-av-border-fat'><span class=\"hr-inner-style\"><\/span><\/span><\/div>\n<div class='flex_column_table av-oqv7me-5e081b27c7fa30bcb62fcb78420583c2 sc-av_one_third av-equal-height-column-flextable'>\n<style type=\"text\/css\" data-created_by=\"avia_inline_auto\" id=\"style-css-av-oqv7me-5e081b27c7fa30bcb62fcb78420583c2\">\n#top .flex_column_table.av-equal-height-column-flextable.av-oqv7me-5e081b27c7fa30bcb62fcb78420583c2{\nmargin-top:50px;\nmargin-bottom:30px;\n}\n.flex_column.av-oqv7me-5e081b27c7fa30bcb62fcb78420583c2{\nborder-radius:0px 0px 0px 0px;\npadding:0px 0px 0px 0px;\n}\n<\/style>\n<div  class='flex_column av-oqv7me-5e081b27c7fa30bcb62fcb78420583c2 av_one_third  avia-builder-el-2  el_after_av_hr  el_before_av_one_third  first flex_column_table_cell av-equal-height-column av-align-top av-animated-generic right-to-left av-zero-column-padding  '     ><p>\n<style type=\"text\/css\" data-created_by=\"avia_inline_auto\" id=\"style-css-av-k99zsfxs-efc4f3c550d30a19bef4a34a2e80cef1\">\n.avia-image-container.av-k99zsfxs-efc4f3c550d30a19bef4a34a2e80cef1 img.avia_image{\nbox-shadow:none;\n}\n.avia-image-container.av-k99zsfxs-efc4f3c550d30a19bef4a34a2e80cef1 .av-image-caption-overlay-center{\ncolor:#ffffff;\n}\n<\/style>\n<div  class='avia-image-container av-k99zsfxs-efc4f3c550d30a19bef4a34a2e80cef1 av-styling-circle avia-align-center  avia-builder-el-3  el_before_av_heading  avia-builder-el-first '  ><div class=\"avia-image-container-inner\"><div class=\"avia-image-overlay-wrap\"><img decoding=\"async\" fetchpriority=\"high\" class='wp-image-22710 avia-img-lazy-loading-not-22710 avia_image ' src=\"https:\/\/www.144.ch\/wp-content\/uploads\/2021\/01\/Helge-Regener.jpg\" alt='' title='Helge-Regener'  height=\"500\" width=\"500\" srcset=\"https:\/\/www.144.ch\/wp-content\/uploads\/2021\/01\/Helge-Regener.jpg 500w, https:\/\/www.144.ch\/wp-content\/uploads\/2021\/01\/Helge-Regener-300x300.jpg 300w, https:\/\/www.144.ch\/wp-content\/uploads\/2021\/01\/Helge-Regener-80x80.jpg 80w, https:\/\/www.144.ch\/wp-content\/uploads\/2021\/01\/Helge-Regener-36x36.jpg 36w, https:\/\/www.144.ch\/wp-content\/uploads\/2021\/01\/Helge-Regener-180x180.jpg 180w, https:\/\/www.144.ch\/wp-content\/uploads\/2021\/01\/Helge-Regener-100x100.jpg 100w\" sizes=\"(max-width: 500px) 100vw, 500px\" \/><\/div><\/div><\/div><br \/>\n\n<style type=\"text\/css\" data-created_by=\"avia_inline_auto\" id=\"style-css-av-av_heading-6dc2fc58ff7ce1901faf40722783d6a6\">\n#top .av-special-heading.av-av_heading-6dc2fc58ff7ce1901faf40722783d6a6{\npadding-bottom:10px;\n}\nbody .av-special-heading.av-av_heading-6dc2fc58ff7ce1901faf40722783d6a6 .av-special-heading-tag .heading-char{\nfont-size:25px;\n}\n.av-special-heading.av-av_heading-6dc2fc58ff7ce1901faf40722783d6a6 .av-subheading{\nfont-size:15px;\n}\n<\/style>\n<div  class='av-special-heading av-av_heading-6dc2fc58ff7ce1901faf40722783d6a6 av-special-heading-h4 blockquote modern-quote modern-centered  avia-builder-el-4  el_after_av_image  el_before_av_hr '><h4 class='av-special-heading-tag '  >Helge Regener <\/h4><div class=\"special-heading-border\"><div class=\"special-heading-inner-border\"><\/div><\/div><\/div><br \/>\n\n<style type=\"text\/css\" data-created_by=\"avia_inline_auto\" id=\"style-css-av-kb6wsd6l-9867c7c9d8ac1eb067dd3228e9abd8ee\">\n#top .hr.av-kb6wsd6l-9867c7c9d8ac1eb067dd3228e9abd8ee{\nmargin-top:15px;\nmargin-bottom:20px;\n}\n.hr.av-kb6wsd6l-9867c7c9d8ac1eb067dd3228e9abd8ee .hr-inner{\nwidth:100px;\nborder-color:#000000;\n}\n<\/style>\n<div  class='hr av-kb6wsd6l-9867c7c9d8ac1eb067dd3228e9abd8ee hr-custom  avia-builder-el-5  el_after_av_heading  el_before_av_textblock  hr-center hr-icon-no'><span class='hr-inner inner-border-av-border-fat'><span class=\"hr-inner-style\"><\/span><\/span><\/div><br \/>\n<section  class='av_textblock_section av-k99zq9fs-e36485dd6386b09c5d6c5375aa6bb922 '  ><div class='avia_textblock' ><p style=\"text-align: center;\">Coordinateur du groupe technique<br \/>\nSirmed, Nottwil<\/p>\n<\/div><\/section><\/p><\/div>\n<div class='av-flex-placeholder'><\/div>\n<style type=\"text\/css\" data-created_by=\"avia_inline_auto\" id=\"style-css-av-oqv7me-6702355943a8fb63da99995e23a15005\">\n#top .flex_column_table.av-equal-height-column-flextable.av-oqv7me-6702355943a8fb63da99995e23a15005{\nmargin-top:50px;\nmargin-bottom:30px;\n}\n.flex_column.av-oqv7me-6702355943a8fb63da99995e23a15005{\nborder-radius:0px 0px 0px 0px;\npadding:0px 0px 0px 0px;\n}\n<\/style>\n<div  class='flex_column av-oqv7me-6702355943a8fb63da99995e23a15005 av_one_third  avia-builder-el-7  el_after_av_one_third  el_before_av_one_third  flex_column_table_cell av-equal-height-column av-align-top av-animated-generic right-to-left av-zero-column-padding  '     ><p>\n<style type=\"text\/css\" data-created_by=\"avia_inline_auto\" id=\"style-css-av-k99zsfxs-9fff60970f4fcb26ebb2dec5473b43f3\">\n.avia-image-container.av-k99zsfxs-9fff60970f4fcb26ebb2dec5473b43f3 img.avia_image{\nbox-shadow:none;\n}\n.avia-image-container.av-k99zsfxs-9fff60970f4fcb26ebb2dec5473b43f3 .av-image-caption-overlay-center{\ncolor:#ffffff;\n}\n<\/style>\n<div  class='avia-image-container av-k99zsfxs-9fff60970f4fcb26ebb2dec5473b43f3 av-styling-circle avia-align-center  avia-builder-el-8  el_before_av_heading  avia-builder-el-first '  ><div class=\"avia-image-container-inner\"><div class=\"avia-image-overlay-wrap\"><img decoding=\"async\" fetchpriority=\"high\" class='wp-image-27356 avia-img-lazy-loading-not-27356 avia_image ' src=\"https:\/\/www.144.ch\/wp-content\/uploads\/2022\/02\/danielhaas.jpg\" alt='' title='danielhaas'  height=\"500\" width=\"500\" srcset=\"https:\/\/www.144.ch\/wp-content\/uploads\/2022\/02\/danielhaas.jpg 500w, https:\/\/www.144.ch\/wp-content\/uploads\/2022\/02\/danielhaas-300x300.jpg 300w, https:\/\/www.144.ch\/wp-content\/uploads\/2022\/02\/danielhaas-80x80.jpg 80w, https:\/\/www.144.ch\/wp-content\/uploads\/2022\/02\/danielhaas-36x36.jpg 36w, https:\/\/www.144.ch\/wp-content\/uploads\/2022\/02\/danielhaas-180x180.jpg 180w, https:\/\/www.144.ch\/wp-content\/uploads\/2022\/02\/danielhaas-100x100.jpg 100w\" sizes=\"(max-width: 500px) 100vw, 500px\" \/><\/div><\/div><\/div><br \/>\n\n<style type=\"text\/css\" data-created_by=\"avia_inline_auto\" id=\"style-css-av-av_heading-a9c05eb3ebf5bcb3c34d2ead5c4879af\">\n#top .av-special-heading.av-av_heading-a9c05eb3ebf5bcb3c34d2ead5c4879af{\npadding-bottom:10px;\n}\nbody .av-special-heading.av-av_heading-a9c05eb3ebf5bcb3c34d2ead5c4879af .av-special-heading-tag .heading-char{\nfont-size:25px;\n}\n.av-special-heading.av-av_heading-a9c05eb3ebf5bcb3c34d2ead5c4879af .av-subheading{\nfont-size:15px;\n}\n<\/style>\n<div  class='av-special-heading av-av_heading-a9c05eb3ebf5bcb3c34d2ead5c4879af av-special-heading-h4 blockquote modern-quote modern-centered  avia-builder-el-9  el_after_av_image  el_before_av_hr '><h4 class='av-special-heading-tag '  >Daniel Haas<\/h4><div class=\"special-heading-border\"><div class=\"special-heading-inner-border\"><\/div><\/div><\/div><br \/>\n\n<style type=\"text\/css\" data-created_by=\"avia_inline_auto\" id=\"style-css-av-kb6wsd6l-9867c7c9d8ac1eb067dd3228e9abd8ee\">\n#top .hr.av-kb6wsd6l-9867c7c9d8ac1eb067dd3228e9abd8ee{\nmargin-top:15px;\nmargin-bottom:20px;\n}\n.hr.av-kb6wsd6l-9867c7c9d8ac1eb067dd3228e9abd8ee .hr-inner{\nwidth:100px;\nborder-color:#000000;\n}\n<\/style>\n<div  class='hr av-kb6wsd6l-9867c7c9d8ac1eb067dd3228e9abd8ee hr-custom  avia-builder-el-10  el_after_av_heading  el_before_av_textblock  hr-center hr-icon-no'><span class='hr-inner inner-border-av-border-fat'><span class=\"hr-inner-style\"><\/span><\/span><\/div><br \/>\n<section  class='av_textblock_section av-k99zq9fs-06810e7847d4263fbca08a6bd3bf86ea '  ><div class='avia_textblock' ><p style=\"text-align: center;\">Membre<br \/>\nSchutz &amp; Rettung Z\u00fcrich<\/p>\n<\/div><\/section><\/p><\/div>\n<div class='av-flex-placeholder'><\/div>\n<style type=\"text\/css\" data-created_by=\"avia_inline_auto\" id=\"style-css-av-oqv7me-6702355943a8fb63da99995e23a15005\">\n#top .flex_column_table.av-equal-height-column-flextable.av-oqv7me-6702355943a8fb63da99995e23a15005{\nmargin-top:50px;\nmargin-bottom:30px;\n}\n.flex_column.av-oqv7me-6702355943a8fb63da99995e23a15005{\nborder-radius:0px 0px 0px 0px;\npadding:0px 0px 0px 0px;\n}\n<\/style>\n<div  class='flex_column av-oqv7me-6702355943a8fb63da99995e23a15005 av_one_third  avia-builder-el-12  el_after_av_one_third  el_before_av_one_third  flex_column_table_cell av-equal-height-column av-align-top av-animated-generic right-to-left av-zero-column-padding  '     ><p>\n<style type=\"text\/css\" data-created_by=\"avia_inline_auto\" id=\"style-css-av-k99zsfxs-ff8624c30e8694b40ab78fa150822416\">\n.avia-image-container.av-k99zsfxs-ff8624c30e8694b40ab78fa150822416 img.avia_image{\nbox-shadow:none;\n}\n.avia-image-container.av-k99zsfxs-ff8624c30e8694b40ab78fa150822416 .av-image-caption-overlay-center{\ncolor:#ffffff;\n}\n<\/style>\n<div  class='avia-image-container av-k99zsfxs-ff8624c30e8694b40ab78fa150822416 av-styling-circle avia-align-center  avia-builder-el-13  el_before_av_heading  avia-builder-el-first '  ><div class=\"avia-image-container-inner\"><div class=\"avia-image-overlay-wrap\"><img decoding=\"async\" fetchpriority=\"high\" class='wp-image-33592 avia-img-lazy-loading-not-33592 avia_image ' src=\"https:\/\/www.144.ch\/wp-content\/uploads\/2023\/03\/Ibrahim-Salah_web.jpg\" alt='' title='Ibrahim Salah_web'  height=\"500\" width=\"500\" srcset=\"https:\/\/www.144.ch\/wp-content\/uploads\/2023\/03\/Ibrahim-Salah_web.jpg 500w, https:\/\/www.144.ch\/wp-content\/uploads\/2023\/03\/Ibrahim-Salah_web-300x300.jpg 300w, https:\/\/www.144.ch\/wp-content\/uploads\/2023\/03\/Ibrahim-Salah_web-80x80.jpg 80w, https:\/\/www.144.ch\/wp-content\/uploads\/2023\/03\/Ibrahim-Salah_web-36x36.jpg 36w, https:\/\/www.144.ch\/wp-content\/uploads\/2023\/03\/Ibrahim-Salah_web-180x180.jpg 180w, https:\/\/www.144.ch\/wp-content\/uploads\/2023\/03\/Ibrahim-Salah_web-120x120.jpg 120w, https:\/\/www.144.ch\/wp-content\/uploads\/2023\/03\/Ibrahim-Salah_web-450x450.jpg 450w, https:\/\/www.144.ch\/wp-content\/uploads\/2023\/03\/Ibrahim-Salah_web-100x100.jpg 100w\" sizes=\"(max-width: 500px) 100vw, 500px\" \/><\/div><\/div><\/div><br \/>\n\n<style type=\"text\/css\" data-created_by=\"avia_inline_auto\" id=\"style-css-av-lf7zntlz-2828fdf567c14f7d7acf09378cfaf783\">\n#top .av-special-heading.av-lf7zntlz-2828fdf567c14f7d7acf09378cfaf783{\npadding-bottom:10px;\n}\nbody .av-special-heading.av-lf7zntlz-2828fdf567c14f7d7acf09378cfaf783 .av-special-heading-tag .heading-char{\nfont-size:25px;\n}\n.av-special-heading.av-lf7zntlz-2828fdf567c14f7d7acf09378cfaf783 .av-subheading{\nfont-size:15px;\n}\n<\/style>\n<div  class='av-special-heading av-lf7zntlz-2828fdf567c14f7d7acf09378cfaf783 av-special-heading-h4 blockquote modern-quote modern-centered  avia-builder-el-14  el_after_av_image  el_before_av_hr '><h4 class='av-special-heading-tag '  >Ibrahim Salah<\/h4><div class=\"special-heading-border\"><div class=\"special-heading-inner-border\"><\/div><\/div><\/div><br \/>\n\n<style type=\"text\/css\" data-created_by=\"avia_inline_auto\" id=\"style-css-av-kb6wsd6l-9867c7c9d8ac1eb067dd3228e9abd8ee\">\n#top .hr.av-kb6wsd6l-9867c7c9d8ac1eb067dd3228e9abd8ee{\nmargin-top:15px;\nmargin-bottom:20px;\n}\n.hr.av-kb6wsd6l-9867c7c9d8ac1eb067dd3228e9abd8ee .hr-inner{\nwidth:100px;\nborder-color:#000000;\n}\n<\/style>\n<div  class='hr av-kb6wsd6l-9867c7c9d8ac1eb067dd3228e9abd8ee hr-custom  avia-builder-el-15  el_after_av_heading  el_before_av_textblock  hr-center hr-icon-no'><span class='hr-inner inner-border-av-border-fat'><span class=\"hr-inner-style\"><\/span><\/span><\/div><br \/>\n<section  class='av_textblock_section av-k99zq9fs-385d3773ed3df93c5c091ec5cf63383d '  ><div class='avia_textblock' ><p style=\"text-align: center;\">Membre<br \/>\nAmbulance Biel\/Bienne<\/p>\n<\/div><\/section><\/p><\/div><\/div><!--close column table wrapper. Autoclose: 1 -->\n\n<style type=\"text\/css\" data-created_by=\"avia_inline_auto\" id=\"style-css-av-oqv7me-71945da249fc1a8815b53a2e1012bf04\">\n#top .flex_column.av-oqv7me-71945da249fc1a8815b53a2e1012bf04{\nmargin-top:35px;\nmargin-bottom:30px;\n}\n.flex_column.av-oqv7me-71945da249fc1a8815b53a2e1012bf04{\nborder-radius:0px 0px 0px 0px;\npadding:0px 0px 0px 0px;\n}\n.responsive #top #wrap_all .flex_column.av-oqv7me-71945da249fc1a8815b53a2e1012bf04{\nmargin-top:35px;\nmargin-bottom:30px;\n}\n<\/style>\n<div  class='flex_column av-oqv7me-71945da249fc1a8815b53a2e1012bf04 av_one_third  avia-builder-el-17  el_after_av_one_third  el_before_av_one_third  first flex_column_div av-animated-generic right-to-left av-zero-column-padding  column-top-margin'     ><p>\n<style type=\"text\/css\" data-created_by=\"avia_inline_auto\" id=\"style-css-av-k99zsfxs-2433d5c32cc105468d572f0c623fb54d\">\n.avia-image-container.av-k99zsfxs-2433d5c32cc105468d572f0c623fb54d img.avia_image{\nbox-shadow:none;\n}\n.avia-image-container.av-k99zsfxs-2433d5c32cc105468d572f0c623fb54d .av-image-caption-overlay-center{\ncolor:#ffffff;\n}\n<\/style>\n<div  class='avia-image-container av-k99zsfxs-2433d5c32cc105468d572f0c623fb54d av-styling-circle avia-align-center  avia-builder-el-18  el_before_av_heading  avia-builder-el-first '  ><div class=\"avia-image-container-inner\"><div class=\"avia-image-overlay-wrap\"><img decoding=\"async\" fetchpriority=\"high\" class='wp-image-23399 avia-img-lazy-loading-not-23399 avia_image ' src=\"https:\/\/www.144.ch\/wp-content\/uploads\/2021\/01\/Barbara-Schild.jpg\" alt='' title='Barbara-Schild'  height=\"500\" width=\"500\" srcset=\"https:\/\/www.144.ch\/wp-content\/uploads\/2021\/01\/Barbara-Schild.jpg 500w, https:\/\/www.144.ch\/wp-content\/uploads\/2021\/01\/Barbara-Schild-300x300.jpg 300w, https:\/\/www.144.ch\/wp-content\/uploads\/2021\/01\/Barbara-Schild-80x80.jpg 80w, https:\/\/www.144.ch\/wp-content\/uploads\/2021\/01\/Barbara-Schild-36x36.jpg 36w, https:\/\/www.144.ch\/wp-content\/uploads\/2021\/01\/Barbara-Schild-180x180.jpg 180w, https:\/\/www.144.ch\/wp-content\/uploads\/2021\/01\/Barbara-Schild-100x100.jpg 100w\" sizes=\"(max-width: 500px) 100vw, 500px\" \/><\/div><\/div><\/div><br \/>\n\n<style type=\"text\/css\" data-created_by=\"avia_inline_auto\" id=\"style-css-av-av_heading-3df829445edbb3388c4e10311c209849\">\n#top .av-special-heading.av-av_heading-3df829445edbb3388c4e10311c209849{\npadding-bottom:10px;\n}\nbody .av-special-heading.av-av_heading-3df829445edbb3388c4e10311c209849 .av-special-heading-tag .heading-char{\nfont-size:25px;\n}\n.av-special-heading.av-av_heading-3df829445edbb3388c4e10311c209849 .av-subheading{\nfont-size:15px;\n}\n<\/style>\n<div  class='av-special-heading av-av_heading-3df829445edbb3388c4e10311c209849 av-special-heading-h4 blockquote modern-quote modern-centered  avia-builder-el-19  el_after_av_image  el_before_av_hr '><h4 class='av-special-heading-tag '  >Barbara Schild <\/h4><div class=\"special-heading-border\"><div class=\"special-heading-inner-border\"><\/div><\/div><\/div><br \/>\n\n<style type=\"text\/css\" data-created_by=\"avia_inline_auto\" id=\"style-css-av-kb6wsd6l-9867c7c9d8ac1eb067dd3228e9abd8ee\">\n#top .hr.av-kb6wsd6l-9867c7c9d8ac1eb067dd3228e9abd8ee{\nmargin-top:15px;\nmargin-bottom:20px;\n}\n.hr.av-kb6wsd6l-9867c7c9d8ac1eb067dd3228e9abd8ee .hr-inner{\nwidth:100px;\nborder-color:#000000;\n}\n<\/style>\n<div  class='hr av-kb6wsd6l-9867c7c9d8ac1eb067dd3228e9abd8ee hr-custom  avia-builder-el-20  el_after_av_heading  el_before_av_textblock  hr-center hr-icon-no'><span class='hr-inner inner-border-av-border-fat'><span class=\"hr-inner-style\"><\/span><\/span><\/div><br \/>\n<section  class='av_textblock_section av-k99zq9fs-06810e7847d4263fbca08a6bd3bf86ea '  ><div class='avia_textblock' ><p style=\"text-align: center;\">Membre<br \/>\nCroce Verde Bellinzona<\/p>\n<\/div><\/section><\/p><\/div>\n\n<style type=\"text\/css\" data-created_by=\"avia_inline_auto\" id=\"style-css-av-oqv7me-6702355943a8fb63da99995e23a15005\">\n#top .flex_column.av-oqv7me-6702355943a8fb63da99995e23a15005{\nmargin-top:35px;\nmargin-bottom:30px;\n}\n.flex_column.av-oqv7me-6702355943a8fb63da99995e23a15005{\nborder-radius:0px 0px 0px 0px;\npadding:0px 0px 0px 0px;\n}\n.responsive #top #wrap_all .flex_column.av-oqv7me-6702355943a8fb63da99995e23a15005{\nmargin-top:35px;\nmargin-bottom:30px;\n}\n<\/style>\n<div  class='flex_column av-oqv7me-6702355943a8fb63da99995e23a15005 av_one_third  avia-builder-el-22  el_after_av_one_third  el_before_av_one_third  flex_column_div av-animated-generic right-to-left av-zero-column-padding  column-top-margin'     ><p>\n<style type=\"text\/css\" data-created_by=\"avia_inline_auto\" id=\"style-css-av-k99zsfxs-29b4a9f9dc0aa430203ceb7ed5a3e44d\">\n.avia-image-container.av-k99zsfxs-29b4a9f9dc0aa430203ceb7ed5a3e44d img.avia_image{\nbox-shadow:none;\n}\n.avia-image-container.av-k99zsfxs-29b4a9f9dc0aa430203ceb7ed5a3e44d .av-image-caption-overlay-center{\ncolor:#ffffff;\n}\n<\/style>\n<div  class='avia-image-container av-k99zsfxs-29b4a9f9dc0aa430203ceb7ed5a3e44d av-styling-circle avia-align-center  avia-builder-el-23  el_before_av_heading  avia-builder-el-first '  ><div class=\"avia-image-container-inner\"><div class=\"avia-image-overlay-wrap\"><img decoding=\"async\" fetchpriority=\"high\" class='wp-image-23157 avia-img-lazy-loading-not-23157 avia_image ' src=\"https:\/\/www.144.ch\/wp-content\/uploads\/2021\/01\/Pierre-Voumard.jpg\" alt='' title='Pierre-Voumard'  height=\"500\" width=\"500\" srcset=\"https:\/\/www.144.ch\/wp-content\/uploads\/2021\/01\/Pierre-Voumard.jpg 500w, https:\/\/www.144.ch\/wp-content\/uploads\/2021\/01\/Pierre-Voumard-300x300.jpg 300w, https:\/\/www.144.ch\/wp-content\/uploads\/2021\/01\/Pierre-Voumard-80x80.jpg 80w, https:\/\/www.144.ch\/wp-content\/uploads\/2021\/01\/Pierre-Voumard-36x36.jpg 36w, https:\/\/www.144.ch\/wp-content\/uploads\/2021\/01\/Pierre-Voumard-180x180.jpg 180w, https:\/\/www.144.ch\/wp-content\/uploads\/2021\/01\/Pierre-Voumard-100x100.jpg 100w\" sizes=\"(max-width: 500px) 100vw, 500px\" \/><\/div><\/div><\/div><br \/>\n\n<style type=\"text\/css\" data-created_by=\"avia_inline_auto\" id=\"style-css-av-av_heading-bbac34ee8b7eff8dc100ead40e7137a3\">\n#top .av-special-heading.av-av_heading-bbac34ee8b7eff8dc100ead40e7137a3{\npadding-bottom:10px;\n}\nbody .av-special-heading.av-av_heading-bbac34ee8b7eff8dc100ead40e7137a3 .av-special-heading-tag .heading-char{\nfont-size:25px;\n}\n.av-special-heading.av-av_heading-bbac34ee8b7eff8dc100ead40e7137a3 .av-subheading{\nfont-size:15px;\n}\n<\/style>\n<div  class='av-special-heading av-av_heading-bbac34ee8b7eff8dc100ead40e7137a3 av-special-heading-h4 blockquote modern-quote modern-centered  avia-builder-el-24  el_after_av_image  el_before_av_hr '><h4 class='av-special-heading-tag '  >Pierre Voumard <\/h4><div class=\"special-heading-border\"><div class=\"special-heading-inner-border\"><\/div><\/div><\/div><br \/>\n\n<style type=\"text\/css\" data-created_by=\"avia_inline_auto\" id=\"style-css-av-kb6wsd6l-9867c7c9d8ac1eb067dd3228e9abd8ee\">\n#top .hr.av-kb6wsd6l-9867c7c9d8ac1eb067dd3228e9abd8ee{\nmargin-top:15px;\nmargin-bottom:20px;\n}\n.hr.av-kb6wsd6l-9867c7c9d8ac1eb067dd3228e9abd8ee .hr-inner{\nwidth:100px;\nborder-color:#000000;\n}\n<\/style>\n<div  class='hr av-kb6wsd6l-9867c7c9d8ac1eb067dd3228e9abd8ee hr-custom  avia-builder-el-25  el_after_av_heading  el_before_av_textblock  hr-center hr-icon-no'><span class='hr-inner inner-border-av-border-fat'><span class=\"hr-inner-style\"><\/span><\/span><\/div><br \/>\n<section  class='av_textblock_section av-k99zq9fs-06810e7847d4263fbca08a6bd3bf86ea '  ><div class='avia_textblock' ><p style=\"text-align: center;\">Membre<br \/>\nService communal de la s\u00e9curit\u00e9, ville de Neuch\u00e2tel, entit\u00e9 Ambulances<\/p>\n<\/div><\/section><\/p><\/div>\n\n<style type=\"text\/css\" data-created_by=\"avia_inline_auto\" id=\"style-css-av-oqv7me-6702355943a8fb63da99995e23a15005\">\n#top .flex_column.av-oqv7me-6702355943a8fb63da99995e23a15005{\nmargin-top:35px;\nmargin-bottom:30px;\n}\n.flex_column.av-oqv7me-6702355943a8fb63da99995e23a15005{\nborder-radius:0px 0px 0px 0px;\npadding:0px 0px 0px 0px;\n}\n.responsive #top #wrap_all .flex_column.av-oqv7me-6702355943a8fb63da99995e23a15005{\nmargin-top:35px;\nmargin-bottom:30px;\n}\n<\/style>\n<div  class='flex_column av-oqv7me-6702355943a8fb63da99995e23a15005 av_one_third  avia-builder-el-27  el_after_av_one_third  avia-builder-el-last  flex_column_div av-animated-generic right-to-left av-zero-column-padding  column-top-margin'     ><p>\n<style type=\"text\/css\" data-created_by=\"avia_inline_auto\" id=\"style-css-av-k99zsfxs-ab91ee75f24ff123eac0146d0aab9238\">\n.avia-image-container.av-k99zsfxs-ab91ee75f24ff123eac0146d0aab9238 img.avia_image{\nbox-shadow:none;\n}\n.avia-image-container.av-k99zsfxs-ab91ee75f24ff123eac0146d0aab9238 .av-image-caption-overlay-center{\ncolor:#ffffff;\n}\n<\/style>\n<div  class='avia-image-container av-k99zsfxs-ab91ee75f24ff123eac0146d0aab9238 av-styling-circle avia-align-center  avia-builder-el-28  el_before_av_heading  avia-builder-el-first '  ><div class=\"avia-image-container-inner\"><div class=\"avia-image-overlay-wrap\"><img decoding=\"async\" fetchpriority=\"high\" class='wp-image-23870 avia-img-lazy-loading-not-23870 avia_image ' src=\"https:\/\/www.144.ch\/wp-content\/uploads\/2021\/02\/Andre-Wilmes.jpg\" alt='' title='Andre-Wilmes'  height=\"500\" width=\"500\" srcset=\"https:\/\/www.144.ch\/wp-content\/uploads\/2021\/02\/Andre-Wilmes.jpg 500w, https:\/\/www.144.ch\/wp-content\/uploads\/2021\/02\/Andre-Wilmes-300x300.jpg 300w, https:\/\/www.144.ch\/wp-content\/uploads\/2021\/02\/Andre-Wilmes-80x80.jpg 80w, https:\/\/www.144.ch\/wp-content\/uploads\/2021\/02\/Andre-Wilmes-36x36.jpg 36w, https:\/\/www.144.ch\/wp-content\/uploads\/2021\/02\/Andre-Wilmes-180x180.jpg 180w, https:\/\/www.144.ch\/wp-content\/uploads\/2021\/02\/Andre-Wilmes-100x100.jpg 100w\" sizes=\"(max-width: 500px) 100vw, 500px\" \/><\/div><\/div><\/div><br \/>\n\n<style type=\"text\/css\" data-created_by=\"avia_inline_auto\" id=\"style-css-av-lf7zmm7o-ae740eec9fddb4e54f6835d37a1e1c6a\">\n#top .av-special-heading.av-lf7zmm7o-ae740eec9fddb4e54f6835d37a1e1c6a{\npadding-bottom:10px;\n}\nbody .av-special-heading.av-lf7zmm7o-ae740eec9fddb4e54f6835d37a1e1c6a .av-special-heading-tag .heading-char{\nfont-size:25px;\n}\n.av-special-heading.av-lf7zmm7o-ae740eec9fddb4e54f6835d37a1e1c6a .av-subheading{\nfont-size:15px;\n}\n<\/style>\n<div  class='av-special-heading av-lf7zmm7o-ae740eec9fddb4e54f6835d37a1e1c6a av-special-heading-h4 blockquote modern-quote modern-centered  avia-builder-el-29  el_after_av_image  el_before_av_hr '><h4 class='av-special-heading-tag '  >Andr\u00e9 Wilmes<\/h4><div class=\"special-heading-border\"><div class=\"special-heading-inner-border\"><\/div><\/div><\/div><br \/>\n\n<style type=\"text\/css\" data-created_by=\"avia_inline_auto\" id=\"style-css-av-kb6wsd6l-9867c7c9d8ac1eb067dd3228e9abd8ee\">\n#top .hr.av-kb6wsd6l-9867c7c9d8ac1eb067dd3228e9abd8ee{\nmargin-top:15px;\nmargin-bottom:20px;\n}\n.hr.av-kb6wsd6l-9867c7c9d8ac1eb067dd3228e9abd8ee .hr-inner{\nwidth:100px;\nborder-color:#000000;\n}\n<\/style>\n<div  class='hr av-kb6wsd6l-9867c7c9d8ac1eb067dd3228e9abd8ee hr-custom  avia-builder-el-30  el_after_av_heading  el_before_av_textblock  hr-center hr-icon-no'><span class='hr-inner inner-border-av-border-fat'><span class=\"hr-inner-style\"><\/span><\/span><\/div><br \/>\n<section  class='av_textblock_section av-k99zq9fs-e36485dd6386b09c5d6c5375aa6bb922 '  ><div class='avia_textblock' ><p style=\"text-align: center;\">Representation secr\u00e9tariat g\u00e9n\u00e9ral IAS<\/p>\n<\/div><\/section><\/p><\/div>\n","protected":false},"excerpt":{"rendered":"","protected":false},"author":1,"featured_media":0,"parent":22730,"menu_order":4,"comment_status":"closed","ping_status":"closed","template":"","meta":{"_acf_changed":false,"_seopress_robots_primary_cat":"","_seopress_titles_title":"","_seopress_titles_desc":"","_seopress_robots_index":"","footnotes":""},"folder":[],"class_list":["post-22755","page","type-page","status-publish","hentry"],"acf":[],"_links":{"self":[{"href":"https:\/\/www.144.ch\/fr\/wp-json\/wp\/v2\/pages\/22755","targetHints":{"allow":["GET"]}}],"collection":[{"href":"https:\/\/www.144.ch\/fr\/wp-json\/wp\/v2\/pages"}],"about":[{"href":"https:\/\/www.144.ch\/fr\/wp-json\/wp\/v2\/types\/page"}],"author":[{"embeddable":true,"href":"https:\/\/www.144.ch\/fr\/wp-json\/wp\/v2\/users\/1"}],"replies":[{"embeddable":true,"href":"https:\/\/www.144.ch\/fr\/wp-json\/wp\/v2\/comments?post=22755"}],"version-history":[{"count":8,"href":"https:\/\/www.144.ch\/fr\/wp-json\/wp\/v2\/pages\/22755\/revisions"}],"predecessor-version":[{"id":46922,"href":"https:\/\/www.144.ch\/fr\/wp-json\/wp\/v2\/pages\/22755\/revisions\/46922"}],"up":[{"embeddable":true,"href":"https:\/\/www.144.ch\/fr\/wp-json\/wp\/v2\/pages\/22730"}],"wp:attachment":[{"href":"https:\/\/www.144.ch\/fr\/wp-json\/wp\/v2\/media?parent=22755"}],"wp:term":[{"taxonomy":"folder","embeddable":true,"href":"https:\/\/www.144.ch\/fr\/wp-json\/wp\/v2\/folder?post=22755"}],"curies":[{"name":"wp","href":"https:\/\/api.w.org\/{rel}","templated":true}]}}