{"id":22745,"date":"2021-01-12T13:06:41","date_gmt":"2021-01-12T12:06:41","guid":{"rendered":"https:\/\/ivr-ias.aretiswebseiten.ch\/a-propos-de-nous\/fachkommission-ivr\/fachgruppe-sanitaetsnotrufzentrale\/"},"modified":"2025-09-16T13:36:48","modified_gmt":"2025-09-16T11:36:48","slug":"fachgruppe-sanitaetsnotrufzentrale","status":"publish","type":"page","link":"https:\/\/www.144.ch\/fr\/a-propos-de-nous\/fachkommission-ivr\/fachgruppe-sanitaetsnotrufzentrale\/","title":{"rendered":"Centrale d\u2019appels sanitaires urgents"},"content":{"rendered":"\n<style type=\"text\/css\" data-created_by=\"avia_inline_auto\" id=\"style-css-av-av_heading-59ad55146e4031fd07257c0d7228da73\">\n#top .av-special-heading.av-av_heading-59ad55146e4031fd07257c0d7228da73{\npadding-bottom:10px;\n}\nbody .av-special-heading.av-av_heading-59ad55146e4031fd07257c0d7228da73 .av-special-heading-tag .heading-char{\nfont-size:25px;\n}\n.av-special-heading.av-av_heading-59ad55146e4031fd07257c0d7228da73 .av-subheading{\nfont-size:15px;\n}\n<\/style>\n<div  class='av-special-heading av-av_heading-59ad55146e4031fd07257c0d7228da73 av-special-heading-h1 blockquote modern-quote modern-centered  avia-builder-el-0  el_before_av_hr  avia-builder-el-first  av-thin-font'><h1 class='av-special-heading-tag '  >Groupe technique<br \/>\n<strong>Centrale d\u2019appels sanitaires urgents<\/strong> <\/h1><div class=\"special-heading-border\"><div class=\"special-heading-inner-border\"><\/div><\/div><\/div>\n\n<style type=\"text\/css\" data-created_by=\"avia_inline_auto\" id=\"style-css-av-kb6hhq2e-9e3aee1f8a2a8bf3ab2119ee31d324bc\">\n#top .hr.av-kb6hhq2e-9e3aee1f8a2a8bf3ab2119ee31d324bc{\nmargin-top:40px;\nmargin-bottom:30px;\n}\n.hr.av-kb6hhq2e-9e3aee1f8a2a8bf3ab2119ee31d324bc .hr-inner{\nwidth:100px;\nborder-color:#0e0e0e;\nmax-width:45%;\n}\n.hr.av-kb6hhq2e-9e3aee1f8a2a8bf3ab2119ee31d324bc .av-seperator-icon{\ncolor:#0e0e0e;\n}\n.hr.av-kb6hhq2e-9e3aee1f8a2a8bf3ab2119ee31d324bc .av-seperator-icon.avia-svg-icon svg:first-child{\nfill:#0e0e0e;\nstroke:#0e0e0e;\n}\n<\/style>\n<div  class='hr av-kb6hhq2e-9e3aee1f8a2a8bf3ab2119ee31d324bc hr-custom  avia-builder-el-1  el_after_av_heading  el_before_av_one_third  hr-center hr-icon-yes'><span class='hr-inner inner-border-av-border-fat'><span class=\"hr-inner-style\"><\/span><\/span><span class='av-seperator-icon avia-iconfont avia-font-fontello' data-av_icon='\ue809' data-av_iconfont='fontello' ><\/span><span class='hr-inner inner-border-av-border-fat'><span class=\"hr-inner-style\"><\/span><\/span><\/div>\n\n<style type=\"text\/css\" data-created_by=\"avia_inline_auto\" id=\"style-css-av-oqv7me-54039ded347168d58cd481491c3e0d2a\">\n#top .flex_column.av-oqv7me-54039ded347168d58cd481491c3e0d2a{\nmargin-top:50px;\nmargin-bottom:30px;\n}\n.flex_column.av-oqv7me-54039ded347168d58cd481491c3e0d2a{\nborder-radius:0px 0px 0px 0px;\npadding:0px 0px 0px 0px;\n}\n.responsive #top #wrap_all .flex_column.av-oqv7me-54039ded347168d58cd481491c3e0d2a{\nmargin-top:50px;\nmargin-bottom:30px;\n}\n<\/style>\n<div  class='flex_column av-oqv7me-54039ded347168d58cd481491c3e0d2a av_one_third  avia-builder-el-2  el_after_av_hr  el_before_av_one_third  first flex_column_div av-animated-generic right-to-left av-zero-column-padding  '     ><p>\n<style type=\"text\/css\" data-created_by=\"avia_inline_auto\" id=\"style-css-av-k99zsfxs-78ad842a3ff43d8ece0c97aaadb29bea\">\n.avia-image-container.av-k99zsfxs-78ad842a3ff43d8ece0c97aaadb29bea img.avia_image{\nbox-shadow:none;\n}\n.avia-image-container.av-k99zsfxs-78ad842a3ff43d8ece0c97aaadb29bea .av-image-caption-overlay-center{\ncolor:#ffffff;\n}\n<\/style>\n<div  class='avia-image-container av-k99zsfxs-78ad842a3ff43d8ece0c97aaadb29bea av-styling-circle avia-align-center  avia-builder-el-3  el_before_av_heading  avia-builder-el-first '  ><div class=\"avia-image-container-inner\"><div class=\"avia-image-overlay-wrap\"><img decoding=\"async\" fetchpriority=\"high\" class='wp-image-23145 avia-img-lazy-loading-not-23145 avia_image ' src=\"https:\/\/www.144.ch\/wp-content\/uploads\/2021\/01\/Michel-Eigenmann.jpg\" alt='' title='Michel-Eigenmann'  height=\"500\" width=\"500\" srcset=\"https:\/\/www.144.ch\/wp-content\/uploads\/2021\/01\/Michel-Eigenmann.jpg 500w, https:\/\/www.144.ch\/wp-content\/uploads\/2021\/01\/Michel-Eigenmann-300x300.jpg 300w, https:\/\/www.144.ch\/wp-content\/uploads\/2021\/01\/Michel-Eigenmann-80x80.jpg 80w, https:\/\/www.144.ch\/wp-content\/uploads\/2021\/01\/Michel-Eigenmann-36x36.jpg 36w, https:\/\/www.144.ch\/wp-content\/uploads\/2021\/01\/Michel-Eigenmann-180x180.jpg 180w, https:\/\/www.144.ch\/wp-content\/uploads\/2021\/01\/Michel-Eigenmann-100x100.jpg 100w\" sizes=\"(max-width: 500px) 100vw, 500px\" \/><\/div><\/div><\/div><br \/>\n\n<style type=\"text\/css\" data-created_by=\"avia_inline_auto\" id=\"style-css-av-av_heading-a046511f32b3b2555804236547b14e31\">\n#top .av-special-heading.av-av_heading-a046511f32b3b2555804236547b14e31{\npadding-bottom:10px;\n}\nbody .av-special-heading.av-av_heading-a046511f32b3b2555804236547b14e31 .av-special-heading-tag .heading-char{\nfont-size:25px;\n}\n.av-special-heading.av-av_heading-a046511f32b3b2555804236547b14e31 .av-subheading{\nfont-size:15px;\n}\n<\/style>\n<div  class='av-special-heading av-av_heading-a046511f32b3b2555804236547b14e31 av-special-heading-h4 blockquote modern-quote modern-centered  avia-builder-el-4  el_after_av_image  el_before_av_hr '><h4 class='av-special-heading-tag '  >Michel Eigenmann<\/h4><div class=\"special-heading-border\"><div class=\"special-heading-inner-border\"><\/div><\/div><\/div><br \/>\n\n<style type=\"text\/css\" data-created_by=\"avia_inline_auto\" id=\"style-css-av-kb6wsd6l-9867c7c9d8ac1eb067dd3228e9abd8ee\">\n#top .hr.av-kb6wsd6l-9867c7c9d8ac1eb067dd3228e9abd8ee{\nmargin-top:15px;\nmargin-bottom:20px;\n}\n.hr.av-kb6wsd6l-9867c7c9d8ac1eb067dd3228e9abd8ee .hr-inner{\nwidth:100px;\nborder-color:#000000;\n}\n<\/style>\n<div  class='hr av-kb6wsd6l-9867c7c9d8ac1eb067dd3228e9abd8ee hr-custom  avia-builder-el-5  el_after_av_heading  el_before_av_textblock  hr-center hr-icon-no'><span class='hr-inner inner-border-av-border-fat'><span class=\"hr-inner-style\"><\/span><\/span><\/div><br \/>\n<section  class='av_textblock_section av-k99zq9fs-e36485dd6386b09c5d6c5375aa6bb922 '  ><div class='avia_textblock' ><p style=\"text-align: center;\">Coordinateur du groupe technique<br \/>\nRettung Basel-Stadt<\/p>\n<\/div><\/section><\/p><\/div>\n\n<style type=\"text\/css\" data-created_by=\"avia_inline_auto\" id=\"style-css-av-oqv7me-6702355943a8fb63da99995e23a15005\">\n#top .flex_column.av-oqv7me-6702355943a8fb63da99995e23a15005{\nmargin-top:50px;\nmargin-bottom:30px;\n}\n.flex_column.av-oqv7me-6702355943a8fb63da99995e23a15005{\nborder-radius:0px 0px 0px 0px;\npadding:0px 0px 0px 0px;\n}\n.responsive #top #wrap_all .flex_column.av-oqv7me-6702355943a8fb63da99995e23a15005{\nmargin-top:50px;\nmargin-bottom:30px;\n}\n<\/style>\n<div  class='flex_column av-oqv7me-6702355943a8fb63da99995e23a15005 av_one_third  avia-builder-el-7  el_after_av_one_third  el_before_av_one_third  flex_column_div av-animated-generic right-to-left av-zero-column-padding  '     ><p>\n<style type=\"text\/css\" data-created_by=\"avia_inline_auto\" id=\"style-css-av-k99zsfxs-b2bf3eff1302e848de30453085235b30\">\n.avia-image-container.av-k99zsfxs-b2bf3eff1302e848de30453085235b30 img.avia_image{\nbox-shadow:none;\n}\n.avia-image-container.av-k99zsfxs-b2bf3eff1302e848de30453085235b30 .av-image-caption-overlay-center{\ncolor:#ffffff;\n}\n<\/style>\n<div  class='avia-image-container av-k99zsfxs-b2bf3eff1302e848de30453085235b30 av-styling-circle avia-align-center  avia-builder-el-8  el_before_av_heading  avia-builder-el-first '  ><div class=\"avia-image-container-inner\"><div class=\"avia-image-overlay-wrap\"><img decoding=\"async\" fetchpriority=\"high\" class='wp-image-23684 avia-img-lazy-loading-not-23684 avia_image ' src=\"https:\/\/www.144.ch\/wp-content\/uploads\/2021\/02\/Marco-Aeschlimann-1.jpg\" alt='' title='Marco-Aeschlimann'  height=\"500\" width=\"500\" srcset=\"https:\/\/www.144.ch\/wp-content\/uploads\/2021\/02\/Marco-Aeschlimann-1.jpg 500w, https:\/\/www.144.ch\/wp-content\/uploads\/2021\/02\/Marco-Aeschlimann-1-300x300.jpg 300w, https:\/\/www.144.ch\/wp-content\/uploads\/2021\/02\/Marco-Aeschlimann-1-80x80.jpg 80w, https:\/\/www.144.ch\/wp-content\/uploads\/2021\/02\/Marco-Aeschlimann-1-36x36.jpg 36w, https:\/\/www.144.ch\/wp-content\/uploads\/2021\/02\/Marco-Aeschlimann-1-180x180.jpg 180w, https:\/\/www.144.ch\/wp-content\/uploads\/2021\/02\/Marco-Aeschlimann-1-100x100.jpg 100w\" sizes=\"(max-width: 500px) 100vw, 500px\" \/><\/div><\/div><\/div><br \/>\n\n<style type=\"text\/css\" data-created_by=\"avia_inline_auto\" id=\"style-css-av-av_heading-3d3b63b0b631ad3dfcd726250912da81\">\n#top .av-special-heading.av-av_heading-3d3b63b0b631ad3dfcd726250912da81{\npadding-bottom:10px;\n}\nbody .av-special-heading.av-av_heading-3d3b63b0b631ad3dfcd726250912da81 .av-special-heading-tag .heading-char{\nfont-size:25px;\n}\n.av-special-heading.av-av_heading-3d3b63b0b631ad3dfcd726250912da81 .av-subheading{\nfont-size:15px;\n}\n<\/style>\n<div  class='av-special-heading av-av_heading-3d3b63b0b631ad3dfcd726250912da81 av-special-heading-h4 blockquote modern-quote modern-centered  avia-builder-el-9  el_after_av_image  el_before_av_hr '><h4 class='av-special-heading-tag '  >Marco Aeschlimann <\/h4><div class=\"special-heading-border\"><div class=\"special-heading-inner-border\"><\/div><\/div><\/div><br \/>\n\n<style type=\"text\/css\" data-created_by=\"avia_inline_auto\" id=\"style-css-av-kb6wsd6l-9867c7c9d8ac1eb067dd3228e9abd8ee\">\n#top .hr.av-kb6wsd6l-9867c7c9d8ac1eb067dd3228e9abd8ee{\nmargin-top:15px;\nmargin-bottom:20px;\n}\n.hr.av-kb6wsd6l-9867c7c9d8ac1eb067dd3228e9abd8ee .hr-inner{\nwidth:100px;\nborder-color:#000000;\n}\n<\/style>\n<div  class='hr av-kb6wsd6l-9867c7c9d8ac1eb067dd3228e9abd8ee hr-custom  avia-builder-el-10  el_after_av_heading  el_before_av_textblock  hr-center hr-icon-no'><span class='hr-inner inner-border-av-border-fat'><span class=\"hr-inner-style\"><\/span><\/span><\/div><br \/>\n<section  class='av_textblock_section av-k99zq9fs-06810e7847d4263fbca08a6bd3bf86ea '  ><div class='avia_textblock' ><p style=\"text-align: center;\">Membre<br \/>\nSchutz &amp; Rettung Z\u00fcrich<\/p>\n<\/div><\/section><\/p><\/div>\n\n<style type=\"text\/css\" data-created_by=\"avia_inline_auto\" id=\"style-css-av-oqv7me-6702355943a8fb63da99995e23a15005\">\n#top .flex_column.av-oqv7me-6702355943a8fb63da99995e23a15005{\nmargin-top:50px;\nmargin-bottom:30px;\n}\n.flex_column.av-oqv7me-6702355943a8fb63da99995e23a15005{\nborder-radius:0px 0px 0px 0px;\npadding:0px 0px 0px 0px;\n}\n.responsive #top #wrap_all .flex_column.av-oqv7me-6702355943a8fb63da99995e23a15005{\nmargin-top:50px;\nmargin-bottom:30px;\n}\n<\/style>\n<div  class='flex_column av-oqv7me-6702355943a8fb63da99995e23a15005 av_one_third  avia-builder-el-12  el_after_av_one_third  el_before_av_one_third  flex_column_div av-animated-generic right-to-left av-zero-column-padding  '     ><p>\n<style type=\"text\/css\" data-created_by=\"avia_inline_auto\" id=\"style-css-av-k99zsfxs-820b08f6be08d738c9b870f60300c2c9\">\n.avia-image-container.av-k99zsfxs-820b08f6be08d738c9b870f60300c2c9 img.avia_image{\nbox-shadow:none;\n}\n.avia-image-container.av-k99zsfxs-820b08f6be08d738c9b870f60300c2c9 .av-image-caption-overlay-center{\ncolor:#ffffff;\n}\n<\/style>\n<div  class='avia-image-container av-k99zsfxs-820b08f6be08d738c9b870f60300c2c9 av-styling-circle avia-align-center  avia-builder-el-13  el_before_av_heading  avia-builder-el-first '  ><div class=\"avia-image-container-inner\"><div class=\"avia-image-overlay-wrap\"><img decoding=\"async\" fetchpriority=\"high\" class='wp-image-23450 avia-img-lazy-loading-not-23450 avia_image ' src=\"https:\/\/www.144.ch\/wp-content\/uploads\/2021\/02\/Alexandre-Briguet.jpg\" alt='' title='Alexandre-Briguet'  height=\"500\" width=\"500\" srcset=\"https:\/\/www.144.ch\/wp-content\/uploads\/2021\/02\/Alexandre-Briguet.jpg 500w, https:\/\/www.144.ch\/wp-content\/uploads\/2021\/02\/Alexandre-Briguet-300x300.jpg 300w, https:\/\/www.144.ch\/wp-content\/uploads\/2021\/02\/Alexandre-Briguet-80x80.jpg 80w, https:\/\/www.144.ch\/wp-content\/uploads\/2021\/02\/Alexandre-Briguet-36x36.jpg 36w, https:\/\/www.144.ch\/wp-content\/uploads\/2021\/02\/Alexandre-Briguet-180x180.jpg 180w, https:\/\/www.144.ch\/wp-content\/uploads\/2021\/02\/Alexandre-Briguet-100x100.jpg 100w\" sizes=\"(max-width: 500px) 100vw, 500px\" \/><\/div><\/div><\/div><br \/>\n\n<style type=\"text\/css\" data-created_by=\"avia_inline_auto\" id=\"style-css-av-av_heading-f4100f6adb67141d08424a39a268d622\">\n#top .av-special-heading.av-av_heading-f4100f6adb67141d08424a39a268d622{\npadding-bottom:10px;\n}\nbody .av-special-heading.av-av_heading-f4100f6adb67141d08424a39a268d622 .av-special-heading-tag .heading-char{\nfont-size:25px;\n}\n.av-special-heading.av-av_heading-f4100f6adb67141d08424a39a268d622 .av-subheading{\nfont-size:15px;\n}\n<\/style>\n<div  class='av-special-heading av-av_heading-f4100f6adb67141d08424a39a268d622 av-special-heading-h4 blockquote modern-quote modern-centered  avia-builder-el-14  el_after_av_image  el_before_av_hr '><h4 class='av-special-heading-tag '  >Alexandre Briguet <\/h4><div class=\"special-heading-border\"><div class=\"special-heading-inner-border\"><\/div><\/div><\/div><br \/>\n\n<style type=\"text\/css\" data-created_by=\"avia_inline_auto\" id=\"style-css-av-kb6wsd6l-9867c7c9d8ac1eb067dd3228e9abd8ee\">\n#top .hr.av-kb6wsd6l-9867c7c9d8ac1eb067dd3228e9abd8ee{\nmargin-top:15px;\nmargin-bottom:20px;\n}\n.hr.av-kb6wsd6l-9867c7c9d8ac1eb067dd3228e9abd8ee .hr-inner{\nwidth:100px;\nborder-color:#000000;\n}\n<\/style>\n<div  class='hr av-kb6wsd6l-9867c7c9d8ac1eb067dd3228e9abd8ee hr-custom  avia-builder-el-15  el_after_av_heading  el_before_av_textblock  hr-center hr-icon-no'><span class='hr-inner inner-border-av-border-fat'><span class=\"hr-inner-style\"><\/span><\/span><\/div><br \/>\n<section  class='av_textblock_section av-k99zq9fs-e36485dd6386b09c5d6c5375aa6bb922 '  ><div class='avia_textblock' ><p style=\"text-align: center;\">Membre<br \/>\nOCVS, Sierre<\/p>\n<\/div><\/section><\/p><\/div>\n\n<style type=\"text\/css\" data-created_by=\"avia_inline_auto\" id=\"style-css-av-oqv7me-71945da249fc1a8815b53a2e1012bf04\">\n#top .flex_column.av-oqv7me-71945da249fc1a8815b53a2e1012bf04{\nmargin-top:35px;\nmargin-bottom:30px;\n}\n.flex_column.av-oqv7me-71945da249fc1a8815b53a2e1012bf04{\nborder-radius:0px 0px 0px 0px;\npadding:0px 0px 0px 0px;\n}\n.responsive #top #wrap_all .flex_column.av-oqv7me-71945da249fc1a8815b53a2e1012bf04{\nmargin-top:35px;\nmargin-bottom:30px;\n}\n<\/style>\n<div  class='flex_column av-oqv7me-71945da249fc1a8815b53a2e1012bf04 av_one_third  avia-builder-el-17  el_after_av_one_third  el_before_av_one_third  first flex_column_div av-animated-generic right-to-left av-zero-column-padding  column-top-margin'     ><p>\n<style type=\"text\/css\" data-created_by=\"avia_inline_auto\" id=\"style-css-av-k99zsfxs-daa0e746ea495e82945b5991c68fa6ea\">\n.avia-image-container.av-k99zsfxs-daa0e746ea495e82945b5991c68fa6ea img.avia_image{\nbox-shadow:none;\n}\n.avia-image-container.av-k99zsfxs-daa0e746ea495e82945b5991c68fa6ea .av-image-caption-overlay-center{\ncolor:#ffffff;\n}\n<\/style>\n<div  class='avia-image-container av-k99zsfxs-daa0e746ea495e82945b5991c68fa6ea av-styling-circle avia-align-center  avia-builder-el-18  el_before_av_heading  avia-builder-el-first '  ><div class=\"avia-image-container-inner\"><div class=\"avia-image-overlay-wrap\"><img decoding=\"async\" fetchpriority=\"high\" class='wp-image-23444 avia-img-lazy-loading-not-23444 avia_image ' src=\"https:\/\/www.144.ch\/wp-content\/uploads\/2021\/02\/Manuela-Spicher.jpg\" alt='' title='Manuela-Spicher'  height=\"500\" width=\"500\" srcset=\"https:\/\/www.144.ch\/wp-content\/uploads\/2021\/02\/Manuela-Spicher.jpg 500w, https:\/\/www.144.ch\/wp-content\/uploads\/2021\/02\/Manuela-Spicher-300x300.jpg 300w, https:\/\/www.144.ch\/wp-content\/uploads\/2021\/02\/Manuela-Spicher-80x80.jpg 80w, https:\/\/www.144.ch\/wp-content\/uploads\/2021\/02\/Manuela-Spicher-36x36.jpg 36w, https:\/\/www.144.ch\/wp-content\/uploads\/2021\/02\/Manuela-Spicher-180x180.jpg 180w, https:\/\/www.144.ch\/wp-content\/uploads\/2021\/02\/Manuela-Spicher-100x100.jpg 100w\" sizes=\"(max-width: 500px) 100vw, 500px\" \/><\/div><\/div><\/div><br \/>\n\n<style type=\"text\/css\" data-created_by=\"avia_inline_auto\" id=\"style-css-av-av_heading-464c3f7379fc26cb789e558efe535b14\">\n#top .av-special-heading.av-av_heading-464c3f7379fc26cb789e558efe535b14{\npadding-bottom:10px;\n}\nbody .av-special-heading.av-av_heading-464c3f7379fc26cb789e558efe535b14 .av-special-heading-tag .heading-char{\nfont-size:25px;\n}\n.av-special-heading.av-av_heading-464c3f7379fc26cb789e558efe535b14 .av-subheading{\nfont-size:15px;\n}\n<\/style>\n<div  class='av-special-heading av-av_heading-464c3f7379fc26cb789e558efe535b14 av-special-heading-h4 blockquote modern-quote modern-centered  avia-builder-el-19  el_after_av_image  el_before_av_hr '><h4 class='av-special-heading-tag '  >Manuela Spicher <\/h4><div class=\"special-heading-border\"><div class=\"special-heading-inner-border\"><\/div><\/div><\/div><br \/>\n\n<style type=\"text\/css\" data-created_by=\"avia_inline_auto\" id=\"style-css-av-kb6wsd6l-9867c7c9d8ac1eb067dd3228e9abd8ee\">\n#top .hr.av-kb6wsd6l-9867c7c9d8ac1eb067dd3228e9abd8ee{\nmargin-top:15px;\nmargin-bottom:20px;\n}\n.hr.av-kb6wsd6l-9867c7c9d8ac1eb067dd3228e9abd8ee .hr-inner{\nwidth:100px;\nborder-color:#000000;\n}\n<\/style>\n<div  class='hr av-kb6wsd6l-9867c7c9d8ac1eb067dd3228e9abd8ee hr-custom  avia-builder-el-20  el_after_av_heading  el_before_av_textblock  hr-center hr-icon-no'><span class='hr-inner inner-border-av-border-fat'><span class=\"hr-inner-style\"><\/span><\/span><\/div><br \/>\n<section  class='av_textblock_section av-k99zq9fs-06810e7847d4263fbca08a6bd3bf86ea '  ><div class='avia_textblock' ><p style=\"text-align: center;\">Membre<br \/>\nCASU 144 Fribourg \/ Jura<\/p>\n<\/div><\/section><\/p><\/div>\n\n<style type=\"text\/css\" data-created_by=\"avia_inline_auto\" id=\"style-css-av-av_one_third-53f3a546068d521bdf8f3eaef470176a\">\n#top .flex_column.av-av_one_third-53f3a546068d521bdf8f3eaef470176a{\nmargin-top:35px;\nmargin-bottom:30px;\n}\n.flex_column.av-av_one_third-53f3a546068d521bdf8f3eaef470176a{\nborder-radius:0px 0px 0px 0px;\npadding:0px 0px 0px 0px;\n}\n.responsive #top #wrap_all .flex_column.av-av_one_third-53f3a546068d521bdf8f3eaef470176a{\nmargin-top:35px;\nmargin-bottom:30px;\n}\n<\/style>\n<div  class='flex_column av-av_one_third-53f3a546068d521bdf8f3eaef470176a av_one_third  avia-builder-el-22  el_after_av_one_third  el_before_av_one_third  flex_column_div av-animated-generic right-to-left av-zero-column-padding  column-top-margin'     ><p>\n<style type=\"text\/css\" data-created_by=\"avia_inline_auto\" id=\"style-css-av-mfmh8ynj-cd0656a7b717940290d66e7a9c9ba6a5\">\n.avia-image-container.av-mfmh8ynj-cd0656a7b717940290d66e7a9c9ba6a5 img.avia_image{\nbox-shadow:none;\n}\n.avia-image-container.av-mfmh8ynj-cd0656a7b717940290d66e7a9c9ba6a5 .av-image-caption-overlay-center{\ncolor:#ffffff;\n}\n<\/style>\n<div  class='avia-image-container av-mfmh8ynj-cd0656a7b717940290d66e7a9c9ba6a5 av-styling-circle avia-align-center  avia-builder-el-23  el_before_av_heading  avia-builder-el-first '  ><div class=\"avia-image-container-inner\"><div class=\"avia-image-overlay-wrap\"><img decoding=\"async\" fetchpriority=\"high\" class='wp-image-45669 avia-img-lazy-loading-not-45669 avia_image ' src=\"https:\/\/www.144.ch\/wp-content\/uploads\/2025\/09\/Maurizio-Giocannacci.jpg\" alt='' title='Maurizio-Giocannacci'  height=\"500\" width=\"500\" srcset=\"https:\/\/www.144.ch\/wp-content\/uploads\/2025\/09\/Maurizio-Giocannacci.jpg 500w, https:\/\/www.144.ch\/wp-content\/uploads\/2025\/09\/Maurizio-Giocannacci-300x300.jpg 300w, https:\/\/www.144.ch\/wp-content\/uploads\/2025\/09\/Maurizio-Giocannacci-80x80.jpg 80w, https:\/\/www.144.ch\/wp-content\/uploads\/2025\/09\/Maurizio-Giocannacci-36x36.jpg 36w, https:\/\/www.144.ch\/wp-content\/uploads\/2025\/09\/Maurizio-Giocannacci-180x180.jpg 180w, https:\/\/www.144.ch\/wp-content\/uploads\/2025\/09\/Maurizio-Giocannacci-120x120.jpg 120w, https:\/\/www.144.ch\/wp-content\/uploads\/2025\/09\/Maurizio-Giocannacci-450x450.jpg 450w, https:\/\/www.144.ch\/wp-content\/uploads\/2025\/09\/Maurizio-Giocannacci-100x100.jpg 100w\" sizes=\"(max-width: 500px) 100vw, 500px\" \/><\/div><\/div><\/div><br \/>\n\n<style type=\"text\/css\" data-created_by=\"avia_inline_auto\" id=\"style-css-av-mfmh944e-fb1221d73fa2bffe330499e37cba632e\">\n#top .av-special-heading.av-mfmh944e-fb1221d73fa2bffe330499e37cba632e{\npadding-bottom:10px;\n}\nbody .av-special-heading.av-mfmh944e-fb1221d73fa2bffe330499e37cba632e .av-special-heading-tag .heading-char{\nfont-size:25px;\n}\n.av-special-heading.av-mfmh944e-fb1221d73fa2bffe330499e37cba632e .av-subheading{\nfont-size:15px;\n}\n<\/style>\n<div  class='av-special-heading av-mfmh944e-fb1221d73fa2bffe330499e37cba632e av-special-heading-h4 blockquote modern-quote modern-centered  avia-builder-el-24  el_after_av_image  el_before_av_hr '><h4 class='av-special-heading-tag '  >Maurizio Giovannacci<\/h4><div class=\"special-heading-border\"><div class=\"special-heading-inner-border\"><\/div><\/div><\/div><br \/>\n\n<style type=\"text\/css\" data-created_by=\"avia_inline_auto\" id=\"style-css-av-av_hr-9c952f2c77f999b41d0076f8a5a65a86\">\n#top .hr.av-av_hr-9c952f2c77f999b41d0076f8a5a65a86{\nmargin-top:15px;\nmargin-bottom:20px;\n}\n.hr.av-av_hr-9c952f2c77f999b41d0076f8a5a65a86 .hr-inner{\nwidth:100px;\nborder-color:#000000;\n}\n<\/style>\n<div  class='hr av-av_hr-9c952f2c77f999b41d0076f8a5a65a86 hr-custom  avia-builder-el-25  el_after_av_heading  el_before_av_textblock  hr-center hr-icon-no'><span class='hr-inner inner-border-av-border-fat'><span class=\"hr-inner-style\"><\/span><\/span><\/div><br \/>\n<section  class='av_textblock_section av-mfmh9ldo-a76dbf39d63146948294d9bbe420c47d '  ><div class='avia_textblock' ><p style=\"text-align: center;\">Membre<br \/>\nCASU 144 Tessin<\/p>\n<\/div><\/section><\/p><\/div>\n<style type=\"text\/css\" data-created_by=\"avia_inline_auto\" id=\"style-css-av-oqv7me-6702355943a8fb63da99995e23a15005\">\n#top .flex_column.av-oqv7me-6702355943a8fb63da99995e23a15005{\nmargin-top:35px;\nmargin-bottom:30px;\n}\n.flex_column.av-oqv7me-6702355943a8fb63da99995e23a15005{\nborder-radius:0px 0px 0px 0px;\npadding:0px 0px 0px 0px;\n}\n.responsive #top #wrap_all .flex_column.av-oqv7me-6702355943a8fb63da99995e23a15005{\nmargin-top:35px;\nmargin-bottom:30px;\n}\n<\/style>\n<div  class='flex_column av-oqv7me-6702355943a8fb63da99995e23a15005 av_one_third  avia-builder-el-27  el_after_av_one_third  avia-builder-el-last  flex_column_div av-animated-generic right-to-left av-zero-column-padding  column-top-margin'     ><p>\n<style type=\"text\/css\" data-created_by=\"avia_inline_auto\" id=\"style-css-av-k99zsfxs-241653c7fab086a24d5ec2906b598d83\">\n.avia-image-container.av-k99zsfxs-241653c7fab086a24d5ec2906b598d83 img.avia_image{\nbox-shadow:none;\n}\n.avia-image-container.av-k99zsfxs-241653c7fab086a24d5ec2906b598d83 .av-image-caption-overlay-center{\ncolor:#ffffff;\n}\n<\/style>\n<div  class='avia-image-container av-k99zsfxs-241653c7fab086a24d5ec2906b598d83 av-styling-circle avia-align-center  avia-builder-el-28  el_before_av_heading  avia-builder-el-first '  ><div class=\"avia-image-container-inner\"><div class=\"avia-image-overlay-wrap\"><img decoding=\"async\" fetchpriority=\"high\" class='wp-image-19102 avia-img-lazy-loading-not-19102 avia_image ' src=\"https:\/\/www.144.ch\/wp-content\/uploads\/2020\/06\/Thomas-Brunner-1.jpg\" alt='' title=''  height=\"500\" width=\"500\" srcset=\"https:\/\/www.144.ch\/wp-content\/uploads\/2020\/06\/Thomas-Brunner-1.jpg 500w, https:\/\/www.144.ch\/wp-content\/uploads\/2020\/06\/Thomas-Brunner-1-300x300.jpg 300w, https:\/\/www.144.ch\/wp-content\/uploads\/2020\/06\/Thomas-Brunner-1-100x100.jpg 100w, https:\/\/www.144.ch\/wp-content\/uploads\/2020\/06\/Thomas-Brunner-1-80x80.jpg 80w, https:\/\/www.144.ch\/wp-content\/uploads\/2020\/06\/Thomas-Brunner-1-36x36.jpg 36w, https:\/\/www.144.ch\/wp-content\/uploads\/2020\/06\/Thomas-Brunner-1-180x180.jpg 180w\" sizes=\"(max-width: 500px) 100vw, 500px\" \/><\/div><\/div><\/div><br \/>\n\n<style type=\"text\/css\" data-created_by=\"avia_inline_auto\" id=\"style-css-av-av_heading-14a94f1a2d7bf324b40dbc56d8c286f1\">\n#top .av-special-heading.av-av_heading-14a94f1a2d7bf324b40dbc56d8c286f1{\npadding-bottom:10px;\n}\nbody .av-special-heading.av-av_heading-14a94f1a2d7bf324b40dbc56d8c286f1 .av-special-heading-tag .heading-char{\nfont-size:25px;\n}\n.av-special-heading.av-av_heading-14a94f1a2d7bf324b40dbc56d8c286f1 .av-subheading{\nfont-size:15px;\n}\n<\/style>\n<div  class='av-special-heading av-av_heading-14a94f1a2d7bf324b40dbc56d8c286f1 av-special-heading-h4 blockquote modern-quote modern-centered  avia-builder-el-29  el_after_av_image  el_before_av_hr '><h4 class='av-special-heading-tag '  >Thomas Brunner<\/h4><div class=\"special-heading-border\"><div class=\"special-heading-inner-border\"><\/div><\/div><\/div><br \/>\n\n<style type=\"text\/css\" data-created_by=\"avia_inline_auto\" id=\"style-css-av-kb6wsd6l-9867c7c9d8ac1eb067dd3228e9abd8ee\">\n#top .hr.av-kb6wsd6l-9867c7c9d8ac1eb067dd3228e9abd8ee{\nmargin-top:15px;\nmargin-bottom:20px;\n}\n.hr.av-kb6wsd6l-9867c7c9d8ac1eb067dd3228e9abd8ee .hr-inner{\nwidth:100px;\nborder-color:#000000;\n}\n<\/style>\n<div  class='hr av-kb6wsd6l-9867c7c9d8ac1eb067dd3228e9abd8ee hr-custom  avia-builder-el-30  el_after_av_heading  el_before_av_textblock  hr-center hr-icon-no'><span class='hr-inner inner-border-av-border-fat'><span class=\"hr-inner-style\"><\/span><\/span><\/div><br \/>\n<section  class='av_textblock_section av-k99zq9fs-e36485dd6386b09c5d6c5375aa6bb922 '  ><div class='avia_textblock' ><p style=\"text-align: center;\">Representation secr\u00e9tariat g\u00e9n\u00e9ral IAS<\/p>\n<\/div><\/section><\/p><\/div><\/p>\n","protected":false},"excerpt":{"rendered":"","protected":false},"author":1,"featured_media":0,"parent":22730,"menu_order":2,"comment_status":"closed","ping_status":"closed","template":"","meta":{"_acf_changed":false,"_seopress_robots_primary_cat":"","_seopress_titles_title":"","_seopress_titles_desc":"","_seopress_robots_index":"","footnotes":""},"folder":[],"class_list":["post-22745","page","type-page","status-publish","hentry"],"acf":[],"_links":{"self":[{"href":"https:\/\/www.144.ch\/fr\/wp-json\/wp\/v2\/pages\/22745","targetHints":{"allow":["GET"]}}],"collection":[{"href":"https:\/\/www.144.ch\/fr\/wp-json\/wp\/v2\/pages"}],"about":[{"href":"https:\/\/www.144.ch\/fr\/wp-json\/wp\/v2\/types\/page"}],"author":[{"embeddable":true,"href":"https:\/\/www.144.ch\/fr\/wp-json\/wp\/v2\/users\/1"}],"replies":[{"embeddable":true,"href":"https:\/\/www.144.ch\/fr\/wp-json\/wp\/v2\/comments?post=22745"}],"version-history":[{"count":5,"href":"https:\/\/www.144.ch\/fr\/wp-json\/wp\/v2\/pages\/22745\/revisions"}],"predecessor-version":[{"id":45675,"href":"https:\/\/www.144.ch\/fr\/wp-json\/wp\/v2\/pages\/22745\/revisions\/45675"}],"up":[{"embeddable":true,"href":"https:\/\/www.144.ch\/fr\/wp-json\/wp\/v2\/pages\/22730"}],"wp:attachment":[{"href":"https:\/\/www.144.ch\/fr\/wp-json\/wp\/v2\/media?parent=22745"}],"wp:term":[{"taxonomy":"folder","embeddable":true,"href":"https:\/\/www.144.ch\/fr\/wp-json\/wp\/v2\/folder?post=22745"}],"curies":[{"name":"wp","href":"https:\/\/api.w.org\/{rel}","templated":true}]}}