{"id":22730,"date":"2021-01-12T10:19:24","date_gmt":"2021-01-12T09:19:24","guid":{"rendered":"https:\/\/ivr-ias.aretiswebseiten.ch\/a-propos-de-nous\/fachkommission-ivr\/"},"modified":"2025-06-05T06:55:11","modified_gmt":"2025-06-05T04:55:11","slug":"fachkommission-ivr","status":"publish","type":"page","link":"https:\/\/www.144.ch\/fr\/a-propos-de-nous\/fachkommission-ivr\/","title":{"rendered":"La commission technique"},"content":{"rendered":"\n<style type=\"text\/css\" data-created_by=\"avia_inline_auto\" id=\"style-css-av-2lmjney-46473efe1d1e4a9c81ed104aa62c414a\">\n#top .av-special-heading.av-2lmjney-46473efe1d1e4a9c81ed104aa62c414a{\npadding-bottom:10px;\n}\nbody .av-special-heading.av-2lmjney-46473efe1d1e4a9c81ed104aa62c414a .av-special-heading-tag .heading-char{\nfont-size:25px;\n}\n.av-special-heading.av-2lmjney-46473efe1d1e4a9c81ed104aa62c414a .av-subheading{\nfont-size:15px;\n}\n<\/style>\n<div  class='av-special-heading av-2lmjney-46473efe1d1e4a9c81ed104aa62c414a av-special-heading-h1 blockquote modern-quote modern-centered  avia-builder-el-0  el_before_av_hr  avia-builder-el-first  av-thin-font'><h1 class='av-special-heading-tag '  ><strong>Commission technique<\/strong> IAS<\/h1><div class=\"special-heading-border\"><div class=\"special-heading-inner-border\"><\/div><\/div><\/div>\n\n<style type=\"text\/css\" data-created_by=\"avia_inline_auto\" id=\"style-css-av-kb6hhq2e-9e3aee1f8a2a8bf3ab2119ee31d324bc\">\n#top .hr.av-kb6hhq2e-9e3aee1f8a2a8bf3ab2119ee31d324bc{\nmargin-top:40px;\nmargin-bottom:30px;\n}\n.hr.av-kb6hhq2e-9e3aee1f8a2a8bf3ab2119ee31d324bc .hr-inner{\nwidth:100px;\nborder-color:#0e0e0e;\nmax-width:45%;\n}\n.hr.av-kb6hhq2e-9e3aee1f8a2a8bf3ab2119ee31d324bc .av-seperator-icon{\ncolor:#0e0e0e;\n}\n.hr.av-kb6hhq2e-9e3aee1f8a2a8bf3ab2119ee31d324bc .av-seperator-icon.avia-svg-icon svg:first-child{\nfill:#0e0e0e;\nstroke:#0e0e0e;\n}\n<\/style>\n<div  class='hr av-kb6hhq2e-9e3aee1f8a2a8bf3ab2119ee31d324bc hr-custom  avia-builder-el-1  el_after_av_heading  el_before_av_one_full  hr-center hr-icon-yes'><span class='hr-inner inner-border-av-border-fat'><span class=\"hr-inner-style\"><\/span><\/span><span class='av-seperator-icon avia-iconfont avia-font-fontello' data-av_icon='\ue809' data-av_iconfont='fontello' ><\/span><span class='hr-inner inner-border-av-border-fat'><span class=\"hr-inner-style\"><\/span><\/span><\/div>\n\n<style type=\"text\/css\" data-created_by=\"avia_inline_auto\" id=\"style-css-av-kb6wq2hy-757615958567022f68962ebc32ef9237\">\n#top .flex_column.av-kb6wq2hy-757615958567022f68962ebc32ef9237{\nmargin-top:10px;\nmargin-bottom:0px;\n}\n.flex_column.av-kb6wq2hy-757615958567022f68962ebc32ef9237{\nborder-radius:0px 0px 0px 0px;\npadding:0px 0px 0px 0px;\n}\n.responsive #top #wrap_all .flex_column.av-kb6wq2hy-757615958567022f68962ebc32ef9237{\nmargin-top:10px;\nmargin-bottom:0px;\n}\n<\/style>\n<div  class='flex_column av-kb6wq2hy-757615958567022f68962ebc32ef9237 av_one_full  avia-builder-el-2  el_after_av_hr  el_before_av_one_third  first flex_column_div av-animated-generic fade-in av-zero-column-padding  '     ><section  class='av_textblock_section av-kb6wxpul-f29ccc9819460d80ffc396f562266d1f '  ><div class='avia_textblock' ><div style=\"text-align: center;\">La commission technique traite de questions et de sujets d&rsquo;actualit\u00e9 qui concernent tous les maillons de la cha\u00eene de sauvetage. Il int\u00e8gre les derni\u00e8res \u00e9vidences scientifiques et met en \u0153uvre les objectifs strat\u00e9giques du Comit\u00e9 en coop\u00e9ration avec le Secr\u00e9tariat g\u00e9n\u00e9ral.<\/div>\n<\/div><\/section><\/div>\n\n<style type=\"text\/css\" data-created_by=\"avia_inline_auto\" id=\"style-css-av-oqv7me-f42861de65bb2e98dbba2833ea0f57f1\">\n#top .flex_column.av-oqv7me-f42861de65bb2e98dbba2833ea0f57f1{\nmargin-top:30px;\nmargin-bottom:30px;\n}\n.flex_column.av-oqv7me-f42861de65bb2e98dbba2833ea0f57f1{\nborder-radius:0px 0px 0px 0px;\npadding:0px 0px 0px 0px;\n}\n.responsive #top #wrap_all .flex_column.av-oqv7me-f42861de65bb2e98dbba2833ea0f57f1{\nmargin-top:30px;\nmargin-bottom:30px;\n}\n<\/style>\n<div  class='flex_column av-oqv7me-f42861de65bb2e98dbba2833ea0f57f1 av_one_third  avia-builder-el-4  el_after_av_one_full  el_before_av_one_third  first flex_column_div av-animated-generic right-to-left av-zero-column-padding  column-top-margin'     ><p>\n<style type=\"text\/css\" data-created_by=\"avia_inline_auto\" id=\"style-css-av-k99zsfxs-d9e49a675aaeaff785bde66df0dea30f\">\n.avia-image-container.av-k99zsfxs-d9e49a675aaeaff785bde66df0dea30f img.avia_image{\nbox-shadow:none;\n}\n.avia-image-container.av-k99zsfxs-d9e49a675aaeaff785bde66df0dea30f .av-image-caption-overlay-center{\ncolor:#ffffff;\n}\n<\/style>\n<div  class='avia-image-container av-k99zsfxs-d9e49a675aaeaff785bde66df0dea30f av-styling-circle avia-align-center  avia-builder-el-5  el_before_av_heading  avia-builder-el-first '  ><div class=\"avia-image-container-inner\"><div class=\"avia-image-overlay-wrap\"><img decoding=\"async\" fetchpriority=\"high\" class='wp-image-22721 avia-img-lazy-loading-not-22721 avia_image ' src=\"https:\/\/www.144.ch\/wp-content\/uploads\/2021\/01\/Roman.jpg\" alt='' title='Roman'  height=\"500\" width=\"500\" srcset=\"https:\/\/www.144.ch\/wp-content\/uploads\/2021\/01\/Roman.jpg 500w, https:\/\/www.144.ch\/wp-content\/uploads\/2021\/01\/Roman-300x300.jpg 300w, https:\/\/www.144.ch\/wp-content\/uploads\/2021\/01\/Roman-80x80.jpg 80w, https:\/\/www.144.ch\/wp-content\/uploads\/2021\/01\/Roman-36x36.jpg 36w, https:\/\/www.144.ch\/wp-content\/uploads\/2021\/01\/Roman-180x180.jpg 180w, https:\/\/www.144.ch\/wp-content\/uploads\/2021\/01\/Roman-100x100.jpg 100w\" sizes=\"(max-width: 500px) 100vw, 500px\" \/><\/div><\/div><\/div><br \/>\n\n<style type=\"text\/css\" data-created_by=\"avia_inline_auto\" id=\"style-css-av-246hhd6-06f4c6d504ceaa696614114c2e94a8d9\">\n#top .av-special-heading.av-246hhd6-06f4c6d504ceaa696614114c2e94a8d9{\npadding-bottom:10px;\n}\nbody .av-special-heading.av-246hhd6-06f4c6d504ceaa696614114c2e94a8d9 .av-special-heading-tag .heading-char{\nfont-size:25px;\n}\n.av-special-heading.av-246hhd6-06f4c6d504ceaa696614114c2e94a8d9 .av-subheading{\nfont-size:15px;\n}\n<\/style>\n<div  class='av-special-heading av-246hhd6-06f4c6d504ceaa696614114c2e94a8d9 av-special-heading-h4 blockquote modern-quote modern-centered  avia-builder-el-6  el_after_av_image  el_before_av_hr '><h4 class='av-special-heading-tag '  >Roman Burkart<\/h4><div class=\"special-heading-border\"><div class=\"special-heading-inner-border\"><\/div><\/div><\/div><br \/>\n\n<style type=\"text\/css\" data-created_by=\"avia_inline_auto\" id=\"style-css-av-kb6wsd6l-9867c7c9d8ac1eb067dd3228e9abd8ee\">\n#top .hr.av-kb6wsd6l-9867c7c9d8ac1eb067dd3228e9abd8ee{\nmargin-top:15px;\nmargin-bottom:20px;\n}\n.hr.av-kb6wsd6l-9867c7c9d8ac1eb067dd3228e9abd8ee .hr-inner{\nwidth:100px;\nborder-color:#000000;\n}\n<\/style>\n<div  class='hr av-kb6wsd6l-9867c7c9d8ac1eb067dd3228e9abd8ee hr-custom  avia-builder-el-7  el_after_av_heading  el_before_av_textblock  hr-center hr-icon-no'><span class='hr-inner inner-border-av-border-fat'><span class=\"hr-inner-style\"><\/span><\/span><\/div><br \/>\n<section  class='av_textblock_section av-k99zq9fs-e36485dd6386b09c5d6c5375aa6bb922 '  ><div class='avia_textblock' ><p style=\"text-align: center;\">Coordinateur commission technique<br \/>\nSecr\u00e9tariat g\u00e9n\u00e9ral IAS, Aarau<\/p>\n<\/div><\/section><\/p><\/div>\n\n<style type=\"text\/css\" data-created_by=\"avia_inline_auto\" id=\"style-css-av-oqv7me-16-74bbff11f7314f4e4e0e69118f670644\">\n#top .flex_column.av-oqv7me-16-74bbff11f7314f4e4e0e69118f670644{\nmargin-top:30px;\nmargin-bottom:30px;\n}\n.flex_column.av-oqv7me-16-74bbff11f7314f4e4e0e69118f670644{\nborder-radius:0px 0px 0px 0px;\npadding:0px 0px 0px 0px;\n}\n.responsive #top #wrap_all .flex_column.av-oqv7me-16-74bbff11f7314f4e4e0e69118f670644{\nmargin-top:30px;\nmargin-bottom:30px;\n}\n<\/style>\n<div  class='flex_column av-oqv7me-16-74bbff11f7314f4e4e0e69118f670644 av_one_third  avia-builder-el-9  el_after_av_one_third  el_before_av_one_third  flex_column_div av-animated-generic right-to-left av-zero-column-padding  column-top-margin'     ><p>\n<style type=\"text\/css\" data-created_by=\"avia_inline_auto\" id=\"style-css-av-k99zsfxs-15-9cdb6e88274f06a14bed853a56469749\">\n.avia-image-container.av-k99zsfxs-15-9cdb6e88274f06a14bed853a56469749 img.avia_image{\nbox-shadow:none;\n}\n.avia-image-container.av-k99zsfxs-15-9cdb6e88274f06a14bed853a56469749 .av-image-caption-overlay-center{\ncolor:#ffffff;\n}\n<\/style>\n<div  class='avia-image-container av-k99zsfxs-15-9cdb6e88274f06a14bed853a56469749 av-styling-circle avia-align-center  avia-builder-el-10  el_before_av_heading  avia-builder-el-first '  ><div class=\"avia-image-container-inner\"><div class=\"avia-image-overlay-wrap\"><img decoding=\"async\" fetchpriority=\"high\" class='wp-image-23145 avia-img-lazy-loading-not-23145 avia_image ' src=\"https:\/\/www.144.ch\/wp-content\/uploads\/2021\/01\/Michel-Eigenmann.jpg\" alt='' title='Michel-Eigenmann'  height=\"500\" width=\"500\" srcset=\"https:\/\/www.144.ch\/wp-content\/uploads\/2021\/01\/Michel-Eigenmann.jpg 500w, https:\/\/www.144.ch\/wp-content\/uploads\/2021\/01\/Michel-Eigenmann-300x300.jpg 300w, https:\/\/www.144.ch\/wp-content\/uploads\/2021\/01\/Michel-Eigenmann-80x80.jpg 80w, https:\/\/www.144.ch\/wp-content\/uploads\/2021\/01\/Michel-Eigenmann-36x36.jpg 36w, https:\/\/www.144.ch\/wp-content\/uploads\/2021\/01\/Michel-Eigenmann-180x180.jpg 180w, https:\/\/www.144.ch\/wp-content\/uploads\/2021\/01\/Michel-Eigenmann-100x100.jpg 100w\" sizes=\"(max-width: 500px) 100vw, 500px\" \/><\/div><\/div><\/div><br \/>\n\n<style type=\"text\/css\" data-created_by=\"avia_inline_auto\" id=\"style-css-av-6k5022-1db9241a357d349645f3f10a1b53fbd9\">\n#top .av-special-heading.av-6k5022-1db9241a357d349645f3f10a1b53fbd9{\npadding-bottom:10px;\n}\nbody .av-special-heading.av-6k5022-1db9241a357d349645f3f10a1b53fbd9 .av-special-heading-tag .heading-char{\nfont-size:25px;\n}\n.av-special-heading.av-6k5022-1db9241a357d349645f3f10a1b53fbd9 .av-subheading{\nfont-size:15px;\n}\n<\/style>\n<div  class='av-special-heading av-6k5022-1db9241a357d349645f3f10a1b53fbd9 av-special-heading-h4 blockquote modern-quote modern-centered  avia-builder-el-11  el_after_av_image  el_before_av_hr '><h4 class='av-special-heading-tag '  >Michel Eigenmann<\/h4><div class=\"special-heading-border\"><div class=\"special-heading-inner-border\"><\/div><\/div><\/div><br \/>\n\n<style type=\"text\/css\" data-created_by=\"avia_inline_auto\" id=\"style-css-av-kb6wsd6l-14-415ceb4cc1494d877546596d42a286cc\">\n#top .hr.av-kb6wsd6l-14-415ceb4cc1494d877546596d42a286cc{\nmargin-top:15px;\nmargin-bottom:20px;\n}\n.hr.av-kb6wsd6l-14-415ceb4cc1494d877546596d42a286cc .hr-inner{\nwidth:100px;\nborder-color:#000000;\n}\n<\/style>\n<div  class='hr av-kb6wsd6l-14-415ceb4cc1494d877546596d42a286cc hr-custom  avia-builder-el-12  el_after_av_heading  el_before_av_textblock  hr-center hr-icon-no'><span class='hr-inner inner-border-av-border-fat'><span class=\"hr-inner-style\"><\/span><\/span><\/div><br \/>\n<section  class='av_textblock_section av-k99zq9fs-13-08e9be08b5e64b045ce3483407019a51 '  ><div class='avia_textblock' ><p style=\"text-align: center;\">Coordinateur du groupe technique \u00ab\u00a0Centrale d\u2019appels sanitaires urgents\u00a0\u00bb<br \/>\nRettung Basel-Stadt<\/p>\n<\/div><\/section><\/p><\/div>\n\n<style type=\"text\/css\" data-created_by=\"avia_inline_auto\" id=\"style-css-av-1x05hze-061c2e163c0ab7e4d1e70b0f495bf5f0\">\n#top .flex_column.av-1x05hze-061c2e163c0ab7e4d1e70b0f495bf5f0{\nmargin-top:30px;\nmargin-bottom:30px;\n}\n.flex_column.av-1x05hze-061c2e163c0ab7e4d1e70b0f495bf5f0{\nborder-radius:0px 0px 0px 0px;\npadding:0px 0px 0px 0px;\n}\n.responsive #top #wrap_all .flex_column.av-1x05hze-061c2e163c0ab7e4d1e70b0f495bf5f0{\nmargin-top:30px;\nmargin-bottom:30px;\n}\n<\/style>\n<div  class='flex_column av-1x05hze-061c2e163c0ab7e4d1e70b0f495bf5f0 av_one_third  avia-builder-el-14  el_after_av_one_third  el_before_av_one_third  flex_column_div av-animated-generic right-to-left av-zero-column-padding  column-top-margin'     ><p>\n<style type=\"text\/css\" data-created_by=\"avia_inline_auto\" id=\"style-css-av-ln91ietc-968d6a6c403a6f5eebcb3371e6e4418d\">\n.avia-image-container.av-ln91ietc-968d6a6c403a6f5eebcb3371e6e4418d img.avia_image{\nbox-shadow:none;\n}\n.avia-image-container.av-ln91ietc-968d6a6c403a6f5eebcb3371e6e4418d .av-image-caption-overlay-center{\ncolor:#ffffff;\n}\n<\/style>\n<div  class='avia-image-container av-ln91ietc-968d6a6c403a6f5eebcb3371e6e4418d av-styling-circle avia-align-center  avia-builder-el-15  el_before_av_heading  avia-builder-el-first '  ><div class=\"avia-image-container-inner\"><div class=\"avia-image-overlay-wrap\"><img decoding=\"async\" fetchpriority=\"high\" class='wp-image-35297 avia-img-lazy-loading-not-35297 avia_image ' src=\"https:\/\/www.144.ch\/wp-content\/uploads\/2023\/06\/Celine-Marchon.jpg\" alt='' title='C\u00e9line-Marchon'  height=\"500\" width=\"500\" srcset=\"https:\/\/www.144.ch\/wp-content\/uploads\/2023\/06\/Celine-Marchon.jpg 500w, https:\/\/www.144.ch\/wp-content\/uploads\/2023\/06\/Celine-Marchon-300x300.jpg 300w, https:\/\/www.144.ch\/wp-content\/uploads\/2023\/06\/Celine-Marchon-80x80.jpg 80w, https:\/\/www.144.ch\/wp-content\/uploads\/2023\/06\/Celine-Marchon-36x36.jpg 36w, https:\/\/www.144.ch\/wp-content\/uploads\/2023\/06\/Celine-Marchon-180x180.jpg 180w, https:\/\/www.144.ch\/wp-content\/uploads\/2023\/06\/Celine-Marchon-120x120.jpg 120w, https:\/\/www.144.ch\/wp-content\/uploads\/2023\/06\/Celine-Marchon-450x450.jpg 450w, https:\/\/www.144.ch\/wp-content\/uploads\/2023\/06\/Celine-Marchon-100x100.jpg 100w\" sizes=\"(max-width: 500px) 100vw, 500px\" \/><\/div><\/div><\/div><br \/>\n\n<style type=\"text\/css\" data-created_by=\"avia_inline_auto\" id=\"style-css-av-1h7zje2-4f0c1f5652953ef8f4415c799e472df1\">\n#top .av-special-heading.av-1h7zje2-4f0c1f5652953ef8f4415c799e472df1{\npadding-bottom:10px;\n}\nbody .av-special-heading.av-1h7zje2-4f0c1f5652953ef8f4415c799e472df1 .av-special-heading-tag .heading-char{\nfont-size:25px;\n}\n.av-special-heading.av-1h7zje2-4f0c1f5652953ef8f4415c799e472df1 .av-subheading{\nfont-size:15px;\n}\n<\/style>\n<div  class='av-special-heading av-1h7zje2-4f0c1f5652953ef8f4415c799e472df1 av-special-heading-h4 blockquote modern-quote modern-centered  avia-builder-el-16  el_after_av_image  el_before_av_hr '><h4 class='av-special-heading-tag '  >C\u00e9line Marchon<\/h4><div class=\"special-heading-border\"><div class=\"special-heading-inner-border\"><\/div><\/div><\/div><br \/>\n\n<style type=\"text\/css\" data-created_by=\"avia_inline_auto\" id=\"style-css-av-15jy83u-a33c6ff229f5316f585245cdb8d0fa25\">\n#top .hr.av-15jy83u-a33c6ff229f5316f585245cdb8d0fa25{\nmargin-top:15px;\nmargin-bottom:20px;\n}\n.hr.av-15jy83u-a33c6ff229f5316f585245cdb8d0fa25 .hr-inner{\nwidth:100px;\nborder-color:#000000;\n}\n<\/style>\n<div  class='hr av-15jy83u-a33c6ff229f5316f585245cdb8d0fa25 hr-custom  avia-builder-el-17  el_after_av_heading  el_before_av_textblock  hr-center hr-icon-no'><span class='hr-inner inner-border-av-border-fat'><span class=\"hr-inner-style\"><\/span><\/span><\/div><br \/>\n<section  class='av_textblock_section av-s7azfu-25dba07c6c02f572f5df4d1641dacbb6 '  ><div class='avia_textblock' ><p style=\"text-align: center;\">Coordinateur du groupe technique \u00ab\u00a0Premiers secours et first responder\u00a0\u00bb<br \/>\nStiftung \u00ab\u00a0Ersthelfer Nordwestschweiz\u00a0\u00bb<\/p>\n<\/div><\/section><\/p><\/div>\n<style type=\"text\/css\" data-created_by=\"avia_inline_auto\" id=\"style-css-av-oqv7me-8-386c289336148ee85fd21b3c0acc18dd\">\n#top .flex_column.av-oqv7me-8-386c289336148ee85fd21b3c0acc18dd{\nmargin-top:35px;\nmargin-bottom:30px;\n}\n.flex_column.av-oqv7me-8-386c289336148ee85fd21b3c0acc18dd{\nborder-radius:0px 0px 0px 0px;\npadding:0px 0px 0px 0px;\n}\n.responsive #top #wrap_all .flex_column.av-oqv7me-8-386c289336148ee85fd21b3c0acc18dd{\nmargin-top:35px;\nmargin-bottom:30px;\n}\n<\/style>\n<div  class='flex_column av-oqv7me-8-386c289336148ee85fd21b3c0acc18dd av_one_third  avia-builder-el-19  el_after_av_one_third  el_before_av_one_third  first flex_column_div av-animated-generic right-to-left av-zero-column-padding  column-top-margin'     ><p>\n<style type=\"text\/css\" data-created_by=\"avia_inline_auto\" id=\"style-css-av-k99zsfxs-7-34d402476a0b915b451855c0aaf7b3b0\">\n.avia-image-container.av-k99zsfxs-7-34d402476a0b915b451855c0aaf7b3b0 img.avia_image{\nbox-shadow:none;\n}\n.avia-image-container.av-k99zsfxs-7-34d402476a0b915b451855c0aaf7b3b0 .av-image-caption-overlay-center{\ncolor:#ffffff;\n}\n<\/style>\n<div  class='avia-image-container av-k99zsfxs-7-34d402476a0b915b451855c0aaf7b3b0 av-styling-circle avia-align-center  avia-builder-el-20  el_before_av_heading  avia-builder-el-first '  ><div class=\"avia-image-container-inner\"><div class=\"avia-image-overlay-wrap\"><img decoding=\"async\" fetchpriority=\"high\" class='wp-image-22653 avia-img-lazy-loading-not-22653 avia_image ' src=\"https:\/\/www.144.ch\/wp-content\/uploads\/2021\/01\/Gambon-2.jpg\" alt='' title='Gambon'  height=\"500\" width=\"500\" srcset=\"https:\/\/www.144.ch\/wp-content\/uploads\/2021\/01\/Gambon-2.jpg 500w, https:\/\/www.144.ch\/wp-content\/uploads\/2021\/01\/Gambon-2-300x300.jpg 300w, https:\/\/www.144.ch\/wp-content\/uploads\/2021\/01\/Gambon-2-80x80.jpg 80w, https:\/\/www.144.ch\/wp-content\/uploads\/2021\/01\/Gambon-2-36x36.jpg 36w, https:\/\/www.144.ch\/wp-content\/uploads\/2021\/01\/Gambon-2-180x180.jpg 180w, https:\/\/www.144.ch\/wp-content\/uploads\/2021\/01\/Gambon-2-100x100.jpg 100w\" sizes=\"(max-width: 500px) 100vw, 500px\" \/><\/div><\/div><\/div><br \/>\n\n<style type=\"text\/css\" data-created_by=\"avia_inline_auto\" id=\"style-css-av-17zl8cq-edcb3f65ff13bbb163b3761b8a3d80db\">\n#top .av-special-heading.av-17zl8cq-edcb3f65ff13bbb163b3761b8a3d80db{\npadding-bottom:10px;\n}\nbody .av-special-heading.av-17zl8cq-edcb3f65ff13bbb163b3761b8a3d80db .av-special-heading-tag .heading-char{\nfont-size:25px;\n}\n.av-special-heading.av-17zl8cq-edcb3f65ff13bbb163b3761b8a3d80db .av-subheading{\nfont-size:15px;\n}\n<\/style>\n<div  class='av-special-heading av-17zl8cq-edcb3f65ff13bbb163b3761b8a3d80db av-special-heading-h4 blockquote modern-quote modern-centered  avia-builder-el-21  el_after_av_image  el_before_av_hr '><h4 class='av-special-heading-tag '  >Jean-Pierre Gambon<\/h4><div class=\"special-heading-border\"><div class=\"special-heading-inner-border\"><\/div><\/div><\/div><br \/>\n\n<style type=\"text\/css\" data-created_by=\"avia_inline_auto\" id=\"style-css-av-kb6wsd6l-6-81a70956cec0d60bdf6a533894047acf\">\n#top .hr.av-kb6wsd6l-6-81a70956cec0d60bdf6a533894047acf{\nmargin-top:15px;\nmargin-bottom:20px;\n}\n.hr.av-kb6wsd6l-6-81a70956cec0d60bdf6a533894047acf .hr-inner{\nwidth:100px;\nborder-color:#000000;\n}\n<\/style>\n<div  class='hr av-kb6wsd6l-6-81a70956cec0d60bdf6a533894047acf hr-custom  avia-builder-el-22  el_after_av_heading  el_before_av_textblock  hr-center hr-icon-no'><span class='hr-inner inner-border-av-border-fat'><span class=\"hr-inner-style\"><\/span><\/span><\/div><br \/>\n<section  class='av_textblock_section av-k99zq9fs-5-c8b5ae1a178f5ad37b7bae7fe6aa4de4 '  ><div class='avia_textblock' ><p style=\"text-align: center;\">Coordinateur du groupe technique \u00ab\u00a0Service de sauvetage et transport de patients\u00a0\u00bb<br \/>\nAmbulance Bienne<\/p>\n<\/div><\/section><\/p><\/div><\/p>\n\n<style type=\"text\/css\" data-created_by=\"avia_inline_auto\" id=\"style-css-av-oqv7me-4-944baf3f71df99aff0f3ad93c2b15547\">\n#top .flex_column.av-oqv7me-4-944baf3f71df99aff0f3ad93c2b15547{\nmargin-top:35px;\nmargin-bottom:30px;\n}\n.flex_column.av-oqv7me-4-944baf3f71df99aff0f3ad93c2b15547{\nborder-radius:0px 0px 0px 0px;\npadding:0px 0px 0px 0px;\n}\n.responsive #top #wrap_all .flex_column.av-oqv7me-4-944baf3f71df99aff0f3ad93c2b15547{\nmargin-top:35px;\nmargin-bottom:30px;\n}\n<\/style>\n<div  class='flex_column av-oqv7me-4-944baf3f71df99aff0f3ad93c2b15547 av_one_third  avia-builder-el-24  el_after_av_one_third  avia-builder-el-last  flex_column_div av-animated-generic right-to-left av-zero-column-padding  column-top-margin'     ><p>\n<style type=\"text\/css\" data-created_by=\"avia_inline_auto\" id=\"style-css-av-k99zsfxs-3-0cef7c21bbe1ff6e813cac13cbe245cd\">\n.avia-image-container.av-k99zsfxs-3-0cef7c21bbe1ff6e813cac13cbe245cd img.avia_image{\nbox-shadow:none;\n}\n.avia-image-container.av-k99zsfxs-3-0cef7c21bbe1ff6e813cac13cbe245cd .av-image-caption-overlay-center{\ncolor:#ffffff;\n}\n<\/style>\n<div  class='avia-image-container av-k99zsfxs-3-0cef7c21bbe1ff6e813cac13cbe245cd av-styling-circle avia-align-center  avia-builder-el-25  el_before_av_heading  avia-builder-el-first '  ><div class=\"avia-image-container-inner\"><div class=\"avia-image-overlay-wrap\"><img decoding=\"async\" fetchpriority=\"high\" class='wp-image-22710 avia-img-lazy-loading-not-22710 avia_image ' src=\"https:\/\/www.144.ch\/wp-content\/uploads\/2021\/01\/Helge-Regener.jpg\" alt='' title='Helge-Regener'  height=\"500\" width=\"500\" srcset=\"https:\/\/www.144.ch\/wp-content\/uploads\/2021\/01\/Helge-Regener.jpg 500w, https:\/\/www.144.ch\/wp-content\/uploads\/2021\/01\/Helge-Regener-300x300.jpg 300w, https:\/\/www.144.ch\/wp-content\/uploads\/2021\/01\/Helge-Regener-80x80.jpg 80w, https:\/\/www.144.ch\/wp-content\/uploads\/2021\/01\/Helge-Regener-36x36.jpg 36w, https:\/\/www.144.ch\/wp-content\/uploads\/2021\/01\/Helge-Regener-180x180.jpg 180w, https:\/\/www.144.ch\/wp-content\/uploads\/2021\/01\/Helge-Regener-100x100.jpg 100w\" sizes=\"(max-width: 500px) 100vw, 500px\" \/><\/div><\/div><\/div><br \/>\n\n<style type=\"text\/css\" data-created_by=\"avia_inline_auto\" id=\"style-css-av-ozv18q-435ce10dfbc0e46a3a1daa99958fcb99\">\n#top .av-special-heading.av-ozv18q-435ce10dfbc0e46a3a1daa99958fcb99{\npadding-bottom:10px;\n}\nbody .av-special-heading.av-ozv18q-435ce10dfbc0e46a3a1daa99958fcb99 .av-special-heading-tag .heading-char{\nfont-size:25px;\n}\n.av-special-heading.av-ozv18q-435ce10dfbc0e46a3a1daa99958fcb99 .av-subheading{\nfont-size:15px;\n}\n<\/style>\n<div  class='av-special-heading av-ozv18q-435ce10dfbc0e46a3a1daa99958fcb99 av-special-heading-h4 blockquote modern-quote modern-centered  avia-builder-el-26  el_after_av_image  el_before_av_hr '><h4 class='av-special-heading-tag '  >Helge Regener<\/h4><div class=\"special-heading-border\"><div class=\"special-heading-inner-border\"><\/div><\/div><\/div><br \/>\n\n<style type=\"text\/css\" data-created_by=\"avia_inline_auto\" id=\"style-css-av-kb6wsd6l-2-a71a94a7852b0988ac084415a44dede2\">\n#top .hr.av-kb6wsd6l-2-a71a94a7852b0988ac084415a44dede2{\nmargin-top:15px;\nmargin-bottom:20px;\n}\n.hr.av-kb6wsd6l-2-a71a94a7852b0988ac084415a44dede2 .hr-inner{\nwidth:100px;\nborder-color:#000000;\n}\n<\/style>\n<div  class='hr av-kb6wsd6l-2-a71a94a7852b0988ac084415a44dede2 hr-custom  avia-builder-el-27  el_after_av_heading  el_before_av_textblock  hr-center hr-icon-no'><span class='hr-inner inner-border-av-border-fat'><span class=\"hr-inner-style\"><\/span><\/span><\/div><br \/>\n<section  class='av_textblock_section av-k99zq9fs-1-c5a873ca3b9e4bcee334a0063639c762 '  ><div class='avia_textblock' ><p style=\"text-align: center;\">Coordinateur du groupe technique \u00ab\u00a0D\u00e9veloppement\u00a0\u00bb<br \/>\nSirmed, Nottwil<\/p>\n<\/div><\/section><\/p><\/div>\n","protected":false},"excerpt":{"rendered":"","protected":false},"author":1,"featured_media":0,"parent":18599,"menu_order":4,"comment_status":"closed","ping_status":"closed","template":"","meta":{"_acf_changed":false,"_seopress_robots_primary_cat":"","_seopress_titles_title":"","_seopress_titles_desc":"","_seopress_robots_index":"","footnotes":""},"folder":[],"class_list":["post-22730","page","type-page","status-publish","hentry"],"acf":[],"_links":{"self":[{"href":"https:\/\/www.144.ch\/fr\/wp-json\/wp\/v2\/pages\/22730","targetHints":{"allow":["GET"]}}],"collection":[{"href":"https:\/\/www.144.ch\/fr\/wp-json\/wp\/v2\/pages"}],"about":[{"href":"https:\/\/www.144.ch\/fr\/wp-json\/wp\/v2\/types\/page"}],"author":[{"embeddable":true,"href":"https:\/\/www.144.ch\/fr\/wp-json\/wp\/v2\/users\/1"}],"replies":[{"embeddable":true,"href":"https:\/\/www.144.ch\/fr\/wp-json\/wp\/v2\/comments?post=22730"}],"version-history":[{"count":5,"href":"https:\/\/www.144.ch\/fr\/wp-json\/wp\/v2\/pages\/22730\/revisions"}],"predecessor-version":[{"id":37064,"href":"https:\/\/www.144.ch\/fr\/wp-json\/wp\/v2\/pages\/22730\/revisions\/37064"}],"up":[{"embeddable":true,"href":"https:\/\/www.144.ch\/fr\/wp-json\/wp\/v2\/pages\/18599"}],"wp:attachment":[{"href":"https:\/\/www.144.ch\/fr\/wp-json\/wp\/v2\/media?parent=22730"}],"wp:term":[{"taxonomy":"folder","embeddable":true,"href":"https:\/\/www.144.ch\/fr\/wp-json\/wp\/v2\/folder?post=22730"}],"curies":[{"name":"wp","href":"https:\/\/api.w.org\/{rel}","templated":true}]}}