{"id":18622,"date":"2020-08-27T11:48:53","date_gmt":"2020-08-27T09:48:53","guid":{"rendered":"https:\/\/ivr-ias.aretiswebseiten.ch\/partenaires\/"},"modified":"2022-05-30T10:27:37","modified_gmt":"2022-05-30T08:27:37","slug":"partenaires","status":"publish","type":"page","link":"https:\/\/www.144.ch\/fr\/partenaires\/","title":{"rendered":"Les Partenaires"},"content":{"rendered":"\n<style type=\"text\/css\" data-created_by=\"avia_inline_auto\" id=\"style-css-av-q5lck3-717be0960e364f211e6f87d023ba2951\">\n.avia-section.av-q5lck3-717be0960e364f211e6f87d023ba2951 .av-extra-border-element .av-extra-border-inner{\nbackground-color:#ffffff;\n}\n<\/style>\n<div id='av_section_1'  class='avia-section av-q5lck3-717be0960e364f211e6f87d023ba2951 main_color avia-section-huge avia-no-border-styling  avia-builder-el-0  el_before_av_section  avia-builder-el-first  avia-bg-style-scroll av-arrow-down-section container_wrap fullsize'  ><div class='container av-section-cont-open' ><main  class='template-page content  av-content-full alpha units'><div class='post-entry post-entry-type-page post-entry-18622'><div class='entry-content-wrapper clearfix'>\n\n<style type=\"text\/css\" data-created_by=\"avia_inline_auto\" id=\"style-css-av-kewsdqhy-671c5004fdbf0a3d4d0d6cb9b431d419\">\n#top .av-special-heading.av-kewsdqhy-671c5004fdbf0a3d4d0d6cb9b431d419{\npadding-bottom:10px;\n}\nbody .av-special-heading.av-kewsdqhy-671c5004fdbf0a3d4d0d6cb9b431d419 .av-special-heading-tag .heading-char{\nfont-size:25px;\n}\n.av-special-heading.av-kewsdqhy-671c5004fdbf0a3d4d0d6cb9b431d419 .av-subheading{\nfont-size:15px;\n}\n<\/style>\n<div  class='av-special-heading av-kewsdqhy-671c5004fdbf0a3d4d0d6cb9b431d419 av-special-heading-h1 blockquote modern-quote modern-centered  avia-builder-el-1  el_before_av_hr  avia-builder-el-first  av-thin-font'><h1 class='av-special-heading-tag '  >Nos <strong>partenaires<\/strong> <\/h1><div class='av-subheading av-subheading_below'><p>Relations de partenariat<\/p>\n<\/div><div class=\"special-heading-border\"><div class=\"special-heading-inner-border\"><\/div><\/div><\/div>\n\n<style type=\"text\/css\" data-created_by=\"avia_inline_auto\" id=\"style-css-av-kb6hhq2e-3ad4693bcbc63eca39c7d08d0802742b\">\n#top .hr.av-kb6hhq2e-3ad4693bcbc63eca39c7d08d0802742b{\nmargin-top:30px;\nmargin-bottom:30px;\n}\n.hr.av-kb6hhq2e-3ad4693bcbc63eca39c7d08d0802742b .hr-inner{\nwidth:100px;\nborder-color:#0e0e0e;\nmax-width:45%;\n}\n.hr.av-kb6hhq2e-3ad4693bcbc63eca39c7d08d0802742b .av-seperator-icon{\ncolor:#0e0e0e;\n}\n.hr.av-kb6hhq2e-3ad4693bcbc63eca39c7d08d0802742b .av-seperator-icon.avia-svg-icon svg:first-child{\nfill:#0e0e0e;\nstroke:#0e0e0e;\n}\n<\/style>\n<div  class='hr av-kb6hhq2e-3ad4693bcbc63eca39c7d08d0802742b hr-custom  avia-builder-el-2  el_after_av_heading  el_before_av_one_half  hr-center hr-icon-yes'><span class='hr-inner inner-border-av-border-fat'><span class=\"hr-inner-style\"><\/span><\/span><span class='av-seperator-icon avia-iconfont avia-font-fontello' data-av_icon='\ue809' data-av_iconfont='fontello' ><\/span><span class='hr-inner inner-border-av-border-fat'><span class=\"hr-inner-style\"><\/span><\/span><\/div>\n\n<style type=\"text\/css\" data-created_by=\"avia_inline_auto\" id=\"style-css-av-kb6wq2hy-d61931e081426d3da9bd0527f7d391ca\">\n#top .flex_column.av-kb6wq2hy-d61931e081426d3da9bd0527f7d391ca{\nmargin-top:30px;\nmargin-bottom:0px;\n}\n.flex_column.av-kb6wq2hy-d61931e081426d3da9bd0527f7d391ca{\nborder-radius:0px 0px 0px 0px;\npadding:0px 0px 0px 0px;\n}\n.responsive #top #wrap_all .flex_column.av-kb6wq2hy-d61931e081426d3da9bd0527f7d391ca{\nmargin-top:30px;\nmargin-bottom:0px;\n}\n<\/style>\n<div  class='flex_column av-kb6wq2hy-d61931e081426d3da9bd0527f7d391ca av_one_half  avia-builder-el-3  el_after_av_hr  el_before_av_one_half  first flex_column_div av-animated-generic left-to-right av-zero-column-padding  '     ><article  class='iconbox iconbox_left av-kbalhhf7-a9c9db1df0f8290d00bf64bb659c921c  avia-builder-el-4  avia-builder-el-no-sibling ' ><div class=\"iconbox_content\"><header class=\"entry-content-header\" aria-label=\"Ic\u00f4ne : Solutions communes\"><div class='iconbox_icon heading-color avia-iconfont avia-font-entypo-fontello' data-av_icon='\ue864' data-av_iconfont='entypo-fontello'  ><\/div><h3 class='iconbox_content_title ' >Solutions communes<\/h3><\/header><div class='iconbox_content_container ' ><p>L\u2019interassociation se consid\u00e8re comme repr\u00e9sentant les int\u00e9r\u00eats de toute la cha\u00eene de sauvetage et de secours. Pour que cela soit per\u00e7u en cons\u00e9quence, des solutions communes doivent \u00eatre \u00e9labor\u00e9es avec les personnes concern\u00e9es. \u00c0 cette fin, l\u2019interassociation cultive activement un partenariat avec les diff\u00e9rents groupes de parties prenantes.<\/p>\n<\/div><\/div><footer class=\"entry-footer\"><\/footer><\/article><\/div>\n<style type=\"text\/css\" data-created_by=\"avia_inline_auto\" id=\"style-css-av-kb6wq2hy-cb903e7df74b1561de769b6326d86dc0\">\n#top .flex_column.av-kb6wq2hy-cb903e7df74b1561de769b6326d86dc0{\nmargin-top:30px;\nmargin-bottom:0px;\n}\n.flex_column.av-kb6wq2hy-cb903e7df74b1561de769b6326d86dc0{\nborder-radius:0px 0px 0px 0px;\npadding:0px 0px 0px 0px;\n}\n.responsive #top #wrap_all .flex_column.av-kb6wq2hy-cb903e7df74b1561de769b6326d86dc0{\nmargin-top:30px;\nmargin-bottom:0px;\n}\n<\/style>\n<div  class='flex_column av-kb6wq2hy-cb903e7df74b1561de769b6326d86dc0 av_one_half  avia-builder-el-5  el_after_av_one_half  avia-builder-el-last  flex_column_div av-animated-generic left-to-right av-zero-column-padding  '     ><article  class='iconbox iconbox_left av-kbalhhf7-19aa9853e1053e41b1010a5eb3e545fa  avia-builder-el-6  avia-builder-el-no-sibling ' ><div class=\"iconbox_content\"><header class=\"entry-content-header\" aria-label=\"Ic\u00f4ne : Mise en place et utilisation optimales\"><div class='iconbox_icon heading-color avia-iconfont avia-font-entypo-fontello' data-av_icon='\ue82b' data-av_iconfont='entypo-fontello'  ><\/div><h3 class='iconbox_content_title ' >Mise en place et utilisation optimales<\/h3><\/header><div class='iconbox_content_container ' ><p>Il s&rsquo;agit de s&rsquo;assurer que les conditions sont cr\u00e9\u00e9es au niveau politique, strat\u00e9gique mais aussi op\u00e9rationnel pour garantir une prise en charge optimale. Cela permet une mutualisation des ressources et l&rsquo;utilisation de synergies communes.<\/p>\n<\/div><\/div><footer class=\"entry-footer\"><\/footer><\/article><\/div>\n\n<\/div><\/div><\/main><!-- close content main element --><\/div><div class='av-extra-border-element border-extra-arrow-down'><div class='av-extra-border-outer'><div class='av-extra-border-inner'><\/div><\/div><\/div><\/div>\n<style type=\"text\/css\" data-created_by=\"avia_inline_auto\" id=\"style-css-av-kb859zwl-08e3ffc759d4e7338cb842881941718a\">\n.avia-section.av-kb859zwl-08e3ffc759d4e7338cb842881941718a .av-parallax .av-parallax-inner{\nbackground-repeat:no-repeat;\nbackground-image:url(https:\/\/www.144.ch\/wp-content\/uploads\/2020\/06\/geschaeftsstelle_parallax.jpg);\nbackground-position:50% 50%;\nbackground-attachment:scroll;\n}\n.avia-section.av-kb859zwl-08e3ffc759d4e7338cb842881941718a .av-section-color-overlay{\nopacity:0.3;\nbackground-color:#000000;\n}\n<\/style>\n<div id='av_section_2'  class='avia-section av-kb859zwl-08e3ffc759d4e7338cb842881941718a main_color avia-section-huge avia-no-border-styling  avia-builder-el-7  el_after_av_section  avia-builder-el-last  av-parallax-section avia-bg-style-parallax av-section-color-overlay-active container_wrap fullsize'  data-section-bg-repeat='no-repeat'><div class='av-parallax' data-avia-parallax-ratio='0.3' ><div class='av-parallax-inner main_color avia-full-stretch'><\/div><\/div><div class=\"av-section-color-overlay-wrap\"><div class=\"av-section-color-overlay\"><\/div><div class='container av-section-cont-open' ><div class='template-page content  av-content-full alpha units'><div class='post-entry post-entry-type-page post-entry-18622'><div class='entry-content-wrapper clearfix'>\n\n<style type=\"text\/css\" data-created_by=\"avia_inline_auto\" id=\"style-css-av-ov9toz-7fbbb8d5c5a25ddf074926a949d9ffcc\">\n.flex_column.av-ov9toz-7fbbb8d5c5a25ddf074926a949d9ffcc{\nborder-radius:0px 0px 0px 0px;\npadding:0px 0px 0px 0px;\n}\n<\/style>\n<div  class='flex_column av-ov9toz-7fbbb8d5c5a25ddf074926a949d9ffcc av_one_full  avia-builder-el-8  el_before_av_one_third  avia-builder-el-first  first flex_column_div av-zero-column-padding  '     ><p>\n<style type=\"text\/css\" data-created_by=\"avia_inline_auto\" id=\"style-css-av-av_heading-18332907045f200c49b095f7cb5a2b8a\">\n#top .av-special-heading.av-av_heading-18332907045f200c49b095f7cb5a2b8a{\npadding-bottom:10px;\ncolor:#ffffff;\n}\nbody .av-special-heading.av-av_heading-18332907045f200c49b095f7cb5a2b8a .av-special-heading-tag .heading-char{\nfont-size:25px;\n}\n.av-special-heading.av-av_heading-18332907045f200c49b095f7cb5a2b8a .special-heading-inner-border{\nborder-color:#ffffff;\n}\n.av-special-heading.av-av_heading-18332907045f200c49b095f7cb5a2b8a .av-subheading{\nfont-size:15px;\n}\n<\/style>\n<div  class='av-special-heading av-av_heading-18332907045f200c49b095f7cb5a2b8a av-special-heading-h2 custom-color-heading blockquote modern-quote modern-centered  avia-builder-el-9  el_before_av_hr  avia-builder-el-first  av-thin-font'><h2 class='av-special-heading-tag '  >R\u00e9aliser de grandes choses <strong>ensemble<\/strong><\/h2><div class=\"special-heading-border\"><div class=\"special-heading-inner-border\"><\/div><\/div><\/div><br \/>\n\n<style type=\"text\/css\" data-created_by=\"avia_inline_auto\" id=\"style-css-av-kb6wsd6l-8d47a7aea50fb08ad2727fa776f1b092\">\n#top .hr.av-kb6wsd6l-8d47a7aea50fb08ad2727fa776f1b092{\nmargin-top:5px;\nmargin-bottom:15px;\n}\n.hr.av-kb6wsd6l-8d47a7aea50fb08ad2727fa776f1b092 .hr-inner{\nwidth:100px;\nborder-color:#ffffff;\n}\n<\/style>\n<div  class='hr av-kb6wsd6l-8d47a7aea50fb08ad2727fa776f1b092 hr-custom  avia-builder-el-10  el_after_av_heading  avia-builder-el-last  hr-center hr-icon-no'><span class='hr-inner inner-border-av-border-fat'><span class=\"hr-inner-style\"><\/span><\/span><\/div><\/p><\/div><div class='flex_column_table av-1xrnjxv-6c59735a3b22db65e099a7f4ee97ce48 sc-av_one_third av-equal-height-column-flextable'>\n<style type=\"text\/css\" data-created_by=\"avia_inline_auto\" id=\"style-css-av-1xrnjxv-6c59735a3b22db65e099a7f4ee97ce48\">\n.flex_column.av-1xrnjxv-6c59735a3b22db65e099a7f4ee97ce48{\nborder-width:10px;\nborder-color:#ffffff;\nborder-style:solid;\nborder-radius:0px 0px 0px 0px;\npadding:20px 20px 20px 20px;\nbackground-color:#f1f2f2;\n}\n<\/style>\n<div  class='flex_column av-1xrnjxv-6c59735a3b22db65e099a7f4ee97ce48 av_one_third  avia-builder-el-11  el_after_av_one_full  el_before_av_one_third  first no_margin flex_column_table_cell av-equal-height-column av-align-top av-animated-generic pop-up  column-top-margin'     ><style type=\"text\/css\" data-created_by=\"avia_inline_auto\" id=\"style-css-av-kwlsu7gq-8d97c9d158bf517188ea90ef81ef7afc\">\n#top .av-special-heading.av-kwlsu7gq-8d97c9d158bf517188ea90ef81ef7afc{\npadding-bottom:10px;\n}\nbody .av-special-heading.av-kwlsu7gq-8d97c9d158bf517188ea90ef81ef7afc .av-special-heading-tag .heading-char{\nfont-size:25px;\n}\n.av-special-heading.av-kwlsu7gq-8d97c9d158bf517188ea90ef81ef7afc .av-subheading{\nfont-size:15px;\n}\n<\/style>\n<div  class='av-special-heading av-kwlsu7gq-8d97c9d158bf517188ea90ef81ef7afc av-special-heading-h6  avia-builder-el-12  avia-builder-el-no-sibling '><h6 class='av-special-heading-tag '  >Le secr\u00e9tatiat g\u00e9n\u00e9ral de l\u2018IAS situ\u00e9 s\u2019occupe de toutes les questions importantes concernant l\u2019IAS<\/h6><div class=\"special-heading-border\"><div class=\"special-heading-inner-border\"><\/div><\/div><\/div><\/div>\n<style type=\"text\/css\" data-created_by=\"avia_inline_auto\" id=\"style-css-av-1xrnjxv-8b4bacfe3ac62ffc211125cb4be6bcf5\">\n.flex_column.av-1xrnjxv-8b4bacfe3ac62ffc211125cb4be6bcf5{\nborder-radius:0px 0px 0px 0px;\npadding:20px 20px 20px 20px;\nbackground-color:#ffffff;\n}\n<\/style>\n<div  class='flex_column av-1xrnjxv-8b4bacfe3ac62ffc211125cb4be6bcf5 av_one_third  avia-builder-el-13  el_after_av_one_third  el_before_av_one_third  no_margin flex_column_table_cell av-equal-height-column av-align-top av-animated-generic pop-up  column-top-margin'     ><section  class='av_textblock_section av-kbam06xl-10833dd356749b836cc7797cfa7cf653 '  ><div class='avia_textblock' ><p>Nous sommes joignable par t\u00e9l\u00e9phone du lundi au jeudi de 9h \u00e0 12h et de 13h30 \u00e0 16h ainsi que le vendredi de 9h \u00e0 12h au 031\/320\/11.44 .<br \/>\nSi vous ne pouvez pas nous joindre, n\u2019h\u00e9sitez pas \u00e0 nous contacter par e-mail sur info@ivr-ias.ch.<\/p>\n<\/div><\/section><\/div>\n<style type=\"text\/css\" data-created_by=\"avia_inline_auto\" id=\"style-css-av-1xrnjxv-b357b425607d6eb902d96ce0ea02f99d\">\n.flex_column.av-1xrnjxv-b357b425607d6eb902d96ce0ea02f99d{\nborder-width:10px;\nborder-color:#ffffff;\nborder-style:solid;\nborder-radius:0px 0px 0px 0px;\npadding:0px 0px 0px 0px;\nbackground-color:#ffffff;\n}\n<\/style>\n<div  class='flex_column av-1xrnjxv-b357b425607d6eb902d96ce0ea02f99d av_one_third  avia-builder-el-15  el_after_av_one_third  avia-builder-el-last  no_margin flex_column_table_cell av-equal-height-column av-align-top av-animated-generic pop-up av-zero-column-padding  column-top-margin'     ><style type=\"text\/css\" data-created_by=\"avia_inline_auto\" id=\"style-css-av-k1jjoz-c236da80a80c73c1f6d5a5f7275b86d8\">\n.avia-image-container.av-k1jjoz-c236da80a80c73c1f6d5a5f7275b86d8 img.avia_image{\nbox-shadow:none;\n}\n.avia-image-container.av-k1jjoz-c236da80a80c73c1f6d5a5f7275b86d8 .av-image-caption-overlay-center{\ncolor:#ffffff;\n}\n<\/style>\n<div  class='avia-image-container av-k1jjoz-c236da80a80c73c1f6d5a5f7275b86d8 av-styling- avia-align-center  avia-builder-el-16  avia-builder-el-no-sibling '  ><div class=\"avia-image-container-inner\"><div class=\"avia-image-overlay-wrap\"><img decoding=\"async\" fetchpriority=\"high\" class='wp-image-25994 avia-img-lazy-loading-not-25994 avia_image ' src=\"https:\/\/www.144.ch\/wp-content\/uploads\/2021\/11\/bild-geschaeftsstelle-1.jpg\" alt='' title='bild-geschaeftsstelle'  height=\"560\" width=\"840\" srcset=\"https:\/\/www.144.ch\/wp-content\/uploads\/2021\/11\/bild-geschaeftsstelle-1.jpg 840w, https:\/\/www.144.ch\/wp-content\/uploads\/2021\/11\/bild-geschaeftsstelle-1-300x200.jpg 300w, https:\/\/www.144.ch\/wp-content\/uploads\/2021\/11\/bild-geschaeftsstelle-1-768x512.jpg 768w, https:\/\/www.144.ch\/wp-content\/uploads\/2021\/11\/bild-geschaeftsstelle-1-705x470.jpg 705w, https:\/\/www.144.ch\/wp-content\/uploads\/2021\/11\/bild-geschaeftsstelle-1-600x400.jpg 600w\" sizes=\"(max-width: 840px) 100vw, 840px\" \/><\/div><\/div><\/div><\/div><\/div><!--close column table wrapper. Autoclose: 1 -->\n","protected":false},"excerpt":{"rendered":"","protected":false},"author":1,"featured_media":0,"parent":0,"menu_order":24,"comment_status":"closed","ping_status":"closed","template":"","meta":{"_acf_changed":false,"_seopress_robots_primary_cat":"","_seopress_titles_title":"Partenaires de l\u2019Interassociation des services de secours","_seopress_titles_desc":"L&#039;Interassociation entretient une relation de partenariat avec les diff\u00e9rents groupes de parties prenantes pour s&#039;assurer que le service de secours fonctionne de mani\u00e8re optimale politiquement et strat\u00e9giquement.","_seopress_robots_index":"","footnotes":""},"folder":[],"class_list":["post-18622","page","type-page","status-publish","hentry"],"acf":[],"_links":{"self":[{"href":"https:\/\/www.144.ch\/fr\/wp-json\/wp\/v2\/pages\/18622","targetHints":{"allow":["GET"]}}],"collection":[{"href":"https:\/\/www.144.ch\/fr\/wp-json\/wp\/v2\/pages"}],"about":[{"href":"https:\/\/www.144.ch\/fr\/wp-json\/wp\/v2\/types\/page"}],"author":[{"embeddable":true,"href":"https:\/\/www.144.ch\/fr\/wp-json\/wp\/v2\/users\/1"}],"replies":[{"embeddable":true,"href":"https:\/\/www.144.ch\/fr\/wp-json\/wp\/v2\/comments?post=18622"}],"version-history":[{"count":0,"href":"https:\/\/www.144.ch\/fr\/wp-json\/wp\/v2\/pages\/18622\/revisions"}],"wp:attachment":[{"href":"https:\/\/www.144.ch\/fr\/wp-json\/wp\/v2\/media?parent=18622"}],"wp:term":[{"taxonomy":"folder","embeddable":true,"href":"https:\/\/www.144.ch\/fr\/wp-json\/wp\/v2\/folder?post=18622"}],"curies":[{"name":"wp","href":"https:\/\/api.w.org\/{rel}","templated":true}]}}