{"id":18613,"date":"2020-08-27T11:48:50","date_gmt":"2020-08-27T09:48:50","guid":{"rendered":"https:\/\/ivr-ias.aretiswebseiten.ch\/assurance-qualite\/"},"modified":"2023-11-09T09:07:46","modified_gmt":"2023-11-09T08:07:46","slug":"assurance-qualite","status":"publish","type":"page","link":"https:\/\/www.144.ch\/fr\/assurance-qualite\/","title":{"rendered":"Assurance-qualit\u00e9"},"content":{"rendered":"\n<style type=\"text\/css\" data-created_by=\"avia_inline_auto\" id=\"style-css-av-kb7v2e9l-3b59fe3bf272205db18fcfa7c6dcd71e\">\n.avia-section.av-kb7v2e9l-3b59fe3bf272205db18fcfa7c6dcd71e .av-extra-border-element .av-extra-border-inner{\nbackground-color:#ffffff;\n}\n<\/style>\n<div id='av_section_1'  class='avia-section av-kb7v2e9l-3b59fe3bf272205db18fcfa7c6dcd71e main_color avia-section-huge avia-no-border-styling  avia-builder-el-0  el_before_av_section  avia-builder-el-first  avia-bg-style-scroll av-arrow-down-section container_wrap fullsize'  ><div class='container av-section-cont-open' ><main  class='template-page content  av-content-full alpha units'><div class='post-entry post-entry-type-page post-entry-18613'><div class='entry-content-wrapper clearfix'>\n\n<style type=\"text\/css\" data-created_by=\"avia_inline_auto\" id=\"style-css-av-kewsc0wt-c61175719d94dc37ebe4229baf2aabd1\">\n#top .av-special-heading.av-kewsc0wt-c61175719d94dc37ebe4229baf2aabd1{\npadding-bottom:10px;\n}\nbody .av-special-heading.av-kewsc0wt-c61175719d94dc37ebe4229baf2aabd1 .av-special-heading-tag .heading-char{\nfont-size:25px;\n}\n.av-special-heading.av-kewsc0wt-c61175719d94dc37ebe4229baf2aabd1 .av-subheading{\nfont-size:15px;\n}\n<\/style>\n<div  class='av-special-heading av-kewsc0wt-c61175719d94dc37ebe4229baf2aabd1 av-special-heading-h1 blockquote modern-quote modern-centered  avia-builder-el-1  el_before_av_hr  avia-builder-el-first  av-thin-font'><h1 class='av-special-heading-tag '  ><strong>Assurance-qualit\u00e9<\/strong> au sein de l\u2019interassociation <\/h1><div class='av-subheading av-subheading_below'><p>Exigences de qualit\u00e9 dans le syst\u00e8me de sauvetage pr\u00e9-hospitalier<\/p>\n<\/div><div class=\"special-heading-border\"><div class=\"special-heading-inner-border\"><\/div><\/div><\/div>\n\n<style type=\"text\/css\" data-created_by=\"avia_inline_auto\" id=\"style-css-av-kb6hhq2e-296f5c233a1ba3281ed18265c81bdfe2\">\n#top .hr.av-kb6hhq2e-296f5c233a1ba3281ed18265c81bdfe2{\nmargin-top:30px;\nmargin-bottom:0px;\n}\n.hr.av-kb6hhq2e-296f5c233a1ba3281ed18265c81bdfe2 .hr-inner{\nwidth:100px;\nborder-color:#0e0e0e;\nmax-width:45%;\n}\n.hr.av-kb6hhq2e-296f5c233a1ba3281ed18265c81bdfe2 .av-seperator-icon{\ncolor:#0e0e0e;\n}\n.hr.av-kb6hhq2e-296f5c233a1ba3281ed18265c81bdfe2 .av-seperator-icon.avia-svg-icon svg:first-child{\nfill:#0e0e0e;\nstroke:#0e0e0e;\n}\n<\/style>\n<div  class='hr av-kb6hhq2e-296f5c233a1ba3281ed18265c81bdfe2 hr-custom  avia-builder-el-2  el_after_av_heading  avia-builder-el-last  hr-center hr-icon-yes'><span class='hr-inner inner-border-av-border-fat'><span class=\"hr-inner-style\"><\/span><\/span><span class='av-seperator-icon avia-iconfont avia-font-entypo-fontello' data-av_icon='\ue817' data-av_iconfont='entypo-fontello' ><\/span><span class='hr-inner inner-border-av-border-fat'><span class=\"hr-inner-style\"><\/span><\/span><\/div>\n\n<\/div><\/div><\/main><!-- close content main element --><\/div><div class='av-extra-border-element border-extra-arrow-down'><div class='av-extra-border-outer'><div class='av-extra-border-inner'><\/div><\/div><\/div><\/div>\n<style type=\"text\/css\" data-created_by=\"avia_inline_auto\" id=\"style-css-av-kb7v2e9l-b0e584519a5ce93a5b0d395fc47441d7\">\n.avia-section.av-kb7v2e9l-b0e584519a5ce93a5b0d395fc47441d7{\nbackground-color:#185a9b;\nbackground-image:unset;\n}\n<\/style>\n<div id='rettungskette'  class='avia-section av-kb7v2e9l-b0e584519a5ce93a5b0d395fc47441d7 footer_color avia-section-huge avia-no-border-styling  avia-builder-el-3  el_after_av_section  avia-builder-el-last  avia-bg-style-scroll container_wrap fullsize'  ><div class='container av-section-cont-open' ><div class='template-page content  av-content-full alpha units'><div class='post-entry post-entry-type-page post-entry-18613'><div class='entry-content-wrapper clearfix'>\n<div class='flex_column_table av-19rvvhv-7a635e53cdf9cdb1c5f909e86e12944a sc-av_one_third av-equal-height-column-flextable'>\n<style type=\"text\/css\" data-created_by=\"avia_inline_auto\" id=\"style-css-av-19rvvhv-7a635e53cdf9cdb1c5f909e86e12944a\">\n#top .flex_column_table.av-equal-height-column-flextable.av-19rvvhv-7a635e53cdf9cdb1c5f909e86e12944a{\nmargin-top:30px;\nmargin-bottom:30px;\n}\n.flex_column.av-19rvvhv-7a635e53cdf9cdb1c5f909e86e12944a{\nborder-radius:0px 0px 0px 0px;\npadding:0px 0px 0px 0px;\n}\n<\/style>\n<div  class='flex_column av-19rvvhv-7a635e53cdf9cdb1c5f909e86e12944a av_one_third  avia-builder-el-4  el_before_av_one_third  avia-builder-el-first  first flex_column_table_cell av-equal-height-column av-align-top av-animated-generic pop-up av-zero-column-padding  '     ><p>\n<style type=\"text\/css\" data-created_by=\"avia_inline_auto\" id=\"style-css-av-kbt6ldq9-3af4e8171ac3d6b560481fcc678b8626\">\n.av_font_icon.av-kbt6ldq9-3af4e8171ac3d6b560481fcc678b8626{\ncolor:#ffffff;\nborder-color:#ffffff;\n}\n.avia-svg-icon.av-kbt6ldq9-3af4e8171ac3d6b560481fcc678b8626 svg:first-child{\nstroke:#ffffff;\nfill:#ffffff;\n}\n.av_font_icon.av-kbt6ldq9-3af4e8171ac3d6b560481fcc678b8626 .av-icon-char{\nfont-size:160px;\nline-height:160px;\n}\n<\/style>\n<span  class='av_font_icon av-kbt6ldq9-3af4e8171ac3d6b560481fcc678b8626 avia_animate_when_visible av-icon-style- avia-icon-pos-center avia-iconfont avia-font-fontello avia-icon-animate'><a href='https:\/\/www.144.ch\/fr\/assurance-qualite\/premiers-secours\/'   class='av-icon-char' data-av_icon='\ue818' data-av_iconfont='fontello' aria-hidden=\"false\" ><\/a><\/span><br \/>\n\n<style type=\"text\/css\" data-created_by=\"avia_inline_auto\" id=\"style-css-av-kb84mcli-8b1fb9d819a325b178a9317da1f53c77\">\n#top .hr.hr-invisible.av-kb84mcli-8b1fb9d819a325b178a9317da1f53c77{\nheight:20px;\n}\n<\/style>\n<div  class='hr av-kb84mcli-8b1fb9d819a325b178a9317da1f53c77 hr-invisible  avia-builder-el-6  el_after_av_font_icon  el_before_av_textblock '><span class='hr-inner '><span class=\"hr-inner-style\"><\/span><\/span><\/div><br \/>\n\n<style type=\"text\/css\" data-created_by=\"avia_inline_auto\" id=\"style-css-av-kbtkgwmv-be8a69f58b5c09a80e1bfaee7cd81422\">\n#top .av_textblock_section.av-kbtkgwmv-be8a69f58b5c09a80e1bfaee7cd81422 .avia_textblock{\nfont-size:20px;\ncolor:#ffffff;\n}\n<\/style>\n<section  class='av_textblock_section av-kbtkgwmv-be8a69f58b5c09a80e1bfaee7cd81422 '  ><div class='avia_textblock av_inherit_color' ><p style=\"text-align: center;\">Formation aux premiers secours<\/p>\n<\/div><\/section><\/p><\/div><div class='av-flex-placeholder'><\/div>\n<style type=\"text\/css\" data-created_by=\"avia_inline_auto\" id=\"style-css-av-19rvvhv-3126185a1c7e2f66b18302a86544015a\">\n#top .flex_column_table.av-equal-height-column-flextable.av-19rvvhv-3126185a1c7e2f66b18302a86544015a{\nmargin-top:30px;\nmargin-bottom:30px;\n}\n.flex_column.av-19rvvhv-3126185a1c7e2f66b18302a86544015a{\nborder-radius:0px 0px 0px 0px;\npadding:0px 0px 0px 0px;\n}\n<\/style>\n<div  class='flex_column av-19rvvhv-3126185a1c7e2f66b18302a86544015a av_one_third  avia-builder-el-8  el_after_av_one_third  el_before_av_one_third  flex_column_table_cell av-equal-height-column av-align-top av-animated-generic pop-up av-zero-column-padding  '     ><p>\n<style type=\"text\/css\" data-created_by=\"avia_inline_auto\" id=\"style-css-av-kbt6ldq9-a808f4cb962badaecf8f2893c22e6a4c\">\n.av_font_icon.av-kbt6ldq9-a808f4cb962badaecf8f2893c22e6a4c{\ncolor:#ffffff;\nborder-color:#ffffff;\n}\n.avia-svg-icon.av-kbt6ldq9-a808f4cb962badaecf8f2893c22e6a4c svg:first-child{\nstroke:#ffffff;\nfill:#ffffff;\n}\n.av_font_icon.av-kbt6ldq9-a808f4cb962badaecf8f2893c22e6a4c .av-icon-char{\nfont-size:160px;\nline-height:160px;\n}\n<\/style>\n<span  class='av_font_icon av-kbt6ldq9-a808f4cb962badaecf8f2893c22e6a4c avia_animate_when_visible av-icon-style- avia-icon-pos-center avia-iconfont avia-font-fontello avia-icon-animate'><a href='https:\/\/www.144.ch\/fr\/assurance-qualite\/snz-144\/'   class='av-icon-char' data-av_icon='\ue819' data-av_iconfont='fontello' aria-hidden=\"false\" ><\/a><\/span><br \/>\n\n<style type=\"text\/css\" data-created_by=\"avia_inline_auto\" id=\"style-css-av-kb84mcli-8b1fb9d819a325b178a9317da1f53c77\">\n#top .hr.hr-invisible.av-kb84mcli-8b1fb9d819a325b178a9317da1f53c77{\nheight:20px;\n}\n<\/style>\n<div  class='hr av-kb84mcli-8b1fb9d819a325b178a9317da1f53c77 hr-invisible  avia-builder-el-10  el_after_av_font_icon  el_before_av_textblock '><span class='hr-inner '><span class=\"hr-inner-style\"><\/span><\/span><\/div><br \/>\n\n<style type=\"text\/css\" data-created_by=\"avia_inline_auto\" id=\"style-css-av-kbtkgwmv-ac921a637186c4438b5d38f3f4c7a191\">\n#top .av_textblock_section.av-kbtkgwmv-ac921a637186c4438b5d38f3f4c7a191 .avia_textblock{\nfont-size:20px;\ncolor:#ffffff;\n}\n<\/style>\n<section  class='av_textblock_section av-kbtkgwmv-ac921a637186c4438b5d38f3f4c7a191 '  ><div class='avia_textblock av_inherit_color' ><p style=\"text-align: center;\">CASU 144<\/p>\n<\/div><\/section><\/p><\/div><div class='av-flex-placeholder'><\/div>\n<style type=\"text\/css\" data-created_by=\"avia_inline_auto\" id=\"style-css-av-19rvvhv-3126185a1c7e2f66b18302a86544015a\">\n#top .flex_column_table.av-equal-height-column-flextable.av-19rvvhv-3126185a1c7e2f66b18302a86544015a{\nmargin-top:30px;\nmargin-bottom:30px;\n}\n.flex_column.av-19rvvhv-3126185a1c7e2f66b18302a86544015a{\nborder-radius:0px 0px 0px 0px;\npadding:0px 0px 0px 0px;\n}\n<\/style>\n<div  class='flex_column av-19rvvhv-3126185a1c7e2f66b18302a86544015a av_one_third  avia-builder-el-12  el_after_av_one_third  el_before_av_one_third  flex_column_table_cell av-equal-height-column av-align-top av-animated-generic pop-up av-zero-column-padding  '     ><p>\n<style type=\"text\/css\" data-created_by=\"avia_inline_auto\" id=\"style-css-av-kbt6ldq9-d0dab00b943ae1707477c7d3bb10898f\">\n.av_font_icon.av-kbt6ldq9-d0dab00b943ae1707477c7d3bb10898f{\ncolor:#ffffff;\nborder-color:#ffffff;\n}\n.avia-svg-icon.av-kbt6ldq9-d0dab00b943ae1707477c7d3bb10898f svg:first-child{\nstroke:#ffffff;\nfill:#ffffff;\n}\n.av_font_icon.av-kbt6ldq9-d0dab00b943ae1707477c7d3bb10898f .av-icon-char{\nfont-size:160px;\nline-height:160px;\n}\n<\/style>\n<span  class='av_font_icon av-kbt6ldq9-d0dab00b943ae1707477c7d3bb10898f avia_animate_when_visible av-icon-style- avia-icon-pos-center avia-iconfont avia-font-fontello avia-icon-animate'><a href='https:\/\/www.144.ch\/fr\/assurance-qualite\/first-responder\/'   class='av-icon-char' data-av_icon='\ue81a' data-av_iconfont='fontello' aria-hidden=\"false\" ><\/a><\/span><br \/>\n\n<style type=\"text\/css\" data-created_by=\"avia_inline_auto\" id=\"style-css-av-kb84mcli-8b1fb9d819a325b178a9317da1f53c77\">\n#top .hr.hr-invisible.av-kb84mcli-8b1fb9d819a325b178a9317da1f53c77{\nheight:20px;\n}\n<\/style>\n<div  class='hr av-kb84mcli-8b1fb9d819a325b178a9317da1f53c77 hr-invisible  avia-builder-el-14  el_after_av_font_icon  el_before_av_textblock '><span class='hr-inner '><span class=\"hr-inner-style\"><\/span><\/span><\/div><br \/>\n\n<style type=\"text\/css\" data-created_by=\"avia_inline_auto\" id=\"style-css-av-kbtkgwmv-be8a69f58b5c09a80e1bfaee7cd81422\">\n#top .av_textblock_section.av-kbtkgwmv-be8a69f58b5c09a80e1bfaee7cd81422 .avia_textblock{\nfont-size:20px;\ncolor:#ffffff;\n}\n<\/style>\n<section  class='av_textblock_section av-kbtkgwmv-be8a69f58b5c09a80e1bfaee7cd81422 '  ><div class='avia_textblock av_inherit_color' ><p style=\"text-align: center;\">First Responder<\/p>\n<\/div><\/section><\/p><\/div><\/div><!--close column table wrapper. Autoclose: 1 -->\n<style type=\"text\/css\" data-created_by=\"avia_inline_auto\" id=\"style-css-av-19rvvhv-19190d34ac0231aa7783baa662dd787d\">\n.flex_column.av-19rvvhv-19190d34ac0231aa7783baa662dd787d{\nborder-radius:0px 0px 0px 0px;\npadding:0px 0px 0px 0px;\n}\n<\/style>\n<div  class='flex_column av-19rvvhv-19190d34ac0231aa7783baa662dd787d av_one_third  avia-builder-el-16  el_after_av_one_third  el_before_av_one_third  first flex_column_div av-animated-generic pop-up av-zero-column-padding  column-top-margin'     ><p>\n<style type=\"text\/css\" data-created_by=\"avia_inline_auto\" id=\"style-css-av-kbt6ldq9-02a211f34a042cc9545d20bf2c580669\">\n.av_font_icon.av-kbt6ldq9-02a211f34a042cc9545d20bf2c580669{\ncolor:#ffffff;\nborder-color:#ffffff;\n}\n.avia-svg-icon.av-kbt6ldq9-02a211f34a042cc9545d20bf2c580669 svg:first-child{\nstroke:#ffffff;\nfill:#ffffff;\n}\n.av_font_icon.av-kbt6ldq9-02a211f34a042cc9545d20bf2c580669 .av-icon-char{\nfont-size:160px;\nline-height:160px;\n}\n<\/style>\n<span  class='av_font_icon av-kbt6ldq9-02a211f34a042cc9545d20bf2c580669 avia_animate_when_visible av-icon-style- avia-icon-pos-center avia-iconfont avia-font-fontello avia-icon-animate'><a href='https:\/\/www.144.ch\/fr\/assurance-qualite\/service-de-secours\/'   class='av-icon-char' data-av_icon='\ue81c' data-av_iconfont='fontello' aria-hidden=\"false\" ><\/a><\/span><br \/>\n\n<style type=\"text\/css\" data-created_by=\"avia_inline_auto\" id=\"style-css-av-kb84mcli-8b1fb9d819a325b178a9317da1f53c77\">\n#top .hr.hr-invisible.av-kb84mcli-8b1fb9d819a325b178a9317da1f53c77{\nheight:20px;\n}\n<\/style>\n<div  class='hr av-kb84mcli-8b1fb9d819a325b178a9317da1f53c77 hr-invisible  avia-builder-el-18  el_after_av_font_icon  el_before_av_textblock '><span class='hr-inner '><span class=\"hr-inner-style\"><\/span><\/span><\/div><br \/>\n\n<style type=\"text\/css\" data-created_by=\"avia_inline_auto\" id=\"style-css-av-kbtkgwmv-acfec6d919fc69da1693dd66c87b5189\">\n#top .av_textblock_section.av-kbtkgwmv-acfec6d919fc69da1693dd66c87b5189 .avia_textblock{\nfont-size:20px;\ncolor:#ffffff;\n}\n<\/style>\n<section  class='av_textblock_section av-kbtkgwmv-acfec6d919fc69da1693dd66c87b5189 '  ><div class='avia_textblock av_inherit_color' ><p style=\"text-align: center;\">Service de sauvetage<\/p>\n<\/div><\/section><\/p><\/div>\n<style type=\"text\/css\" data-created_by=\"avia_inline_auto\" id=\"style-css-av-19rvvhv-3126185a1c7e2f66b18302a86544015a\">\n.flex_column.av-19rvvhv-3126185a1c7e2f66b18302a86544015a{\nborder-radius:0px 0px 0px 0px;\npadding:0px 0px 0px 0px;\n}\n<\/style>\n<div  class='flex_column av-19rvvhv-3126185a1c7e2f66b18302a86544015a av_one_third  avia-builder-el-20  el_after_av_one_third  el_before_av_one_third  flex_column_div av-animated-generic pop-up av-zero-column-padding  column-top-margin'     ><p>\n<style type=\"text\/css\" data-created_by=\"avia_inline_auto\" id=\"style-css-av-kbt6ldq9-3d941d7718fae4da58c36ef292a725fe\">\n.av_font_icon.av-kbt6ldq9-3d941d7718fae4da58c36ef292a725fe{\ncolor:#ffffff;\nborder-color:#ffffff;\n}\n.avia-svg-icon.av-kbt6ldq9-3d941d7718fae4da58c36ef292a725fe svg:first-child{\nstroke:#ffffff;\nfill:#ffffff;\n}\n.av_font_icon.av-kbt6ldq9-3d941d7718fae4da58c36ef292a725fe .av-icon-char{\nfont-size:160px;\nline-height:160px;\n}\n<\/style>\n<span  class='av_font_icon av-kbt6ldq9-3d941d7718fae4da58c36ef292a725fe avia_animate_when_visible av-icon-style- avia-icon-pos-center avia-iconfont avia-font-fontello avia-icon-animate'><a href='https:\/\/www.144.ch\/fr\/assurance-qualite\/transportdienst\/'   class='av-icon-char' data-av_icon='\ue81b' data-av_iconfont='fontello' aria-hidden=\"false\" ><\/a><\/span><br \/>\n\n<style type=\"text\/css\" data-created_by=\"avia_inline_auto\" id=\"style-css-av-kb84mcli-8b1fb9d819a325b178a9317da1f53c77\">\n#top .hr.hr-invisible.av-kb84mcli-8b1fb9d819a325b178a9317da1f53c77{\nheight:20px;\n}\n<\/style>\n<div  class='hr av-kb84mcli-8b1fb9d819a325b178a9317da1f53c77 hr-invisible  avia-builder-el-22  el_after_av_font_icon  el_before_av_textblock '><span class='hr-inner '><span class=\"hr-inner-style\"><\/span><\/span><\/div><br \/>\n\n<style type=\"text\/css\" data-created_by=\"avia_inline_auto\" id=\"style-css-av-kbtkgwmv-be8a69f58b5c09a80e1bfaee7cd81422\">\n#top .av_textblock_section.av-kbtkgwmv-be8a69f58b5c09a80e1bfaee7cd81422 .avia_textblock{\nfont-size:20px;\ncolor:#ffffff;\n}\n<\/style>\n<section  class='av_textblock_section av-kbtkgwmv-be8a69f58b5c09a80e1bfaee7cd81422 '  ><div class='avia_textblock av_inherit_color' ><p style=\"text-align: center;\">Transport de patients<\/p>\n<\/div><\/section><\/p><\/div>\n<style type=\"text\/css\" data-created_by=\"avia_inline_auto\" id=\"style-css-av-19rvvhv-3126185a1c7e2f66b18302a86544015a\">\n.flex_column.av-19rvvhv-3126185a1c7e2f66b18302a86544015a{\nborder-radius:0px 0px 0px 0px;\npadding:0px 0px 0px 0px;\n}\n<\/style>\n<div  class='flex_column av-19rvvhv-3126185a1c7e2f66b18302a86544015a av_one_third  avia-builder-el-24  el_after_av_one_third  avia-builder-el-last  flex_column_div av-animated-generic pop-up av-zero-column-padding  column-top-margin'     ><p>\n<style type=\"text\/css\" data-created_by=\"avia_inline_auto\" id=\"style-css-av-kbt6ldq9-afd629fb3a54395c9662d32346507d4f\">\n.av_font_icon.av-kbt6ldq9-afd629fb3a54395c9662d32346507d4f{\ncolor:#ffffff;\nborder-color:#ffffff;\n}\n.avia-svg-icon.av-kbt6ldq9-afd629fb3a54395c9662d32346507d4f svg:first-child{\nstroke:#ffffff;\nfill:#ffffff;\n}\n.av_font_icon.av-kbt6ldq9-afd629fb3a54395c9662d32346507d4f .av-icon-char{\nfont-size:160px;\nline-height:160px;\n}\n<\/style>\n<span  class='av_font_icon av-kbt6ldq9-afd629fb3a54395c9662d32346507d4f avia_animate_when_visible av-icon-style- avia-icon-pos-center avia-iconfont avia-font-fontello avia-icon-animate'><a href='https:\/\/www.144.ch\/fr\/assurance-qualite\/clinique-science\/'   class='av-icon-char' data-av_icon='\ue81d' data-av_iconfont='fontello' aria-hidden=\"false\" ><\/a><\/span><br \/>\n\n<style type=\"text\/css\" data-created_by=\"avia_inline_auto\" id=\"style-css-av-kb84mcli-8b1fb9d819a325b178a9317da1f53c77\">\n#top .hr.hr-invisible.av-kb84mcli-8b1fb9d819a325b178a9317da1f53c77{\nheight:20px;\n}\n<\/style>\n<div  class='hr av-kb84mcli-8b1fb9d819a325b178a9317da1f53c77 hr-invisible  avia-builder-el-26  el_after_av_font_icon  el_before_av_textblock '><span class='hr-inner '><span class=\"hr-inner-style\"><\/span><\/span><\/div><br \/>\n\n<style type=\"text\/css\" data-created_by=\"avia_inline_auto\" id=\"style-css-av-kbtkgwmv-be8a69f58b5c09a80e1bfaee7cd81422\">\n#top .av_textblock_section.av-kbtkgwmv-be8a69f58b5c09a80e1bfaee7cd81422 .avia_textblock{\nfont-size:20px;\ncolor:#ffffff;\n}\n<\/style>\n<section  class='av_textblock_section av-kbtkgwmv-be8a69f58b5c09a80e1bfaee7cd81422 '  ><div class='avia_textblock av_inherit_color' ><p style=\"text-align: center;\">Clinique &amp; Science<\/p>\n<\/div><\/section><\/p><\/div>\n","protected":false},"excerpt":{"rendered":"","protected":false},"author":1,"featured_media":0,"parent":0,"menu_order":16,"comment_status":"closed","ping_status":"closed","template":"","meta":{"_acf_changed":false,"_seopress_robots_primary_cat":"","_seopress_titles_title":"Assurance-qualit\u00e9 au sein de l\u2019interassociation de sauvetage","_seopress_titles_desc":"Exigences de qualit\u00e9 dans les services de secours: l&#039;IAS garantit la qualit\u00e9 de la formation aux premiers secours aux services m\u00e9dicaux d&#039;urgence en passant par le transport des patients.\r\n","_seopress_robots_index":"","footnotes":""},"folder":[],"class_list":["post-18613","page","type-page","status-publish","hentry"],"acf":[],"_links":{"self":[{"href":"https:\/\/www.144.ch\/fr\/wp-json\/wp\/v2\/pages\/18613","targetHints":{"allow":["GET"]}}],"collection":[{"href":"https:\/\/www.144.ch\/fr\/wp-json\/wp\/v2\/pages"}],"about":[{"href":"https:\/\/www.144.ch\/fr\/wp-json\/wp\/v2\/types\/page"}],"author":[{"embeddable":true,"href":"https:\/\/www.144.ch\/fr\/wp-json\/wp\/v2\/users\/1"}],"replies":[{"embeddable":true,"href":"https:\/\/www.144.ch\/fr\/wp-json\/wp\/v2\/comments?post=18613"}],"version-history":[{"count":3,"href":"https:\/\/www.144.ch\/fr\/wp-json\/wp\/v2\/pages\/18613\/revisions"}],"predecessor-version":[{"id":37732,"href":"https:\/\/www.144.ch\/fr\/wp-json\/wp\/v2\/pages\/18613\/revisions\/37732"}],"wp:attachment":[{"href":"https:\/\/www.144.ch\/fr\/wp-json\/wp\/v2\/media?parent=18613"}],"wp:term":[{"taxonomy":"folder","embeddable":true,"href":"https:\/\/www.144.ch\/fr\/wp-json\/wp\/v2\/folder?post=18613"}],"curies":[{"name":"wp","href":"https:\/\/api.w.org\/{rel}","templated":true}]}}