{"id":18420,"date":"2020-08-27T11:46:21","date_gmt":"2020-08-27T09:46:21","guid":{"rendered":"https:\/\/ivr-ias.aretiswebseiten.ch\/mentions-legales\/"},"modified":"2024-02-02T07:36:55","modified_gmt":"2024-02-02T06:36:55","slug":"mentions-legales","status":"publish","type":"page","link":"https:\/\/www.144.ch\/fr\/mentions-legales\/","title":{"rendered":"Mentions l\u00e9gales"},"content":{"rendered":"<div id='av_section_1'  class='avia-section av-q5lck3-30b414b2a230d5dc8a65aee36816fa14 main_color avia-section-huge avia-no-border-styling  avia-builder-el-0  avia-builder-el-no-sibling  avia-bg-style-scroll container_wrap fullsize'  ><div class='container av-section-cont-open' ><main  class='template-page content  av-content-full alpha units'><div class='post-entry post-entry-type-page post-entry-18420'><div class='entry-content-wrapper clearfix'>\n\n<style type=\"text\/css\" data-created_by=\"avia_inline_auto\" id=\"style-css-av-kews5j94-1c2b6d6ed87eabfff3c48dcc3f3270e6\">\n#top .av-special-heading.av-kews5j94-1c2b6d6ed87eabfff3c48dcc3f3270e6{\npadding-bottom:10px;\n}\nbody .av-special-heading.av-kews5j94-1c2b6d6ed87eabfff3c48dcc3f3270e6 .av-special-heading-tag .heading-char{\nfont-size:25px;\n}\n.av-special-heading.av-kews5j94-1c2b6d6ed87eabfff3c48dcc3f3270e6 .av-subheading{\nfont-size:15px;\n}\n<\/style>\n<div  class='av-special-heading av-kews5j94-1c2b6d6ed87eabfff3c48dcc3f3270e6 av-special-heading-h2 blockquote modern-quote modern-centered  avia-builder-el-1  el_before_av_hr  avia-builder-el-first '><h2 class='av-special-heading-tag '  >Mentions l\u00e9gales <\/h2><div class=\"special-heading-border\"><div class=\"special-heading-inner-border\"><\/div><\/div><\/div>\n\n<style type=\"text\/css\" data-created_by=\"avia_inline_auto\" id=\"style-css-av-kb6hhq2e-3ad4693bcbc63eca39c7d08d0802742b\">\n#top .hr.av-kb6hhq2e-3ad4693bcbc63eca39c7d08d0802742b{\nmargin-top:30px;\nmargin-bottom:30px;\n}\n.hr.av-kb6hhq2e-3ad4693bcbc63eca39c7d08d0802742b .hr-inner{\nwidth:100px;\nborder-color:#0e0e0e;\nmax-width:45%;\n}\n.hr.av-kb6hhq2e-3ad4693bcbc63eca39c7d08d0802742b .av-seperator-icon{\ncolor:#0e0e0e;\n}\n.hr.av-kb6hhq2e-3ad4693bcbc63eca39c7d08d0802742b .av-seperator-icon.avia-svg-icon svg:first-child{\nfill:#0e0e0e;\nstroke:#0e0e0e;\n}\n<\/style>\n<div  class='hr av-kb6hhq2e-3ad4693bcbc63eca39c7d08d0802742b hr-custom  avia-builder-el-2  el_after_av_heading  el_before_av_one_half  hr-center hr-icon-yes'><span class='hr-inner inner-border-av-border-fat'><span class=\"hr-inner-style\"><\/span><\/span><span class='av-seperator-icon avia-iconfont avia-font-fontello' data-av_icon='\ue809' data-av_iconfont='fontello' ><\/span><span class='hr-inner inner-border-av-border-fat'><span class=\"hr-inner-style\"><\/span><\/span><\/div>\n\n<style type=\"text\/css\" data-created_by=\"avia_inline_auto\" id=\"style-css-av-kb6wq2hy-d61931e081426d3da9bd0527f7d391ca\">\n#top .flex_column.av-kb6wq2hy-d61931e081426d3da9bd0527f7d391ca{\nmargin-top:30px;\nmargin-bottom:0px;\n}\n.flex_column.av-kb6wq2hy-d61931e081426d3da9bd0527f7d391ca{\nborder-radius:0px 0px 0px 0px;\npadding:0px 0px 0px 0px;\n}\n.responsive #top #wrap_all .flex_column.av-kb6wq2hy-d61931e081426d3da9bd0527f7d391ca{\nmargin-top:30px;\nmargin-bottom:0px;\n}\n<\/style>\n<div  class='flex_column av-kb6wq2hy-d61931e081426d3da9bd0527f7d391ca av_one_half  avia-builder-el-3  el_after_av_hr  el_before_av_one_half  first flex_column_div av-animated-generic left-to-right av-zero-column-padding  '     ><section  class='av_textblock_section av-kbe0m10p-ed4e92d4ebcf81f77b6a977416bec706 '  ><div class='avia_textblock' ><h4>Responsable du contenu du site<\/h4>\n<p><strong>Interassociation pour les services de secours<\/strong><\/p>\n<p>Bahnhofsrasse 55<br \/>\n5000 Aarau<\/p>\n<p>T\u00e9l. 031 320 11 44<\/p>\n<p>E-mail: <a href=\"mailto:info@ivr-ias.ch\">info[at]ivr-ias.ch<\/a><\/p>\n<hr \/>\n<h4>R\u00e9alisation Web<\/h4>\n<p>Conseil, conception technique, conception, programmation et h\u00e9bergement de ce site:<\/p>\n<p><strong>Agence de pub.<\/strong><br \/>\naretis\u00ae<br \/>\nMorgartenstrasse 6<br \/>\n<a href=\"https:\/\/www.aretis.ch\/leistungen\/webdesign-zuerich\/\">8004 Zurich<\/a><\/p>\n<\/div><\/section><\/div>\n<style type=\"text\/css\" data-created_by=\"avia_inline_auto\" id=\"style-css-av-kb6wq2hy-cb903e7df74b1561de769b6326d86dc0\">\n#top .flex_column.av-kb6wq2hy-cb903e7df74b1561de769b6326d86dc0{\nmargin-top:30px;\nmargin-bottom:0px;\n}\n.flex_column.av-kb6wq2hy-cb903e7df74b1561de769b6326d86dc0{\nborder-radius:0px 0px 0px 0px;\npadding:0px 0px 0px 0px;\n}\n.responsive #top #wrap_all .flex_column.av-kb6wq2hy-cb903e7df74b1561de769b6326d86dc0{\nmargin-top:30px;\nmargin-bottom:0px;\n}\n<\/style>\n<div  class='flex_column av-kb6wq2hy-cb903e7df74b1561de769b6326d86dc0 av_one_half  avia-builder-el-5  el_after_av_one_half  avia-builder-el-last  flex_column_div av-animated-generic left-to-right av-zero-column-padding  '     ><section  class='av_textblock_section av-kcdpks2k-6a3028690415b30ddb5a4ef5f4e7f4a1 '  ><div class='avia_textblock' ><h4>Exclusion de responsabilit\u00e9<\/h4>\n<p>L&rsquo;auteur n&rsquo;assume aucune responsabilit\u00e9 quant \u00e0 l&rsquo;exactitude, l&rsquo;exactitude, l&rsquo;actualit\u00e9, la fiabilit\u00e9 et l&rsquo;exhaustivit\u00e9 des informations.<\/p>\n<p>Les r\u00e9clamations en responsabilit\u00e9 contre l&rsquo;auteur pour des dommages mat\u00e9riels ou immat\u00e9riels r\u00e9sultant de l&rsquo;acc\u00e8s, de l&rsquo;utilisation ou de la non-utilisation des informations publi\u00e9es, d&rsquo;une mauvaise utilisation de la connexion ou de dysfonctionnements techniques sont exclues.<\/p>\n<p>Toutes les offres sont sans engagement. L&rsquo;auteur se r\u00e9serve express\u00e9ment le droit de modifier, d&rsquo;ajouter ou de supprimer des parties des pages ou l&rsquo;ensemble de l&rsquo;offre ou de cesser la publication temporairement ou d\u00e9finitivement sans pr\u00e9avis.<\/p>\n<hr \/>\n<h4>Responsabilit\u00e9 pour les liens<\/h4>\n<p>Les r\u00e9f\u00e9rences et les liens vers des sites Web tiers ne rel\u00e8vent pas de notre responsabilit\u00e9. Nous rejetons toute responsabilit\u00e9 pour ces sites Web.<\/p>\n<hr \/>\n<h4>L&rsquo;acc\u00e8s et l&rsquo;utilisation de ces sites Web se font aux risques et p\u00e9rils de l&rsquo;utilisateur.<\/h4>\n<p>Droits d\u2019auteur Les droits d&rsquo;auteur et tous les autres droits sur le contenu, les images, les photos ou autres fichiers du site Web appartiennent exclusivement \u00e0 l&rsquo;Interassociation ou aux titulaires de droits sp\u00e9cifiquement nomm\u00e9s.<\/p>\n<hr \/>\n<h4>Le consentement \u00e9crit du titulaire du droit d&rsquo;auteur doit \u00eatre obtenu au pr\u00e9alable pour la reproduction de tout \u00e9l\u00e9ment.<\/h4>\n<p>Protection des donn\u00e9es<\/p>\n<\/div><\/section><\/div>\n","protected":false},"excerpt":{"rendered":"","protected":false},"author":1,"featured_media":0,"parent":0,"menu_order":0,"comment_status":"closed","ping_status":"closed","template":"","meta":{"_acf_changed":false,"_seopress_robots_primary_cat":"","_seopress_titles_title":"Mentions l\u00e9gales - Interassociation pour les services de secours","_seopress_titles_desc":"Mentions l\u00e9gales de l\u2019Interassociation - Responsable du contenu du site Web: L&#039;auteur n&#039;assume aucune responsabilit\u00e9 quant \u00e0 l&#039;exactitude, l&#039;exactitude ou l&#039;actualit\u00e9 des informations.","_seopress_robots_index":"","footnotes":""},"folder":[],"class_list":["post-18420","page","type-page","status-publish","hentry"],"acf":[],"_links":{"self":[{"href":"https:\/\/www.144.ch\/fr\/wp-json\/wp\/v2\/pages\/18420","targetHints":{"allow":["GET"]}}],"collection":[{"href":"https:\/\/www.144.ch\/fr\/wp-json\/wp\/v2\/pages"}],"about":[{"href":"https:\/\/www.144.ch\/fr\/wp-json\/wp\/v2\/types\/page"}],"author":[{"embeddable":true,"href":"https:\/\/www.144.ch\/fr\/wp-json\/wp\/v2\/users\/1"}],"replies":[{"embeddable":true,"href":"https:\/\/www.144.ch\/fr\/wp-json\/wp\/v2\/comments?post=18420"}],"version-history":[{"count":1,"href":"https:\/\/www.144.ch\/fr\/wp-json\/wp\/v2\/pages\/18420\/revisions"}],"predecessor-version":[{"id":38741,"href":"https:\/\/www.144.ch\/fr\/wp-json\/wp\/v2\/pages\/18420\/revisions\/38741"}],"wp:attachment":[{"href":"https:\/\/www.144.ch\/fr\/wp-json\/wp\/v2\/media?parent=18420"}],"wp:term":[{"taxonomy":"folder","embeddable":true,"href":"https:\/\/www.144.ch\/fr\/wp-json\/wp\/v2\/folder?post=18420"}],"curies":[{"name":"wp","href":"https:\/\/api.w.org\/{rel}","templated":true}]}}